{"id":677,"date":"2020-11-10T09:52:38","date_gmt":"2020-11-10T08:52:38","guid":{"rendered":"http:\/\/maaon.free.fr\/site\/?page_id=677"},"modified":"2022-04-29T08:51:43","modified_gmt":"2022-04-29T07:51:43","slug":"vues-3d","status":"publish","type":"page","link":"https:\/\/meca05.fr\/edu\/cao\/vues-3d\/","title":{"rendered":"vues 3d"},"content":{"rendered":"<table width=\"100%\" cellspacing=\"0\" cellpadding=\"4\">\n<tbody>\n<tr valign=\"top\">\n<td width=\"33%\">\n<h3 class=\"western\" style=\"text-align: center;\" align=\"center\"><span>V\u00e9hicule Particulier<\/span><\/h3>\n<\/td>\n<td width=\"33%\">\n<h3 class=\"western\" style=\"text-align: center;\" align=\"center\"><span>V\u00e9hicule du Transport Routier<\/span><\/h3>\n<\/td>\n<td width=\"33%\">\n<h3 class=\"western\" style=\"text-align: center;\" align=\"center\"><span>Divers<\/span><\/h3>\n<\/td>\n<\/tr>\n<tr valign=\"top\">\n<td width=\"33%\">\n<p style=\"text-align: center;\" align=\"center\"><a class=\"fasc-button fasc-size-medium fasc-type-popout fasc-rounded-medium fasc-style-bold\" style=\"background-color: #ffcf47; color: #000000;\" href=\"https:\/\/meca05.fr\/edu\/cao\/vues-3d\/3d-attelage-remorque-3d\/\">Attelage de remorque<\/a><\/p>\n<p style=\"text-align: center;\" align=\"center\"><a class=\"fasc-button fasc-size-medium fasc-type-popout fasc-rounded-medium fasc-style-bold\" style=\"background-color: #ffcf47; color: #000000;\" href=\"https:\/\/meca05.fr\/edu\/cao\/vues-3d\/demi-train-avant_3d\/\">\u00bd train avant Mercedes classe C<\/a><\/p>\n<p style=\"text-align: center;\" align=\"center\"><a class=\"fasc-button fasc-size-medium fasc-type-popout fasc-rounded-medium fasc-style-bold\" style=\"background-color: #ffcf47; color: #000000;\">Essuie glace de Renault Scenic<\/a><\/p>\n<p style=\"text-align: center;\" align=\"center\"><a class=\"fasc-button fasc-size-medium fasc-type-popout fasc-rounded-medium fasc-style-bold\" style=\"background-color: #ffcf47; color: #000000;\" href=\"https:\/\/meca05.fr\/edu\/cao\/vues-3d\/suspension-twizy-2_3d\/\">Suspension arri\u00e8re Renault Twizy<\/a><\/p>\n<p style=\"text-align: center;\" align=\"center\"><a href=\"https:\/\/meca05.fr\/edu\/cao\/vues-3d\/suspension-twizy-2_3d\/\"><\/a><a class=\"fasc-button fasc-size-medium fasc-type-popout fasc-rounded-medium fasc-style-bold\" style=\"background-color: #ffcf47; color: #000000;\" href=\"https:\/\/meca05.fr\/edu\/cao\/vues-3d\/turbo-golf_3d\/\">Turbo Golf GTI V<\/a><\/p>\n<p style=\"text-align: center;\" align=\"center\"><a class=\"fasc-button fasc-size-medium fasc-type-popout fasc-rounded-medium fasc-style-bold\" style=\"background-color: #ffcf47; color: #000000;\" href=\"https:\/\/meca05.fr\/edu\/cao\/vues-3d\/compresseur-clim_3d\/\">Compresseur de climatisation<\/a><\/p>\n<p style=\"text-align: center;\" align=\"center\"><a class=\"fasc-button fasc-size-medium fasc-type-popout fasc-rounded-medium fasc-style-bold\" style=\"background-color: #ffcf47; color: #000000;\" href=\"https:\/\/meca05.fr\/edu\/cao\/vues-3d\/direction-cremaillere-laguna_3d\/\">Cr\u00e9maill\u00e8re de direction Renault Laguna<\/a><\/p>\n<p style=\"text-align: center;\" align=\"center\"><a class=\"fasc-button fasc-size-medium fasc-type-popout fasc-rounded-medium fasc-style-bold\" style=\"background-color: #ffcf47; color: #000000;\" href=\"https:\/\/meca05.fr\/edu\/cao\/vues-3d\/cremaillere_laguna-eclate-3d\/\">Cr\u00e9maill\u00e8re de direction Renault Laguna \u00e9clat\u00e9e<\/a><\/p>\n<p style=\"text-align: center;\" align=\"center\"><a class=\"fasc-button fasc-size-medium fasc-type-popout fasc-rounded-medium fasc-style-bold\" style=\"background-color: #ffcf47; color: #000000;\" href=\"https:\/\/meca05.fr\/edu\/cao\/vues-3d\/pompe_essence_levier-3d\/\">Pompe \u00e0 essence \u00e0 levier<\/a><\/p>\n<p style=\"text-align: center;\" align=\"center\"><a class=\"fasc-button fasc-size-medium fasc-type-popout fasc-rounded-medium fasc-style-bold\" style=\"background-color: #ffcf47; color: #000000;\" href=\"https:\/\/meca05.fr\/edu\/cao\/vues-3d\/pompe-a-essence-a-levier-3d-sous-ensembles\/\">Pompe \u00e0 essence \u00e0 levier (S.E.)<\/a><\/p>\n<p style=\"text-align: center;\" align=\"center\"><a class=\"fasc-button fasc-size-medium fasc-type-popout fasc-rounded-medium fasc-style-bold\" style=\"background-color: #ffcf47; color: #000000;\" href=\"https:\/\/meca05.fr\/edu\/cao\/vues-3d\/leve-vitre-kangoo_3d\/\">L\u00e8ve vitre Kangoo<\/a><\/p>\n<p align=\"center\">\n<\/td>\n<td width=\"33%\">\n<p style=\"text-align: center;\" align=\"center\"><a class=\"fasc-button fasc-size-medium fasc-type-popout fasc-rounded-medium fasc-style-bold\" style=\"background-color: #6ecb22; color: #000000;\" href=\"https:\/\/meca05.fr\/edu\/cao\/vues-3d\/compresseur_3d\/\">Compresseur<\/a><\/p>\n<p style=\"text-align: center;\" align=\"center\"><a class=\"fasc-button fasc-size-medium fasc-type-popout fasc-rounded-medium fasc-style-bold\" style=\"background-color: #6ecb22; color: #000000;\" href=\"https:\/\/meca05.fr\/edu\/cao\/vues-3d\/compresseur-vue-en-coupe\/\">Compresseur en coupe<\/a><\/p>\n<p style=\"text-align: center;\" align=\"center\"><a class=\"fasc-button fasc-size-medium fasc-type-popout fasc-rounded-medium fasc-style-bold\" style=\"background-color: #6ecb22; color: #000000;\" href=\"https:\/\/meca05.fr\/edu\/cao\/vues-3d\/verin-cht-gamme_3d\/\">V\u00e9rin de changement de gamme<\/a><\/p>\n<p style=\"text-align: center;\" align=\"center\"><a class=\"fasc-button fasc-size-medium fasc-type-popout fasc-rounded-medium fasc-style-bold\" style=\"background-color: #6ecb22; color: #000000;\" href=\"https:\/\/meca05.fr\/edu\/cao\/vues-3d\/ralentis-echap_3d\/\">Ralentisseur sur \u00e9chappement<\/a><\/p>\n<p style=\"text-align: center;\" align=\"center\"><a class=\"fasc-button fasc-size-medium fasc-type-popout fasc-rounded-medium fasc-style-bold\" style=\"background-color: #6ecb22; color: #000000;\" href=\"https:\/\/meca05.fr\/edu\/cao\/vues-3d\/ralentis-echap_3d\/raccord-3d\/\">Ralentisseur sur \u00e9chappement : raccord<\/a><\/p>\n<p style=\"text-align: center;\" align=\"center\">\n<\/td>\n<td width=\"33%\">\n<p style=\"text-align: center;\" align=\"center\"><a class=\"fasc-button fasc-size-medium fasc-type-popout fasc-rounded-medium fasc-style-bold\" style=\"background-color: #007abe; color: #ffffff;\" href=\"https:\/\/meca05.fr\/edu\/cao\/vues-3d\/treuil-goliath-3d\/\">Treuil Goliath<\/a><\/p>\n<p style=\"text-align: center;\" align=\"center\"><a class=\"fasc-button fasc-size-medium fasc-type-popout fasc-rounded-medium fasc-style-bold\" style=\"background-color: #007abe; color: #ffffff;\" href=\"https:\/\/meca05.fr\/edu\/cao\/vues-3d\/chargeur-caterpillar-3d\/\">Chargeur Caterpillar T530<\/a><\/p>\n<p style=\"text-align: center;\" align=\"center\"><a class=\"fasc-button fasc-size-medium fasc-type-popout fasc-rounded-medium fasc-style-bold\" style=\"background-color: #007abe; color: #ffffff;\" href=\"https:\/\/meca05.fr\/edu\/cao\/vues-3d\/fourche-honda-85cr\/\">Fourche moto Honda 85CR<\/a><\/p>\n<\/td>\n<\/tr>\n<\/tbody>\n<\/table>\n","protected":false},"excerpt":{"rendered":"<p>V\u00e9hicule Particulier V\u00e9hicule du Transport Routier Divers Attelage de remorque \u00bd train avant Mercedes classe C Essuie glace de Renault Scenic Suspension arri\u00e8re Renault Twizy Turbo Golf GTI V Compresseur<\/p>\n","protected":false},"author":6,"featured_media":0,"parent":705,"menu_order":0,"comment_status":"closed","ping_status":"closed","template":"","meta":{"footnotes":""},"class_list":{"1":"page","2":"type-page","3":"status-publish","4":"hentry"},"yoast_head":"<!-- This site is optimized with the Yoast SEO plugin v27.1.1 - https:\/\/yoast.com\/product\/yoast-seo-wordpress\/ -->\n<title>vues 3d - Construction M\u00e9canique<\/title>\n<meta name=\"robots\" content=\"index, follow, max-snippet:-1, max-image-preview:large, max-video-preview:-1\" \/>\n<link rel=\"canonical\" href=\"https:\/\/meca05.fr\/edu\/cao\/vues-3d\/\" \/>\n<meta property=\"og:locale\" content=\"fr_FR\" \/>\n<meta property=\"og:type\" content=\"article\" \/>\n<meta property=\"og:title\" content=\"vues 3d - Construction M\u00e9canique\" \/>\n<meta property=\"og:description\" content=\"V\u00e9hicule Particulier V\u00e9hicule du Transport Routier Divers Attelage de remorque \u00bd train avant Mercedes classe C Essuie glace de Renault Scenic Suspension arri\u00e8re Renault Twizy Turbo Golf GTI V Compresseur\" \/>\n<meta property=\"og:url\" content=\"https:\/\/meca05.fr\/edu\/cao\/vues-3d\/\" \/>\n<meta property=\"og:site_name\" content=\"Construction M\u00e9canique\" \/>\n<meta property=\"article:modified_time\" content=\"2022-04-29T07:51:43+00:00\" \/>\n<meta name=\"twitter:label1\" content=\"Dur\u00e9e de lecture estim\u00e9e\" \/>\n\t<meta name=\"twitter:data1\" content=\"1 minute\" \/>\n<script type=\"application\/ld+json\" class=\"yoast-schema-graph\">{\"@context\":\"https:\/\/schema.org\",\"@graph\":[{\"@type\":\"WebPage\",\"@id\":\"https:\/\/meca05.fr\/edu\/cao\/vues-3d\/\",\"url\":\"https:\/\/meca05.fr\/edu\/cao\/vues-3d\/\",\"name\":\"vues 3d - Construction M\u00e9canique\",\"isPartOf\":{\"@id\":\"https:\/\/meca05.fr\/edu\/#website\"},\"datePublished\":\"2020-11-10T08:52:38+00:00\",\"dateModified\":\"2022-04-29T07:51:43+00:00\",\"breadcrumb\":{\"@id\":\"https:\/\/meca05.fr\/edu\/cao\/vues-3d\/#breadcrumb\"},\"inLanguage\":\"fr-FR\",\"potentialAction\":[{\"@type\":\"ReadAction\",\"target\":[\"https:\/\/meca05.fr\/edu\/cao\/vues-3d\/\"]}]},{\"@type\":\"BreadcrumbList\",\"@id\":\"https:\/\/meca05.fr\/edu\/cao\/vues-3d\/#breadcrumb\",\"itemListElement\":[{\"@type\":\"ListItem\",\"position\":1,\"name\":\"CAO\",\"item\":\"https:\/\/meca05.fr\/edu\/cao\/\"},{\"@type\":\"ListItem\",\"position\":2,\"name\":\"vues 3d\"}]},{\"@type\":\"WebSite\",\"@id\":\"https:\/\/meca05.fr\/edu\/#website\",\"url\":\"https:\/\/meca05.fr\/edu\/\",\"name\":\"Construction M\u00e9canique\",\"description\":\"Cours, exercices, mod\u00e8les 3d et bien plus...\",\"potentialAction\":[{\"@type\":\"SearchAction\",\"target\":{\"@type\":\"EntryPoint\",\"urlTemplate\":\"https:\/\/meca05.fr\/edu\/?s={search_term_string}\"},\"query-input\":{\"@type\":\"PropertyValueSpecification\",\"valueRequired\":true,\"valueName\":\"search_term_string\"}}],\"inLanguage\":\"fr-FR\"}]}<\/script>\n<!-- \/ Yoast SEO plugin. -->","yoast_head_json":{"title":"vues 3d - Construction M\u00e9canique","robots":{"index":"index","follow":"follow","max-snippet":"max-snippet:-1","max-image-preview":"max-image-preview:large","max-video-preview":"max-video-preview:-1"},"canonical":"https:\/\/meca05.fr\/edu\/cao\/vues-3d\/","og_locale":"fr_FR","og_type":"article","og_title":"vues 3d - Construction M\u00e9canique","og_description":"V\u00e9hicule Particulier V\u00e9hicule du Transport Routier Divers Attelage de remorque \u00bd train avant Mercedes classe C Essuie glace de Renault Scenic Suspension arri\u00e8re Renault Twizy Turbo Golf GTI V Compresseur","og_url":"https:\/\/meca05.fr\/edu\/cao\/vues-3d\/","og_site_name":"Construction M\u00e9canique","article_modified_time":"2022-04-29T07:51:43+00:00","twitter_misc":{"Dur\u00e9e de lecture estim\u00e9e":"1 minute"},"schema":{"@context":"https:\/\/schema.org","@graph":[{"@type":"WebPage","@id":"https:\/\/meca05.fr\/edu\/cao\/vues-3d\/","url":"https:\/\/meca05.fr\/edu\/cao\/vues-3d\/","name":"vues 3d - Construction M\u00e9canique","isPartOf":{"@id":"https:\/\/meca05.fr\/edu\/#website"},"datePublished":"2020-11-10T08:52:38+00:00","dateModified":"2022-04-29T07:51:43+00:00","breadcrumb":{"@id":"https:\/\/meca05.fr\/edu\/cao\/vues-3d\/#breadcrumb"},"inLanguage":"fr-FR","potentialAction":[{"@type":"ReadAction","target":["https:\/\/meca05.fr\/edu\/cao\/vues-3d\/"]}]},{"@type":"BreadcrumbList","@id":"https:\/\/meca05.fr\/edu\/cao\/vues-3d\/#breadcrumb","itemListElement":[{"@type":"ListItem","position":1,"name":"CAO","item":"https:\/\/meca05.fr\/edu\/cao\/"},{"@type":"ListItem","position":2,"name":"vues 3d"}]},{"@type":"WebSite","@id":"https:\/\/meca05.fr\/edu\/#website","url":"https:\/\/meca05.fr\/edu\/","name":"Construction M\u00e9canique","description":"Cours, exercices, mod\u00e8les 3d et bien plus...","potentialAction":[{"@type":"SearchAction","target":{"@type":"EntryPoint","urlTemplate":"https:\/\/meca05.fr\/edu\/?s={search_term_string}"},"query-input":{"@type":"PropertyValueSpecification","valueRequired":true,"valueName":"search_term_string"}}],"inLanguage":"fr-FR"}]}},"_links":{"self":[{"href":"https:\/\/meca05.fr\/edu\/wp-json\/wp\/v2\/pages\/677","targetHints":{"allow":["GET"]}}],"collection":[{"href":"https:\/\/meca05.fr\/edu\/wp-json\/wp\/v2\/pages"}],"about":[{"href":"https:\/\/meca05.fr\/edu\/wp-json\/wp\/v2\/types\/page"}],"author":[{"embeddable":true,"href":"https:\/\/meca05.fr\/edu\/wp-json\/wp\/v2\/users\/6"}],"replies":[{"embeddable":true,"href":"https:\/\/meca05.fr\/edu\/wp-json\/wp\/v2\/comments?post=677"}],"version-history":[{"count":16,"href":"https:\/\/meca05.fr\/edu\/wp-json\/wp\/v2\/pages\/677\/revisions"}],"predecessor-version":[{"id":3069,"href":"https:\/\/meca05.fr\/edu\/wp-json\/wp\/v2\/pages\/677\/revisions\/3069"}],"up":[{"embeddable":true,"href":"https:\/\/meca05.fr\/edu\/wp-json\/wp\/v2\/pages\/705"}],"wp:attachment":[{"href":"https:\/\/meca05.fr\/edu\/wp-json\/wp\/v2\/media?parent=677"}],"curies":[{"name":"wp","href":"https:\/\/api.w.org\/{rel}","templated":true}]}}