{"id":640,"date":"2020-11-08T13:46:04","date_gmt":"2020-11-08T12:46:04","guid":{"rendered":"http:\/\/maaon.free.fr\/site\/?page_id=640"},"modified":"2024-04-18T14:13:11","modified_gmt":"2024-04-18T13:13:11","slug":"quiz-modelisation-des-mecanismes-1","status":"publish","type":"page","link":"https:\/\/meca05.fr\/edu\/quizz\/1ere-bac-pro\/modelisation-des-mecanismes\/quiz-modelisation-des-mecanismes-1\/","title":{"rendered":"Mod\u00e9lisation des m\u00e9canismes 1"},"content":{"rendered":"<p style=\"text-align: center;\"><a class=\"fasc-button fasc-size-medium fasc-type-popout fasc-rounded-medium fasc-ico-before dashicons-id fasc-style-bold\" target=\"_blank\" style=\"background-color: #ffcf47; color: #000000;\" rel=\"noopener\" href=\"https:\/\/meca05.fr\/edu\/quizz\/1ere-bac-pro\/modelisation-des-mecanismes\/quiz-modelisation-des-mecanismes-1\/partie-1\/\">Partie 1<\/a><span> &nbsp;&nbsp;&nbsp;&nbsp;&nbsp; <a class=\"fasc-button fasc-size-medium fasc-type-popout fasc-rounded-medium fasc-ico-before dashicons-id fasc-style-bold\" target=\"_blank\" style=\"background-color: #ffcf47; color: #000000;\" rel=\"noopener\" href=\"https:\/\/meca05.fr\/edu\/quizz\/1ere-bac-pro\/modelisation-des-mecanismes\/quiz-modelisation-des-mecanismes-1\/partie-2\/\">Partie 2<\/a><span> &nbsp;&nbsp;&nbsp;&nbsp;&nbsp; <a class=\"fasc-button fasc-size-medium fasc-type-popout fasc-rounded-medium fasc-ico-before dashicons-id fasc-style-bold\" target=\"_blank\" style=\"background-color: #ffcf47; color: #000000;\" rel=\"noopener\" href=\"https:\/\/meca05.fr\/edu\/quizz\/1ere-bac-pro\/modelisation-des-mecanismes\/quiz-modelisation-des-mecanismes-1\/partie-3\/\">Partie 3<\/a><\/span><\/span><\/p>\n","protected":false},"excerpt":{"rendered":"<p>Partie 1 &nbsp;&nbsp;&nbsp;&nbsp;&nbsp; Partie 2 &nbsp;&nbsp;&nbsp;&nbsp;&nbsp; Partie 3<\/p>\n","protected":false},"author":6,"featured_media":0,"parent":646,"menu_order":0,"comment_status":"closed","ping_status":"closed","template":"","meta":{"footnotes":""},"class_list":{"1":"page","2":"type-page","3":"status-publish","4":"hentry"},"yoast_head":"<!-- This site is optimized with the Yoast SEO plugin v27.1.1 - https:\/\/yoast.com\/product\/yoast-seo-wordpress\/ -->\n<title>Mod\u00e9lisation des m\u00e9canismes 1 - Construction M\u00e9canique<\/title>\n<meta name=\"robots\" content=\"index, follow, max-snippet:-1, max-image-preview:large, max-video-preview:-1\" \/>\n<link rel=\"canonical\" href=\"https:\/\/meca05.fr\/edu\/quizz\/1ere-bac-pro\/modelisation-des-mecanismes\/quiz-modelisation-des-mecanismes-1\/\" \/>\n<meta property=\"og:locale\" content=\"fr_FR\" \/>\n<meta property=\"og:type\" content=\"article\" \/>\n<meta property=\"og:title\" content=\"Mod\u00e9lisation des m\u00e9canismes 1 - Construction M\u00e9canique\" \/>\n<meta property=\"og:description\" content=\"Partie 1 &nbsp;&nbsp;&nbsp;&nbsp;&nbsp; Partie 2 &nbsp;&nbsp;&nbsp;&nbsp;&nbsp; Partie 3\" \/>\n<meta property=\"og:url\" content=\"https:\/\/meca05.fr\/edu\/quizz\/1ere-bac-pro\/modelisation-des-mecanismes\/quiz-modelisation-des-mecanismes-1\/\" \/>\n<meta property=\"og:site_name\" content=\"Construction M\u00e9canique\" \/>\n<meta property=\"article:modified_time\" content=\"2024-04-18T13:13:11+00:00\" \/>\n<meta name=\"twitter:label1\" content=\"Dur\u00e9e de lecture estim\u00e9e\" \/>\n\t<meta name=\"twitter:data1\" content=\"1 minute\" \/>\n<script type=\"application\/ld+json\" class=\"yoast-schema-graph\">{\"@context\":\"https:\/\/schema.org\",\"@graph\":[{\"@type\":\"WebPage\",\"@id\":\"https:\/\/meca05.fr\/edu\/quizz\/1ere-bac-pro\/modelisation-des-mecanismes\/quiz-modelisation-des-mecanismes-1\/\",\"url\":\"https:\/\/meca05.fr\/edu\/quizz\/1ere-bac-pro\/modelisation-des-mecanismes\/quiz-modelisation-des-mecanismes-1\/\",\"name\":\"Mod\u00e9lisation des m\u00e9canismes 1 - Construction M\u00e9canique\",\"isPartOf\":{\"@id\":\"https:\/\/meca05.fr\/edu\/#website\"},\"datePublished\":\"2020-11-08T12:46:04+00:00\",\"dateModified\":\"2024-04-18T13:13:11+00:00\",\"breadcrumb\":{\"@id\":\"https:\/\/meca05.fr\/edu\/quizz\/1ere-bac-pro\/modelisation-des-mecanismes\/quiz-modelisation-des-mecanismes-1\/#breadcrumb\"},\"inLanguage\":\"fr-FR\",\"potentialAction\":[{\"@type\":\"ReadAction\",\"target\":[\"https:\/\/meca05.fr\/edu\/quizz\/1ere-bac-pro\/modelisation-des-mecanismes\/quiz-modelisation-des-mecanismes-1\/\"]}]},{\"@type\":\"BreadcrumbList\",\"@id\":\"https:\/\/meca05.fr\/edu\/quizz\/1ere-bac-pro\/modelisation-des-mecanismes\/quiz-modelisation-des-mecanismes-1\/#breadcrumb\",\"itemListElement\":[{\"@type\":\"ListItem\",\"position\":1,\"name\":\"quiz\",\"item\":\"https:\/\/meca05.fr\/edu\/quizz\/\"},{\"@type\":\"ListItem\",\"position\":2,\"name\":\"1\u00e8re Bac Pro\",\"item\":\"https:\/\/meca05.fr\/edu\/quizz\/1ere-bac-pro\/\"},{\"@type\":\"ListItem\",\"position\":3,\"name\":\"Mod\u00e9lisation des m\u00e9canismes\",\"item\":\"https:\/\/meca05.fr\/edu\/quizz\/1ere-bac-pro\/modelisation-des-mecanismes\/\"},{\"@type\":\"ListItem\",\"position\":4,\"name\":\"Mod\u00e9lisation des m\u00e9canismes 1\"}]},{\"@type\":\"WebSite\",\"@id\":\"https:\/\/meca05.fr\/edu\/#website\",\"url\":\"https:\/\/meca05.fr\/edu\/\",\"name\":\"Construction M\u00e9canique\",\"description\":\"Cours, exercices, mod\u00e8les 3d et bien plus...\",\"potentialAction\":[{\"@type\":\"SearchAction\",\"target\":{\"@type\":\"EntryPoint\",\"urlTemplate\":\"https:\/\/meca05.fr\/edu\/?s={search_term_string}\"},\"query-input\":{\"@type\":\"PropertyValueSpecification\",\"valueRequired\":true,\"valueName\":\"search_term_string\"}}],\"inLanguage\":\"fr-FR\"}]}<\/script>\n<!-- \/ Yoast SEO plugin. -->","yoast_head_json":{"title":"Mod\u00e9lisation des m\u00e9canismes 1 - Construction M\u00e9canique","robots":{"index":"index","follow":"follow","max-snippet":"max-snippet:-1","max-image-preview":"max-image-preview:large","max-video-preview":"max-video-preview:-1"},"canonical":"https:\/\/meca05.fr\/edu\/quizz\/1ere-bac-pro\/modelisation-des-mecanismes\/quiz-modelisation-des-mecanismes-1\/","og_locale":"fr_FR","og_type":"article","og_title":"Mod\u00e9lisation des m\u00e9canismes 1 - Construction M\u00e9canique","og_description":"Partie 1 &nbsp;&nbsp;&nbsp;&nbsp;&nbsp; Partie 2 &nbsp;&nbsp;&nbsp;&nbsp;&nbsp; Partie 3","og_url":"https:\/\/meca05.fr\/edu\/quizz\/1ere-bac-pro\/modelisation-des-mecanismes\/quiz-modelisation-des-mecanismes-1\/","og_site_name":"Construction M\u00e9canique","article_modified_time":"2024-04-18T13:13:11+00:00","twitter_misc":{"Dur\u00e9e de lecture estim\u00e9e":"1 minute"},"schema":{"@context":"https:\/\/schema.org","@graph":[{"@type":"WebPage","@id":"https:\/\/meca05.fr\/edu\/quizz\/1ere-bac-pro\/modelisation-des-mecanismes\/quiz-modelisation-des-mecanismes-1\/","url":"https:\/\/meca05.fr\/edu\/quizz\/1ere-bac-pro\/modelisation-des-mecanismes\/quiz-modelisation-des-mecanismes-1\/","name":"Mod\u00e9lisation des m\u00e9canismes 1 - Construction M\u00e9canique","isPartOf":{"@id":"https:\/\/meca05.fr\/edu\/#website"},"datePublished":"2020-11-08T12:46:04+00:00","dateModified":"2024-04-18T13:13:11+00:00","breadcrumb":{"@id":"https:\/\/meca05.fr\/edu\/quizz\/1ere-bac-pro\/modelisation-des-mecanismes\/quiz-modelisation-des-mecanismes-1\/#breadcrumb"},"inLanguage":"fr-FR","potentialAction":[{"@type":"ReadAction","target":["https:\/\/meca05.fr\/edu\/quizz\/1ere-bac-pro\/modelisation-des-mecanismes\/quiz-modelisation-des-mecanismes-1\/"]}]},{"@type":"BreadcrumbList","@id":"https:\/\/meca05.fr\/edu\/quizz\/1ere-bac-pro\/modelisation-des-mecanismes\/quiz-modelisation-des-mecanismes-1\/#breadcrumb","itemListElement":[{"@type":"ListItem","position":1,"name":"quiz","item":"https:\/\/meca05.fr\/edu\/quizz\/"},{"@type":"ListItem","position":2,"name":"1\u00e8re Bac Pro","item":"https:\/\/meca05.fr\/edu\/quizz\/1ere-bac-pro\/"},{"@type":"ListItem","position":3,"name":"Mod\u00e9lisation des m\u00e9canismes","item":"https:\/\/meca05.fr\/edu\/quizz\/1ere-bac-pro\/modelisation-des-mecanismes\/"},{"@type":"ListItem","position":4,"name":"Mod\u00e9lisation des m\u00e9canismes 1"}]},{"@type":"WebSite","@id":"https:\/\/meca05.fr\/edu\/#website","url":"https:\/\/meca05.fr\/edu\/","name":"Construction M\u00e9canique","description":"Cours, exercices, mod\u00e8les 3d et bien plus...","potentialAction":[{"@type":"SearchAction","target":{"@type":"EntryPoint","urlTemplate":"https:\/\/meca05.fr\/edu\/?s={search_term_string}"},"query-input":{"@type":"PropertyValueSpecification","valueRequired":true,"valueName":"search_term_string"}}],"inLanguage":"fr-FR"}]}},"_links":{"self":[{"href":"https:\/\/meca05.fr\/edu\/wp-json\/wp\/v2\/pages\/640","targetHints":{"allow":["GET"]}}],"collection":[{"href":"https:\/\/meca05.fr\/edu\/wp-json\/wp\/v2\/pages"}],"about":[{"href":"https:\/\/meca05.fr\/edu\/wp-json\/wp\/v2\/types\/page"}],"author":[{"embeddable":true,"href":"https:\/\/meca05.fr\/edu\/wp-json\/wp\/v2\/users\/6"}],"replies":[{"embeddable":true,"href":"https:\/\/meca05.fr\/edu\/wp-json\/wp\/v2\/comments?post=640"}],"version-history":[{"count":12,"href":"https:\/\/meca05.fr\/edu\/wp-json\/wp\/v2\/pages\/640\/revisions"}],"predecessor-version":[{"id":3998,"href":"https:\/\/meca05.fr\/edu\/wp-json\/wp\/v2\/pages\/640\/revisions\/3998"}],"up":[{"embeddable":true,"href":"https:\/\/meca05.fr\/edu\/wp-json\/wp\/v2\/pages\/646"}],"wp:attachment":[{"href":"https:\/\/meca05.fr\/edu\/wp-json\/wp\/v2\/media?parent=640"}],"curies":[{"name":"wp","href":"https:\/\/api.w.org\/{rel}","templated":true}]}}