{"id":632,"date":"2020-11-04T22:52:27","date_gmt":"2020-11-04T21:52:27","guid":{"rendered":"http:\/\/maaon.free.fr\/site\/?page_id=632"},"modified":"2023-03-27T08:33:25","modified_gmt":"2023-03-27T07:33:25","slug":"prise-en-main","status":"publish","type":"page","link":"https:\/\/meca05.fr\/edu\/tutos-videos\/solidworks-2\/prise-en-main\/","title":{"rendered":"Prise en main"},"content":{"rendered":"<ul>\n<li>Tuto prise en mains 1<\/li>\n<\/ul>\n<ul><\/ul>\n<div style=\"width: 640px;\" class=\"wp-video\"><video class=\"wp-video-shortcode\" id=\"video-632-1\" width=\"640\" height=\"360\" preload=\"metadata\" controls=\"controls\"><source type=\"video\/mp4\" src=\"https:\/\/meca05.fr\/edu\/data_eleve\/tutos_solidworks\/files\/sw-prise_main-1.mp4?_=1\" \/><a href=\"https:\/\/meca05.fr\/edu\/data_eleve\/tutos_solidworks\/files\/sw-prise_main-1.mp4\">https:\/\/meca05.fr\/edu\/data_eleve\/tutos_solidworks\/files\/sw-prise_main-1.mp4<\/a><\/video><\/div>\n<p>&nbsp;<\/p>\n<ul>\n<li>Tuto prise en mains 2<\/li>\n<\/ul>\n<div style=\"width: 640px;\" class=\"wp-video\"><video class=\"wp-video-shortcode\" id=\"video-632-2\" width=\"640\" height=\"360\" preload=\"metadata\" controls=\"controls\"><source type=\"video\/mp4\" src=\"https:\/\/meca05.fr\/edu\/data_eleve\/tutos_solidworks\/files\/sw-prise_main-2.mp4?_=2\" \/><a href=\"https:\/\/meca05.fr\/edu\/data_eleve\/tutos_solidworks\/files\/sw-prise_main-2.mp4\">https:\/\/meca05.fr\/edu\/data_eleve\/tutos_solidworks\/files\/sw-prise_main-2.mp4<\/a><\/video><\/div>\n<p>&nbsp;<\/p>\n","protected":false},"excerpt":{"rendered":"<p>Tuto prise en mains 1 https:\/\/meca05.fr\/edu\/data_eleve\/tutos_solidworks\/files\/sw-prise_main-1.mp4 &nbsp; Tuto prise en mains 2 https:\/\/meca05.fr\/edu\/data_eleve\/tutos_solidworks\/files\/sw-prise_main-2.mp4 &nbsp;<\/p>\n","protected":false},"author":6,"featured_media":0,"parent":494,"menu_order":0,"comment_status":"closed","ping_status":"closed","template":"","meta":{"footnotes":""},"class_list":{"1":"page","2":"type-page","3":"status-publish","4":"hentry"},"yoast_head":"<!-- This site is optimized with the Yoast SEO plugin v27.1.1 - https:\/\/yoast.com\/product\/yoast-seo-wordpress\/ -->\n<title>Prise en main - Construction M\u00e9canique<\/title>\n<meta name=\"robots\" content=\"index, follow, max-snippet:-1, max-image-preview:large, max-video-preview:-1\" \/>\n<link rel=\"canonical\" href=\"https:\/\/meca05.fr\/edu\/tutos-videos\/solidworks-2\/prise-en-main\/\" \/>\n<meta property=\"og:locale\" content=\"fr_FR\" \/>\n<meta property=\"og:type\" content=\"article\" \/>\n<meta property=\"og:title\" content=\"Prise en main - Construction M\u00e9canique\" \/>\n<meta property=\"og:description\" content=\"Tuto prise en mains 1 https:\/\/meca05.fr\/edu\/data_eleve\/tutos_solidworks\/files\/sw-prise_main-1.mp4 &nbsp; Tuto prise en mains 2 https:\/\/meca05.fr\/edu\/data_eleve\/tutos_solidworks\/files\/sw-prise_main-2.mp4 &nbsp;\" \/>\n<meta property=\"og:url\" content=\"https:\/\/meca05.fr\/edu\/tutos-videos\/solidworks-2\/prise-en-main\/\" \/>\n<meta property=\"og:site_name\" content=\"Construction M\u00e9canique\" \/>\n<meta property=\"article:modified_time\" content=\"2023-03-27T07:33:25+00:00\" \/>\n<meta name=\"twitter:label1\" content=\"Dur\u00e9e de lecture estim\u00e9e\" \/>\n\t<meta name=\"twitter:data1\" content=\"1 minute\" \/>\n<script type=\"application\/ld+json\" class=\"yoast-schema-graph\">{\"@context\":\"https:\/\/schema.org\",\"@graph\":[{\"@type\":\"WebPage\",\"@id\":\"https:\/\/meca05.fr\/edu\/tutos-videos\/solidworks-2\/prise-en-main\/\",\"url\":\"https:\/\/meca05.fr\/edu\/tutos-videos\/solidworks-2\/prise-en-main\/\",\"name\":\"Prise en main - Construction M\u00e9canique\",\"isPartOf\":{\"@id\":\"https:\/\/meca05.fr\/edu\/#website\"},\"datePublished\":\"2020-11-04T21:52:27+00:00\",\"dateModified\":\"2023-03-27T07:33:25+00:00\",\"breadcrumb\":{\"@id\":\"https:\/\/meca05.fr\/edu\/tutos-videos\/solidworks-2\/prise-en-main\/#breadcrumb\"},\"inLanguage\":\"fr-FR\",\"potentialAction\":[{\"@type\":\"ReadAction\",\"target\":[\"https:\/\/meca05.fr\/edu\/tutos-videos\/solidworks-2\/prise-en-main\/\"]}]},{\"@type\":\"BreadcrumbList\",\"@id\":\"https:\/\/meca05.fr\/edu\/tutos-videos\/solidworks-2\/prise-en-main\/#breadcrumb\",\"itemListElement\":[{\"@type\":\"ListItem\",\"position\":1,\"name\":\"Tutos &#038; vid\u00e9os\",\"item\":\"https:\/\/meca05.fr\/edu\/tutos-videos\/\"},{\"@type\":\"ListItem\",\"position\":2,\"name\":\"Solidworks\",\"item\":\"https:\/\/meca05.fr\/edu\/tutos-videos\/solidworks-2\/\"},{\"@type\":\"ListItem\",\"position\":3,\"name\":\"Prise en main\"}]},{\"@type\":\"WebSite\",\"@id\":\"https:\/\/meca05.fr\/edu\/#website\",\"url\":\"https:\/\/meca05.fr\/edu\/\",\"name\":\"Construction M\u00e9canique\",\"description\":\"Cours, exercices, mod\u00e8les 3d et bien plus...\",\"potentialAction\":[{\"@type\":\"SearchAction\",\"target\":{\"@type\":\"EntryPoint\",\"urlTemplate\":\"https:\/\/meca05.fr\/edu\/?s={search_term_string}\"},\"query-input\":{\"@type\":\"PropertyValueSpecification\",\"valueRequired\":true,\"valueName\":\"search_term_string\"}}],\"inLanguage\":\"fr-FR\"}]}<\/script>\n<!-- \/ Yoast SEO plugin. -->","yoast_head_json":{"title":"Prise en main - Construction M\u00e9canique","robots":{"index":"index","follow":"follow","max-snippet":"max-snippet:-1","max-image-preview":"max-image-preview:large","max-video-preview":"max-video-preview:-1"},"canonical":"https:\/\/meca05.fr\/edu\/tutos-videos\/solidworks-2\/prise-en-main\/","og_locale":"fr_FR","og_type":"article","og_title":"Prise en main - Construction M\u00e9canique","og_description":"Tuto prise en mains 1 https:\/\/meca05.fr\/edu\/data_eleve\/tutos_solidworks\/files\/sw-prise_main-1.mp4 &nbsp; Tuto prise en mains 2 https:\/\/meca05.fr\/edu\/data_eleve\/tutos_solidworks\/files\/sw-prise_main-2.mp4 &nbsp;","og_url":"https:\/\/meca05.fr\/edu\/tutos-videos\/solidworks-2\/prise-en-main\/","og_site_name":"Construction M\u00e9canique","article_modified_time":"2023-03-27T07:33:25+00:00","twitter_misc":{"Dur\u00e9e de lecture estim\u00e9e":"1 minute"},"schema":{"@context":"https:\/\/schema.org","@graph":[{"@type":"WebPage","@id":"https:\/\/meca05.fr\/edu\/tutos-videos\/solidworks-2\/prise-en-main\/","url":"https:\/\/meca05.fr\/edu\/tutos-videos\/solidworks-2\/prise-en-main\/","name":"Prise en main - Construction M\u00e9canique","isPartOf":{"@id":"https:\/\/meca05.fr\/edu\/#website"},"datePublished":"2020-11-04T21:52:27+00:00","dateModified":"2023-03-27T07:33:25+00:00","breadcrumb":{"@id":"https:\/\/meca05.fr\/edu\/tutos-videos\/solidworks-2\/prise-en-main\/#breadcrumb"},"inLanguage":"fr-FR","potentialAction":[{"@type":"ReadAction","target":["https:\/\/meca05.fr\/edu\/tutos-videos\/solidworks-2\/prise-en-main\/"]}]},{"@type":"BreadcrumbList","@id":"https:\/\/meca05.fr\/edu\/tutos-videos\/solidworks-2\/prise-en-main\/#breadcrumb","itemListElement":[{"@type":"ListItem","position":1,"name":"Tutos &#038; vid\u00e9os","item":"https:\/\/meca05.fr\/edu\/tutos-videos\/"},{"@type":"ListItem","position":2,"name":"Solidworks","item":"https:\/\/meca05.fr\/edu\/tutos-videos\/solidworks-2\/"},{"@type":"ListItem","position":3,"name":"Prise en main"}]},{"@type":"WebSite","@id":"https:\/\/meca05.fr\/edu\/#website","url":"https:\/\/meca05.fr\/edu\/","name":"Construction M\u00e9canique","description":"Cours, exercices, mod\u00e8les 3d et bien plus...","potentialAction":[{"@type":"SearchAction","target":{"@type":"EntryPoint","urlTemplate":"https:\/\/meca05.fr\/edu\/?s={search_term_string}"},"query-input":{"@type":"PropertyValueSpecification","valueRequired":true,"valueName":"search_term_string"}}],"inLanguage":"fr-FR"}]}},"_links":{"self":[{"href":"https:\/\/meca05.fr\/edu\/wp-json\/wp\/v2\/pages\/632","targetHints":{"allow":["GET"]}}],"collection":[{"href":"https:\/\/meca05.fr\/edu\/wp-json\/wp\/v2\/pages"}],"about":[{"href":"https:\/\/meca05.fr\/edu\/wp-json\/wp\/v2\/types\/page"}],"author":[{"embeddable":true,"href":"https:\/\/meca05.fr\/edu\/wp-json\/wp\/v2\/users\/6"}],"replies":[{"embeddable":true,"href":"https:\/\/meca05.fr\/edu\/wp-json\/wp\/v2\/comments?post=632"}],"version-history":[{"count":3,"href":"https:\/\/meca05.fr\/edu\/wp-json\/wp\/v2\/pages\/632\/revisions"}],"predecessor-version":[{"id":3319,"href":"https:\/\/meca05.fr\/edu\/wp-json\/wp\/v2\/pages\/632\/revisions\/3319"}],"up":[{"embeddable":true,"href":"https:\/\/meca05.fr\/edu\/wp-json\/wp\/v2\/pages\/494"}],"wp:attachment":[{"href":"https:\/\/meca05.fr\/edu\/wp-json\/wp\/v2\/media?parent=632"}],"curies":[{"name":"wp","href":"https:\/\/api.w.org\/{rel}","templated":true}]}}