{"id":4188,"date":"2025-05-27T09:11:04","date_gmt":"2025-05-27T08:11:04","guid":{"rendered":"https:\/\/meca05.fr\/edu\/?page_id=4188"},"modified":"2025-05-28T15:57:17","modified_gmt":"2025-05-28T14:57:17","slug":"concours-general-des-metiers-2025","status":"publish","type":"page","link":"https:\/\/meca05.fr\/edu\/projets\/concours-general-des-metiers-2025\/","title":{"rendered":"Concours G\u00e9n\u00e9ral des metiers 2025"},"content":{"rendered":"<h4 style=\"text-align: center;\"><strong>Orl\u00e9ans &amp; Le lyc\u00e9e<\/strong><\/h4>\n<div style=\"width: 640px;\" class=\"wp-video\"><video class=\"wp-video-shortcode\" id=\"video-4188-1\" width=\"640\" height=\"360\" preload=\"metadata\" controls=\"controls\"><source type=\"video\/mp4\" src=\"https:\/\/meca05.fr\/edu\/wp-content\/uploads\/2025\/05\/lelycee.mp4?_=1\" \/><a href=\"https:\/\/meca05.fr\/edu\/wp-content\/uploads\/2025\/05\/lelycee.mp4\">https:\/\/meca05.fr\/edu\/wp-content\/uploads\/2025\/05\/lelycee.mp4<\/a><\/video><\/div>\n<p style=\"text-align: center;\"><em>2800 m\u00b2 consacr\u00e9s \u00e0 la maintenance<\/em><\/p>\n<h4><\/h4>\n<p><!--more--><\/p>\n<h4><\/h4>\n<h4 style=\"padding-left: 80px; text-align: center;\"><strong>Lundi 26 mai : 15h<br \/>\n<\/strong><\/h4>\n<p style=\"text-align: center;\"><a href=\"https:\/\/meca05.fr\/edu\/wp-content\/uploads\/2025\/05\/20250526_151910-scaled.jpg\"><img fetchpriority=\"high\" decoding=\"async\" src=\"https:\/\/meca05.fr\/edu\/wp-content\/uploads\/2025\/05\/20250526_151910-1024x576.jpg\" alt=\"\" width=\"640\" height=\"360\" class=\"size-large wp-image-4189 aligncenter\" srcset=\"https:\/\/meca05.fr\/edu\/wp-content\/uploads\/2025\/05\/20250526_151910-1024x576.jpg 1024w, https:\/\/meca05.fr\/edu\/wp-content\/uploads\/2025\/05\/20250526_151910-300x169.jpg 300w, https:\/\/meca05.fr\/edu\/wp-content\/uploads\/2025\/05\/20250526_151910-768x432.jpg 768w, https:\/\/meca05.fr\/edu\/wp-content\/uploads\/2025\/05\/20250526_151910-1536x864.jpg 1536w, https:\/\/meca05.fr\/edu\/wp-content\/uploads\/2025\/05\/20250526_151910-2048x1152.jpg 2048w, https:\/\/meca05.fr\/edu\/wp-content\/uploads\/2025\/05\/20250526_151910-800x450.jpg 800w\" sizes=\"(max-width: 640px) 100vw, 640px\" \/><\/a><em><\/em><\/p>\n<p style=\"text-align: center;\"><em>accueil des candidats et essai des tenues<\/em><\/p>\n<p>&nbsp;<\/p>\n<p>&nbsp;<\/p>\n<p style=\"text-align: center;\"><!--more--><\/p>\n<h4 style=\"text-align: center;\"><strong>Mardi 27 mai au matin<\/strong><\/h4>\n<p style=\"text-align: center;\"><a href=\"https:\/\/meca05.fr\/edu\/wp-content\/uploads\/2025\/05\/DSCF9484-scaled.jpg\"><img decoding=\"async\" src=\"https:\/\/meca05.fr\/edu\/wp-content\/uploads\/2025\/05\/DSCF9484-1024x683.jpg\" alt=\"\" width=\"640\" height=\"427\" class=\"alignnone size-large wp-image-4190\" srcset=\"https:\/\/meca05.fr\/edu\/wp-content\/uploads\/2025\/05\/DSCF9484-1024x683.jpg 1024w, https:\/\/meca05.fr\/edu\/wp-content\/uploads\/2025\/05\/DSCF9484-300x200.jpg 300w, https:\/\/meca05.fr\/edu\/wp-content\/uploads\/2025\/05\/DSCF9484-768x512.jpg 768w, https:\/\/meca05.fr\/edu\/wp-content\/uploads\/2025\/05\/DSCF9484-1536x1024.jpg 1536w, https:\/\/meca05.fr\/edu\/wp-content\/uploads\/2025\/05\/DSCF9484-2048x1365.jpg 2048w\" sizes=\"(max-width: 640px) 100vw, 640px\" \/><\/a><\/p>\n<p style=\"text-align: center;\"><em>L'atelier<\/em><\/p>\n<p style=\"text-align: center;\"><!--more--><\/p>\n<p style=\"text-align: center;\"><a href=\"https:\/\/meca05.fr\/edu\/wp-content\/uploads\/2025\/05\/IMG_20250527_095728-scaled.jpg\"><img decoding=\"async\" src=\"https:\/\/meca05.fr\/edu\/wp-content\/uploads\/2025\/05\/IMG_20250527_095728-1024x492.jpg\" alt=\"\" width=\"640\" height=\"308\" class=\"alignnone size-large wp-image-4197\" srcset=\"https:\/\/meca05.fr\/edu\/wp-content\/uploads\/2025\/05\/IMG_20250527_095728-1024x492.jpg 1024w, https:\/\/meca05.fr\/edu\/wp-content\/uploads\/2025\/05\/IMG_20250527_095728-300x144.jpg 300w, https:\/\/meca05.fr\/edu\/wp-content\/uploads\/2025\/05\/IMG_20250527_095728-768x369.jpg 768w, https:\/\/meca05.fr\/edu\/wp-content\/uploads\/2025\/05\/IMG_20250527_095728-1536x738.jpg 1536w, https:\/\/meca05.fr\/edu\/wp-content\/uploads\/2025\/05\/IMG_20250527_095728-2048x984.jpg 2048w\" sizes=\"(max-width: 640px) 100vw, 640px\" \/><\/a><\/p>\n<p style=\"text-align: center;\"><em>Quelques v\u00e9hicules sortis pour l'occasion<br \/>\n<\/em><\/p>\n<p style=\"text-align: center;\"><!--more--><\/p>\n<p style=\"text-align: center;\"><a href=\"https:\/\/meca05.fr\/edu\/wp-content\/uploads\/2025\/05\/IMG_20250527_095745-scaled.jpg\"><img loading=\"lazy\" decoding=\"async\" src=\"https:\/\/meca05.fr\/edu\/wp-content\/uploads\/2025\/05\/IMG_20250527_095745-1024x649.jpg\" alt=\"\" width=\"640\" height=\"406\" class=\"size-large wp-image-4198 aligncenter\" srcset=\"https:\/\/meca05.fr\/edu\/wp-content\/uploads\/2025\/05\/IMG_20250527_095745-1024x649.jpg 1024w, https:\/\/meca05.fr\/edu\/wp-content\/uploads\/2025\/05\/IMG_20250527_095745-300x190.jpg 300w, https:\/\/meca05.fr\/edu\/wp-content\/uploads\/2025\/05\/IMG_20250527_095745-768x487.jpg 768w, https:\/\/meca05.fr\/edu\/wp-content\/uploads\/2025\/05\/IMG_20250527_095745-1536x973.jpg 1536w, https:\/\/meca05.fr\/edu\/wp-content\/uploads\/2025\/05\/IMG_20250527_095745-2048x1297.jpg 2048w\" sizes=\"(max-width: 640px) 100vw, 640px\" \/><\/a><\/p>\n<p style=\"text-align: center;\"><em>Caf\u00e9 avant le d\u00e9but des hostilit\u00e9s<\/em><\/p>\n<p style=\"text-align: center;\"><!--more--><\/p>\n<p style=\"text-align: center;\"><a href=\"https:\/\/meca05.fr\/edu\/wp-content\/uploads\/2025\/05\/IMG_20250527_095706.jpg\"><img loading=\"lazy\" decoding=\"async\" src=\"https:\/\/meca05.fr\/edu\/wp-content\/uploads\/2025\/05\/IMG_20250527_095706-1024x721.jpg\" alt=\"\" width=\"640\" height=\"451\" class=\"size-large wp-image-4196 aligncenter\" srcset=\"https:\/\/meca05.fr\/edu\/wp-content\/uploads\/2025\/05\/IMG_20250527_095706-1024x721.jpg 1024w, https:\/\/meca05.fr\/edu\/wp-content\/uploads\/2025\/05\/IMG_20250527_095706-300x211.jpg 300w, https:\/\/meca05.fr\/edu\/wp-content\/uploads\/2025\/05\/IMG_20250527_095706-768x541.jpg 768w, https:\/\/meca05.fr\/edu\/wp-content\/uploads\/2025\/05\/IMG_20250527_095706-1536x1082.jpg 1536w, https:\/\/meca05.fr\/edu\/wp-content\/uploads\/2025\/05\/IMG_20250527_095706-2048x1443.jpg 2048w\" sizes=\"(max-width: 640px) 100vw, 640px\" \/><\/a><\/p>\n<p style=\"text-align: center;\"><em>C'est parti...<br \/>\n<\/em><\/p>\n<p style=\"text-align: center;\"><!--more--><\/p>\n<h4 style=\"text-align: center;\"><a href=\"https:\/\/meca05.fr\/edu\/wp-content\/uploads\/2025\/05\/IMG_20250527_095543-scaled.jpg\"><img loading=\"lazy\" decoding=\"async\" src=\"https:\/\/meca05.fr\/edu\/wp-content\/uploads\/2025\/05\/IMG_20250527_095543-1024x574.jpg\" alt=\"\" width=\"640\" height=\"359\" class=\"alignnone size-large wp-image-4193\" srcset=\"https:\/\/meca05.fr\/edu\/wp-content\/uploads\/2025\/05\/IMG_20250527_095543-1024x574.jpg 1024w, https:\/\/meca05.fr\/edu\/wp-content\/uploads\/2025\/05\/IMG_20250527_095543-300x168.jpg 300w, https:\/\/meca05.fr\/edu\/wp-content\/uploads\/2025\/05\/IMG_20250527_095543-768x430.jpg 768w, https:\/\/meca05.fr\/edu\/wp-content\/uploads\/2025\/05\/IMG_20250527_095543-1536x861.jpg 1536w, https:\/\/meca05.fr\/edu\/wp-content\/uploads\/2025\/05\/IMG_20250527_095543-2048x1148.jpg 2048w, https:\/\/meca05.fr\/edu\/wp-content\/uploads\/2025\/05\/IMG_20250527_095543-800x450.jpg 800w\" sizes=\"(max-width: 640px) 100vw, 640px\" \/><\/a><br \/>\n<em><\/em><\/h4>\n<p style=\"text-align: center;\"><em>Consignes pour la premi\u00e8re \u00e9preuve de mise en bouche...<\/em><\/p>\n<p>&nbsp;<\/p>\n<div style=\"width: 640px;\" class=\"wp-video\"><video class=\"wp-video-shortcode\" id=\"video-4188-2\" width=\"640\" height=\"360\" preload=\"metadata\" controls=\"controls\"><source type=\"video\/mp4\" src=\"https:\/\/meca05.fr\/edu\/wp-content\/uploads\/2025\/05\/cgm.mp4?_=2\" \/><a href=\"https:\/\/meca05.fr\/edu\/wp-content\/uploads\/2025\/05\/cgm.mp4\">https:\/\/meca05.fr\/edu\/wp-content\/uploads\/2025\/05\/cgm.mp4<\/a><\/video><\/div>\n<p style=\"text-align: center;\"><em>Remontage d'une boite de transfert \u00e0 partir d'une vue \u00e9clat\u00e9e<\/em><\/p>\n<p>&nbsp;<\/p>\n<p style=\"text-align: center;\"><!--more--><\/p>\n<p style=\"text-align: center;\"><a href=\"https:\/\/meca05.fr\/edu\/wp-content\/uploads\/2025\/05\/IMG_20250527_095610.jpg\"><img loading=\"lazy\" decoding=\"async\" src=\"https:\/\/meca05.fr\/edu\/wp-content\/uploads\/2025\/05\/IMG_20250527_095610-991x1024.jpg\" alt=\"\" width=\"640\" height=\"661\" class=\"size-large wp-image-4194 aligncenter\" srcset=\"https:\/\/meca05.fr\/edu\/wp-content\/uploads\/2025\/05\/IMG_20250527_095610-991x1024.jpg 991w, https:\/\/meca05.fr\/edu\/wp-content\/uploads\/2025\/05\/IMG_20250527_095610-290x300.jpg 290w, https:\/\/meca05.fr\/edu\/wp-content\/uploads\/2025\/05\/IMG_20250527_095610-768x794.jpg 768w, https:\/\/meca05.fr\/edu\/wp-content\/uploads\/2025\/05\/IMG_20250527_095610.jpg 1403w\" sizes=\"(max-width: 640px) 100vw, 640px\" \/><\/a><\/p>\n<p style=\"text-align: center;\"><em>D\u00e9but de l'\u00e9preuve ...<\/em><\/p>\n<p style=\"text-align: center;\"><!--more--><\/p>\n<p style=\"text-align: center;\"><a href=\"https:\/\/meca05.fr\/edu\/wp-content\/uploads\/2025\/05\/IMG_20250527_095519.jpg\"><img loading=\"lazy\" decoding=\"async\" src=\"https:\/\/meca05.fr\/edu\/wp-content\/uploads\/2025\/05\/IMG_20250527_095519-1024x833.jpg\" alt=\"\" width=\"640\" height=\"521\" class=\"size-large wp-image-4192 aligncenter\" srcset=\"https:\/\/meca05.fr\/edu\/wp-content\/uploads\/2025\/05\/IMG_20250527_095519-1024x833.jpg 1024w, https:\/\/meca05.fr\/edu\/wp-content\/uploads\/2025\/05\/IMG_20250527_095519-300x244.jpg 300w, https:\/\/meca05.fr\/edu\/wp-content\/uploads\/2025\/05\/IMG_20250527_095519-768x624.jpg 768w, https:\/\/meca05.fr\/edu\/wp-content\/uploads\/2025\/05\/IMG_20250527_095519-1536x1249.jpg 1536w, https:\/\/meca05.fr\/edu\/wp-content\/uploads\/2025\/05\/IMG_20250527_095519.jpg 1680w\" sizes=\"(max-width: 640px) 100vw, 640px\" \/><\/a><em><\/em><\/p>\n<p style=\"text-align: center;\"><em>\u00c9preuve suivante pour Lilian : VTR<\/em><\/p>\n<p><!--more--><\/p>\n<p>&nbsp;<\/p>\n<p>&nbsp;<\/p>\n<p>&nbsp;<\/p>\n<p>&nbsp;<\/p>\n<p style=\"text-align: center;\">\u00c9preuve suivante : r\u00e9ception client en Anglais...<\/p>\n<p><!--more--><\/p>\n<h4 style=\"text-align: center;\"><strong>Mardi 27 mai : 08h30<\/strong><\/h4>\n<p style=\"text-align: center;\"><a href=\"https:\/\/meca05.fr\/edu\/wp-content\/uploads\/2025\/05\/DSCF9537-scaled.jpg\"><img loading=\"lazy\" decoding=\"async\" src=\"https:\/\/meca05.fr\/edu\/wp-content\/uploads\/2025\/05\/DSCF9537-1024x683.jpg\" alt=\"\" width=\"640\" height=\"427\" class=\"alignnone size-large wp-image-4220\" srcset=\"https:\/\/meca05.fr\/edu\/wp-content\/uploads\/2025\/05\/DSCF9537-1024x683.jpg 1024w, https:\/\/meca05.fr\/edu\/wp-content\/uploads\/2025\/05\/DSCF9537-300x200.jpg 300w, https:\/\/meca05.fr\/edu\/wp-content\/uploads\/2025\/05\/DSCF9537-768x512.jpg 768w, https:\/\/meca05.fr\/edu\/wp-content\/uploads\/2025\/05\/DSCF9537-1536x1024.jpg 1536w, https:\/\/meca05.fr\/edu\/wp-content\/uploads\/2025\/05\/DSCF9537-2048x1365.jpg 2048w\" sizes=\"(max-width: 640px) 100vw, 640px\" \/><\/a><\/p>\n<p>&nbsp;<\/p>\n<p style=\"text-align: center;\"><em>\u00c9preuve Moto<\/em><\/p>\n<p><!--more--><\/p>\n<h4 style=\"text-align: center;\"><strong>Mardi 27 mai : 13h<\/strong><\/h4>\n<p style=\"text-align: center;\"><a href=\"https:\/\/meca05.fr\/edu\/wp-content\/uploads\/2025\/05\/DSCF95141-scaled.jpg\"><img loading=\"lazy\" decoding=\"async\" src=\"https:\/\/meca05.fr\/edu\/wp-content\/uploads\/2025\/05\/DSCF95141-1024x585.jpg\" alt=\"\" width=\"640\" height=\"366\" class=\"alignnone size-large wp-image-4213\" srcset=\"https:\/\/meca05.fr\/edu\/wp-content\/uploads\/2025\/05\/DSCF95141-1024x585.jpg 1024w, https:\/\/meca05.fr\/edu\/wp-content\/uploads\/2025\/05\/DSCF95141-300x171.jpg 300w, https:\/\/meca05.fr\/edu\/wp-content\/uploads\/2025\/05\/DSCF95141-768x438.jpg 768w, https:\/\/meca05.fr\/edu\/wp-content\/uploads\/2025\/05\/DSCF95141-1536x877.jpg 1536w, https:\/\/meca05.fr\/edu\/wp-content\/uploads\/2025\/05\/DSCF95141-2048x1169.jpg 2048w\" sizes=\"(max-width: 640px) 100vw, 640px\" \/><\/a><\/p>\n<p style=\"text-align: center;\"><em>Diagnostic virtuel Climatisation<\/em><\/p>\n<p><!--more--><\/p>\n<h4 style=\"text-align: center;\"><strong>Mardi 27 mai : 14h<\/strong><\/h4>\n<p>&nbsp;<\/p>\n<p style=\"text-align: center;\"><a href=\"https:\/\/meca05.fr\/edu\/wp-content\/uploads\/2025\/05\/DSCF9517-scaled.jpg\"><img loading=\"lazy\" decoding=\"async\" src=\"https:\/\/meca05.fr\/edu\/wp-content\/uploads\/2025\/05\/DSCF9517-1024x683.jpg\" alt=\"\" width=\"640\" height=\"427\" class=\"alignnone size-large wp-image-4219\" srcset=\"https:\/\/meca05.fr\/edu\/wp-content\/uploads\/2025\/05\/DSCF9517-1024x683.jpg 1024w, https:\/\/meca05.fr\/edu\/wp-content\/uploads\/2025\/05\/DSCF9517-300x200.jpg 300w, https:\/\/meca05.fr\/edu\/wp-content\/uploads\/2025\/05\/DSCF9517-768x512.jpg 768w, https:\/\/meca05.fr\/edu\/wp-content\/uploads\/2025\/05\/DSCF9517-1536x1024.jpg 1536w, https:\/\/meca05.fr\/edu\/wp-content\/uploads\/2025\/05\/DSCF9517-2048x1365.jpg 2048w\" sizes=\"(max-width: 640px) 100vw, 640px\" \/><\/a><\/p>\n<p style=\"text-align: center;\"><em>Diagnostic Auto<\/em><\/p>\n<p>&nbsp;<\/p>\n<p style=\"text-align: center;\"><!--more--><\/p>\n","protected":false},"excerpt":{"rendered":"<p>Orl\u00e9ans &amp; Le lyc\u00e9e 2800 m\u00b2 consacr\u00e9s \u00e0 la maintenance<\/p>\n","protected":false},"author":6,"featured_media":0,"parent":2131,"menu_order":0,"comment_status":"closed","ping_status":"closed","template":"","meta":{"footnotes":""},"class_list":{"1":"page","2":"type-page","3":"status-publish","4":"hentry"},"yoast_head":"<!-- This site is optimized with the Yoast SEO plugin v27.1.1 - https:\/\/yoast.com\/product\/yoast-seo-wordpress\/ -->\n<title>Concours G\u00e9n\u00e9ral des metiers 2025 - Construction M\u00e9canique<\/title>\n<meta name=\"robots\" content=\"index, follow, max-snippet:-1, max-image-preview:large, max-video-preview:-1\" \/>\n<link rel=\"canonical\" href=\"https:\/\/meca05.fr\/edu\/projets\/concours-general-des-metiers-2025\/\" \/>\n<meta property=\"og:locale\" content=\"fr_FR\" \/>\n<meta property=\"og:type\" content=\"article\" \/>\n<meta property=\"og:title\" content=\"Concours G\u00e9n\u00e9ral des metiers 2025 - Construction M\u00e9canique\" \/>\n<meta property=\"og:description\" content=\"Orl\u00e9ans &amp; Le lyc\u00e9e 2800 m\u00b2 consacr\u00e9s \u00e0 la maintenance\" \/>\n<meta property=\"og:url\" content=\"https:\/\/meca05.fr\/edu\/projets\/concours-general-des-metiers-2025\/\" \/>\n<meta property=\"og:site_name\" content=\"Construction M\u00e9canique\" \/>\n<meta property=\"article:modified_time\" content=\"2025-05-28T14:57:17+00:00\" \/>\n<meta property=\"og:image\" content=\"https:\/\/meca05.fr\/edu\/wp-content\/uploads\/2025\/05\/20250526_151910-scaled.jpg\" \/>\n\t<meta property=\"og:image:width\" content=\"2560\" \/>\n\t<meta property=\"og:image:height\" content=\"1440\" \/>\n\t<meta property=\"og:image:type\" content=\"image\/jpeg\" \/>\n<meta name=\"twitter:label1\" content=\"Dur\u00e9e de lecture estim\u00e9e\" \/>\n\t<meta name=\"twitter:data1\" content=\"3 minutes\" \/>\n<script type=\"application\/ld+json\" class=\"yoast-schema-graph\">{\"@context\":\"https:\/\/schema.org\",\"@graph\":[{\"@type\":\"WebPage\",\"@id\":\"https:\/\/meca05.fr\/edu\/projets\/concours-general-des-metiers-2025\/\",\"url\":\"https:\/\/meca05.fr\/edu\/projets\/concours-general-des-metiers-2025\/\",\"name\":\"Concours G\u00e9n\u00e9ral des metiers 2025 - Construction M\u00e9canique\",\"isPartOf\":{\"@id\":\"https:\/\/meca05.fr\/edu\/#website\"},\"primaryImageOfPage\":{\"@id\":\"https:\/\/meca05.fr\/edu\/projets\/concours-general-des-metiers-2025\/#primaryimage\"},\"image\":{\"@id\":\"https:\/\/meca05.fr\/edu\/projets\/concours-general-des-metiers-2025\/#primaryimage\"},\"thumbnailUrl\":\"https:\/\/meca05.fr\/edu\/wp-content\/uploads\/2025\/05\/20250526_151910-1024x576.jpg\",\"datePublished\":\"2025-05-27T08:11:04+00:00\",\"dateModified\":\"2025-05-28T14:57:17+00:00\",\"breadcrumb\":{\"@id\":\"https:\/\/meca05.fr\/edu\/projets\/concours-general-des-metiers-2025\/#breadcrumb\"},\"inLanguage\":\"fr-FR\",\"potentialAction\":[{\"@type\":\"ReadAction\",\"target\":[\"https:\/\/meca05.fr\/edu\/projets\/concours-general-des-metiers-2025\/\"]}]},{\"@type\":\"ImageObject\",\"inLanguage\":\"fr-FR\",\"@id\":\"https:\/\/meca05.fr\/edu\/projets\/concours-general-des-metiers-2025\/#primaryimage\",\"url\":\"https:\/\/meca05.fr\/edu\/wp-content\/uploads\/2025\/05\/20250526_151910-scaled.jpg\",\"contentUrl\":\"https:\/\/meca05.fr\/edu\/wp-content\/uploads\/2025\/05\/20250526_151910-scaled.jpg\",\"width\":2560,\"height\":1440},{\"@type\":\"BreadcrumbList\",\"@id\":\"https:\/\/meca05.fr\/edu\/projets\/concours-general-des-metiers-2025\/#breadcrumb\",\"itemListElement\":[{\"@type\":\"ListItem\",\"position\":1,\"name\":\"Projets\",\"item\":\"https:\/\/meca05.fr\/edu\/projets\/\"},{\"@type\":\"ListItem\",\"position\":2,\"name\":\"Concours G\u00e9n\u00e9ral des metiers 2025\"}]},{\"@type\":\"WebSite\",\"@id\":\"https:\/\/meca05.fr\/edu\/#website\",\"url\":\"https:\/\/meca05.fr\/edu\/\",\"name\":\"Construction M\u00e9canique\",\"description\":\"Cours, exercices, mod\u00e8les 3d et bien plus...\",\"potentialAction\":[{\"@type\":\"SearchAction\",\"target\":{\"@type\":\"EntryPoint\",\"urlTemplate\":\"https:\/\/meca05.fr\/edu\/?s={search_term_string}\"},\"query-input\":{\"@type\":\"PropertyValueSpecification\",\"valueRequired\":true,\"valueName\":\"search_term_string\"}}],\"inLanguage\":\"fr-FR\"}]}<\/script>\n<!-- \/ Yoast SEO plugin. -->","yoast_head_json":{"title":"Concours G\u00e9n\u00e9ral des metiers 2025 - Construction M\u00e9canique","robots":{"index":"index","follow":"follow","max-snippet":"max-snippet:-1","max-image-preview":"max-image-preview:large","max-video-preview":"max-video-preview:-1"},"canonical":"https:\/\/meca05.fr\/edu\/projets\/concours-general-des-metiers-2025\/","og_locale":"fr_FR","og_type":"article","og_title":"Concours G\u00e9n\u00e9ral des metiers 2025 - Construction M\u00e9canique","og_description":"Orl\u00e9ans &amp; Le lyc\u00e9e 2800 m\u00b2 consacr\u00e9s \u00e0 la maintenance","og_url":"https:\/\/meca05.fr\/edu\/projets\/concours-general-des-metiers-2025\/","og_site_name":"Construction M\u00e9canique","article_modified_time":"2025-05-28T14:57:17+00:00","og_image":[{"width":2560,"height":1440,"url":"https:\/\/meca05.fr\/edu\/wp-content\/uploads\/2025\/05\/20250526_151910-scaled.jpg","type":"image\/jpeg"}],"twitter_misc":{"Dur\u00e9e de lecture estim\u00e9e":"3 minutes"},"schema":{"@context":"https:\/\/schema.org","@graph":[{"@type":"WebPage","@id":"https:\/\/meca05.fr\/edu\/projets\/concours-general-des-metiers-2025\/","url":"https:\/\/meca05.fr\/edu\/projets\/concours-general-des-metiers-2025\/","name":"Concours G\u00e9n\u00e9ral des metiers 2025 - Construction M\u00e9canique","isPartOf":{"@id":"https:\/\/meca05.fr\/edu\/#website"},"primaryImageOfPage":{"@id":"https:\/\/meca05.fr\/edu\/projets\/concours-general-des-metiers-2025\/#primaryimage"},"image":{"@id":"https:\/\/meca05.fr\/edu\/projets\/concours-general-des-metiers-2025\/#primaryimage"},"thumbnailUrl":"https:\/\/meca05.fr\/edu\/wp-content\/uploads\/2025\/05\/20250526_151910-1024x576.jpg","datePublished":"2025-05-27T08:11:04+00:00","dateModified":"2025-05-28T14:57:17+00:00","breadcrumb":{"@id":"https:\/\/meca05.fr\/edu\/projets\/concours-general-des-metiers-2025\/#breadcrumb"},"inLanguage":"fr-FR","potentialAction":[{"@type":"ReadAction","target":["https:\/\/meca05.fr\/edu\/projets\/concours-general-des-metiers-2025\/"]}]},{"@type":"ImageObject","inLanguage":"fr-FR","@id":"https:\/\/meca05.fr\/edu\/projets\/concours-general-des-metiers-2025\/#primaryimage","url":"https:\/\/meca05.fr\/edu\/wp-content\/uploads\/2025\/05\/20250526_151910-scaled.jpg","contentUrl":"https:\/\/meca05.fr\/edu\/wp-content\/uploads\/2025\/05\/20250526_151910-scaled.jpg","width":2560,"height":1440},{"@type":"BreadcrumbList","@id":"https:\/\/meca05.fr\/edu\/projets\/concours-general-des-metiers-2025\/#breadcrumb","itemListElement":[{"@type":"ListItem","position":1,"name":"Projets","item":"https:\/\/meca05.fr\/edu\/projets\/"},{"@type":"ListItem","position":2,"name":"Concours G\u00e9n\u00e9ral des metiers 2025"}]},{"@type":"WebSite","@id":"https:\/\/meca05.fr\/edu\/#website","url":"https:\/\/meca05.fr\/edu\/","name":"Construction M\u00e9canique","description":"Cours, exercices, mod\u00e8les 3d et bien plus...","potentialAction":[{"@type":"SearchAction","target":{"@type":"EntryPoint","urlTemplate":"https:\/\/meca05.fr\/edu\/?s={search_term_string}"},"query-input":{"@type":"PropertyValueSpecification","valueRequired":true,"valueName":"search_term_string"}}],"inLanguage":"fr-FR"}]}},"_links":{"self":[{"href":"https:\/\/meca05.fr\/edu\/wp-json\/wp\/v2\/pages\/4188","targetHints":{"allow":["GET"]}}],"collection":[{"href":"https:\/\/meca05.fr\/edu\/wp-json\/wp\/v2\/pages"}],"about":[{"href":"https:\/\/meca05.fr\/edu\/wp-json\/wp\/v2\/types\/page"}],"author":[{"embeddable":true,"href":"https:\/\/meca05.fr\/edu\/wp-json\/wp\/v2\/users\/6"}],"replies":[{"embeddable":true,"href":"https:\/\/meca05.fr\/edu\/wp-json\/wp\/v2\/comments?post=4188"}],"version-history":[{"count":14,"href":"https:\/\/meca05.fr\/edu\/wp-json\/wp\/v2\/pages\/4188\/revisions"}],"predecessor-version":[{"id":4222,"href":"https:\/\/meca05.fr\/edu\/wp-json\/wp\/v2\/pages\/4188\/revisions\/4222"}],"up":[{"embeddable":true,"href":"https:\/\/meca05.fr\/edu\/wp-json\/wp\/v2\/pages\/2131"}],"wp:attachment":[{"href":"https:\/\/meca05.fr\/edu\/wp-json\/wp\/v2\/media?parent=4188"}],"curies":[{"name":"wp","href":"https:\/\/api.w.org\/{rel}","templated":true}]}}