{"id":4074,"date":"2024-11-05T08:44:06","date_gmt":"2024-11-05T07:44:06","guid":{"rendered":"https:\/\/meca05.fr\/edu\/?page_id=4074"},"modified":"2024-11-05T08:46:03","modified_gmt":"2024-11-05T07:46:03","slug":"ag-vtr","status":"publish","type":"page","link":"https:\/\/meca05.fr\/edu\/quizz\/2nde-cap\/ag-vtr\/","title":{"rendered":"Architecture Graphique VTR"},"content":{"rendered":"","protected":true},"excerpt":{"rendered":"","protected":true},"author":6,"featured_media":0,"parent":294,"menu_order":1,"comment_status":"closed","ping_status":"closed","template":"","meta":{"footnotes":""},"class_list":{"1":"page","2":"type-page","3":"status-publish","4":"post-password-required","5":"hentry"},"yoast_head":"<!-- This site is optimized with the Yoast SEO plugin v27.1.1 - https:\/\/yoast.com\/product\/yoast-seo-wordpress\/ -->\n<title>Architecture Graphique VTR - Construction M\u00e9canique<\/title>\n<meta name=\"robots\" content=\"index, follow, max-snippet:-1, max-image-preview:large, max-video-preview:-1\" \/>\n<link rel=\"canonical\" href=\"https:\/\/meca05.fr\/edu\/quizz\/2nde-cap\/ag-vtr\/\" \/>\n<meta property=\"og:locale\" content=\"fr_FR\" \/>\n<meta property=\"og:type\" content=\"article\" \/>\n<meta property=\"og:title\" content=\"Architecture Graphique VTR - Construction M\u00e9canique\" \/>\n<meta property=\"og:description\" content=\"Il n\u2019y a pas d\u2019extrait, car cette publication est prot\u00e9g\u00e9e.\" \/>\n<meta property=\"og:url\" content=\"https:\/\/meca05.fr\/edu\/quizz\/2nde-cap\/ag-vtr\/\" \/>\n<meta property=\"og:site_name\" content=\"Construction M\u00e9canique\" \/>\n<meta property=\"article:modified_time\" content=\"2024-11-05T07:46:03+00:00\" \/>\n<meta name=\"twitter:label1\" content=\"Dur\u00e9e de lecture estim\u00e9e\" \/>\n\t<meta name=\"twitter:data1\" content=\"1 minute\" \/>\n<script type=\"application\/ld+json\" class=\"yoast-schema-graph\">{\"@context\":\"https:\/\/schema.org\",\"@graph\":[{\"@type\":\"WebPage\",\"@id\":\"https:\/\/meca05.fr\/edu\/quizz\/2nde-cap\/ag-vtr\/\",\"url\":\"https:\/\/meca05.fr\/edu\/quizz\/2nde-cap\/ag-vtr\/\",\"name\":\"Architecture Graphique VTR - Construction M\u00e9canique\",\"isPartOf\":{\"@id\":\"https:\/\/meca05.fr\/edu\/#website\"},\"datePublished\":\"2024-11-05T07:44:06+00:00\",\"dateModified\":\"2024-11-05T07:46:03+00:00\",\"breadcrumb\":{\"@id\":\"https:\/\/meca05.fr\/edu\/quizz\/2nde-cap\/ag-vtr\/#breadcrumb\"},\"inLanguage\":\"fr-FR\"},{\"@type\":\"WebSite\",\"@id\":\"https:\/\/meca05.fr\/edu\/#website\",\"url\":\"https:\/\/meca05.fr\/edu\/\",\"name\":\"Construction M\u00e9canique\",\"description\":\"Cours, exercices, mod\u00e8les 3d et bien plus...\",\"potentialAction\":[{\"@type\":\"SearchAction\",\"target\":{\"@type\":\"EntryPoint\",\"urlTemplate\":\"https:\/\/meca05.fr\/edu\/?s={search_term_string}\"},\"query-input\":{\"@type\":\"PropertyValueSpecification\",\"valueRequired\":true,\"valueName\":\"search_term_string\"}}],\"inLanguage\":\"fr-FR\"}]}<\/script>\n<!-- \/ Yoast SEO plugin. -->","yoast_head_json":{"title":"Architecture Graphique VTR - Construction M\u00e9canique","robots":{"index":"index","follow":"follow","max-snippet":"max-snippet:-1","max-image-preview":"max-image-preview:large","max-video-preview":"max-video-preview:-1"},"canonical":"https:\/\/meca05.fr\/edu\/quizz\/2nde-cap\/ag-vtr\/","og_locale":"fr_FR","og_type":"article","og_title":"Architecture Graphique VTR - Construction M\u00e9canique","og_description":"Il n\u2019y a pas d\u2019extrait, car cette publication est prot\u00e9g\u00e9e.","og_url":"https:\/\/meca05.fr\/edu\/quizz\/2nde-cap\/ag-vtr\/","og_site_name":"Construction M\u00e9canique","article_modified_time":"2024-11-05T07:46:03+00:00","twitter_misc":{"Dur\u00e9e de lecture estim\u00e9e":"1 minute"},"schema":{"@context":"https:\/\/schema.org","@graph":[{"@type":"WebPage","@id":"https:\/\/meca05.fr\/edu\/quizz\/2nde-cap\/ag-vtr\/","url":"https:\/\/meca05.fr\/edu\/quizz\/2nde-cap\/ag-vtr\/","name":"Architecture Graphique VTR - Construction M\u00e9canique","isPartOf":{"@id":"https:\/\/meca05.fr\/edu\/#website"},"datePublished":"2024-11-05T07:44:06+00:00","dateModified":"2024-11-05T07:46:03+00:00","breadcrumb":{"@id":"https:\/\/meca05.fr\/edu\/quizz\/2nde-cap\/ag-vtr\/#breadcrumb"},"inLanguage":"fr-FR"},{"@type":"WebSite","@id":"https:\/\/meca05.fr\/edu\/#website","url":"https:\/\/meca05.fr\/edu\/","name":"Construction M\u00e9canique","description":"Cours, exercices, mod\u00e8les 3d et bien plus...","potentialAction":[{"@type":"SearchAction","target":{"@type":"EntryPoint","urlTemplate":"https:\/\/meca05.fr\/edu\/?s={search_term_string}"},"query-input":{"@type":"PropertyValueSpecification","valueRequired":true,"valueName":"search_term_string"}}],"inLanguage":"fr-FR"}]}},"_links":{"self":[{"href":"https:\/\/meca05.fr\/edu\/wp-json\/wp\/v2\/pages\/4074","targetHints":{"allow":["GET"]}}],"collection":[{"href":"https:\/\/meca05.fr\/edu\/wp-json\/wp\/v2\/pages"}],"about":[{"href":"https:\/\/meca05.fr\/edu\/wp-json\/wp\/v2\/types\/page"}],"author":[{"embeddable":true,"href":"https:\/\/meca05.fr\/edu\/wp-json\/wp\/v2\/users\/6"}],"replies":[{"embeddable":true,"href":"https:\/\/meca05.fr\/edu\/wp-json\/wp\/v2\/comments?post=4074"}],"version-history":[{"count":1,"href":"https:\/\/meca05.fr\/edu\/wp-json\/wp\/v2\/pages\/4074\/revisions"}],"predecessor-version":[{"id":4075,"href":"https:\/\/meca05.fr\/edu\/wp-json\/wp\/v2\/pages\/4074\/revisions\/4075"}],"up":[{"embeddable":true,"href":"https:\/\/meca05.fr\/edu\/wp-json\/wp\/v2\/pages\/294"}],"wp:attachment":[{"href":"https:\/\/meca05.fr\/edu\/wp-json\/wp\/v2\/media?parent=4074"}],"curies":[{"name":"wp","href":"https:\/\/api.w.org\/{rel}","templated":true}]}}