{"id":4002,"date":"2024-05-08T08:39:18","date_gmt":"2024-05-08T07:39:18","guid":{"rendered":"https:\/\/meca05.fr\/edu\/?page_id=4002"},"modified":"2024-05-08T09:32:44","modified_gmt":"2024-05-08T08:32:44","slug":"videos-diverses","status":"publish","type":"page","link":"https:\/\/meca05.fr\/edu\/tutos-videos\/videos-diverses\/","title":{"rendered":"Vid\u00e9os diverses"},"content":{"rendered":"<h4 style=\"text-align: left;\">L'attention<\/h4>\n<div style=\"width: 640px;\" class=\"wp-video\"><video class=\"wp-video-shortcode\" id=\"video-4002-1\" width=\"640\" height=\"360\" preload=\"metadata\" controls=\"controls\"><source type=\"video\/mp4\" src=\"https:\/\/meca05.fr\/edu\/public_vids\/files\/attention.mp4?_=1\" \/><a href=\"https:\/\/meca05.fr\/edu\/public_vids\/files\/attention.mp4\">https:\/\/meca05.fr\/edu\/public_vids\/files\/attention.mp4<\/a><\/video><\/div>\n<p>&nbsp;<\/p>\n<h4>L\u2019enseignement mutuel - Vincent FAILLET - Acad\u00e9mie de Paris<\/h4>\n<div style=\"width: 640px;\" class=\"wp-video\"><video class=\"wp-video-shortcode\" id=\"video-4002-2\" width=\"640\" height=\"360\" preload=\"metadata\" controls=\"controls\"><source type=\"video\/mp4\" src=\"https:\/\/meca05.fr\/edu\/public_vids\/files\/enseignement-mutuel.mp4?_=2\" \/><a href=\"https:\/\/meca05.fr\/edu\/public_vids\/files\/enseignement-mutuel.mp4\">https:\/\/meca05.fr\/edu\/public_vids\/files\/enseignement-mutuel.mp4<\/a><\/video><\/div>\n<p>&nbsp;<\/p>\n<p>&nbsp;<\/p>\n<p>&nbsp;<\/p>\n<p>&nbsp;<\/p>\n<p>&nbsp;<\/p>\n<p>&nbsp;<\/p>\n","protected":false},"excerpt":{"rendered":"<p>L'attention https:\/\/meca05.fr\/edu\/public_vids\/files\/attention.mp4 &nbsp; L\u2019enseignement mutuel - Vincent FAILLET - Acad\u00e9mie de Paris https:\/\/meca05.fr\/edu\/public_vids\/files\/enseignement-mutuel.mp4 &nbsp; &nbsp; &nbsp; &nbsp; &nbsp; &nbsp;<\/p>\n","protected":false},"author":6,"featured_media":0,"parent":1903,"menu_order":0,"comment_status":"closed","ping_status":"closed","template":"","meta":{"footnotes":""},"class_list":{"1":"page","2":"type-page","3":"status-publish","4":"hentry"},"yoast_head":"<!-- This site is optimized with the Yoast SEO plugin v27.1.1 - https:\/\/yoast.com\/product\/yoast-seo-wordpress\/ -->\n<title>Vid\u00e9os diverses - Construction M\u00e9canique<\/title>\n<meta name=\"robots\" content=\"index, follow, max-snippet:-1, max-image-preview:large, max-video-preview:-1\" \/>\n<link rel=\"canonical\" href=\"https:\/\/meca05.fr\/edu\/tutos-videos\/videos-diverses\/\" \/>\n<meta property=\"og:locale\" content=\"fr_FR\" \/>\n<meta property=\"og:type\" content=\"article\" \/>\n<meta property=\"og:title\" content=\"Vid\u00e9os diverses - Construction M\u00e9canique\" \/>\n<meta property=\"og:description\" content=\"L&#039;attention https:\/\/meca05.fr\/edu\/public_vids\/files\/attention.mp4 &nbsp; L\u2019enseignement mutuel - Vincent FAILLET - Acad\u00e9mie de Paris https:\/\/meca05.fr\/edu\/public_vids\/files\/enseignement-mutuel.mp4 &nbsp; &nbsp; &nbsp; &nbsp; &nbsp; &nbsp;\" \/>\n<meta property=\"og:url\" content=\"https:\/\/meca05.fr\/edu\/tutos-videos\/videos-diverses\/\" \/>\n<meta property=\"og:site_name\" content=\"Construction M\u00e9canique\" \/>\n<meta property=\"article:modified_time\" content=\"2024-05-08T08:32:44+00:00\" \/>\n<meta name=\"twitter:label1\" content=\"Dur\u00e9e de lecture estim\u00e9e\" \/>\n\t<meta name=\"twitter:data1\" content=\"1 minute\" \/>\n<script type=\"application\/ld+json\" class=\"yoast-schema-graph\">{\"@context\":\"https:\/\/schema.org\",\"@graph\":[{\"@type\":\"WebPage\",\"@id\":\"https:\/\/meca05.fr\/edu\/tutos-videos\/videos-diverses\/\",\"url\":\"https:\/\/meca05.fr\/edu\/tutos-videos\/videos-diverses\/\",\"name\":\"Vid\u00e9os diverses - Construction M\u00e9canique\",\"isPartOf\":{\"@id\":\"https:\/\/meca05.fr\/edu\/#website\"},\"datePublished\":\"2024-05-08T07:39:18+00:00\",\"dateModified\":\"2024-05-08T08:32:44+00:00\",\"breadcrumb\":{\"@id\":\"https:\/\/meca05.fr\/edu\/tutos-videos\/videos-diverses\/#breadcrumb\"},\"inLanguage\":\"fr-FR\",\"potentialAction\":[{\"@type\":\"ReadAction\",\"target\":[\"https:\/\/meca05.fr\/edu\/tutos-videos\/videos-diverses\/\"]}]},{\"@type\":\"BreadcrumbList\",\"@id\":\"https:\/\/meca05.fr\/edu\/tutos-videos\/videos-diverses\/#breadcrumb\",\"itemListElement\":[{\"@type\":\"ListItem\",\"position\":1,\"name\":\"Tutos &#038; vid\u00e9os\",\"item\":\"https:\/\/meca05.fr\/edu\/tutos-videos\/\"},{\"@type\":\"ListItem\",\"position\":2,\"name\":\"Vid\u00e9os diverses\"}]},{\"@type\":\"WebSite\",\"@id\":\"https:\/\/meca05.fr\/edu\/#website\",\"url\":\"https:\/\/meca05.fr\/edu\/\",\"name\":\"Construction M\u00e9canique\",\"description\":\"Cours, exercices, mod\u00e8les 3d et bien plus...\",\"potentialAction\":[{\"@type\":\"SearchAction\",\"target\":{\"@type\":\"EntryPoint\",\"urlTemplate\":\"https:\/\/meca05.fr\/edu\/?s={search_term_string}\"},\"query-input\":{\"@type\":\"PropertyValueSpecification\",\"valueRequired\":true,\"valueName\":\"search_term_string\"}}],\"inLanguage\":\"fr-FR\"}]}<\/script>\n<!-- \/ Yoast SEO plugin. -->","yoast_head_json":{"title":"Vid\u00e9os diverses - Construction M\u00e9canique","robots":{"index":"index","follow":"follow","max-snippet":"max-snippet:-1","max-image-preview":"max-image-preview:large","max-video-preview":"max-video-preview:-1"},"canonical":"https:\/\/meca05.fr\/edu\/tutos-videos\/videos-diverses\/","og_locale":"fr_FR","og_type":"article","og_title":"Vid\u00e9os diverses - Construction M\u00e9canique","og_description":"L'attention https:\/\/meca05.fr\/edu\/public_vids\/files\/attention.mp4 &nbsp; L\u2019enseignement mutuel - Vincent FAILLET - Acad\u00e9mie de Paris https:\/\/meca05.fr\/edu\/public_vids\/files\/enseignement-mutuel.mp4 &nbsp; &nbsp; &nbsp; &nbsp; &nbsp; &nbsp;","og_url":"https:\/\/meca05.fr\/edu\/tutos-videos\/videos-diverses\/","og_site_name":"Construction M\u00e9canique","article_modified_time":"2024-05-08T08:32:44+00:00","twitter_misc":{"Dur\u00e9e de lecture estim\u00e9e":"1 minute"},"schema":{"@context":"https:\/\/schema.org","@graph":[{"@type":"WebPage","@id":"https:\/\/meca05.fr\/edu\/tutos-videos\/videos-diverses\/","url":"https:\/\/meca05.fr\/edu\/tutos-videos\/videos-diverses\/","name":"Vid\u00e9os diverses - Construction M\u00e9canique","isPartOf":{"@id":"https:\/\/meca05.fr\/edu\/#website"},"datePublished":"2024-05-08T07:39:18+00:00","dateModified":"2024-05-08T08:32:44+00:00","breadcrumb":{"@id":"https:\/\/meca05.fr\/edu\/tutos-videos\/videos-diverses\/#breadcrumb"},"inLanguage":"fr-FR","potentialAction":[{"@type":"ReadAction","target":["https:\/\/meca05.fr\/edu\/tutos-videos\/videos-diverses\/"]}]},{"@type":"BreadcrumbList","@id":"https:\/\/meca05.fr\/edu\/tutos-videos\/videos-diverses\/#breadcrumb","itemListElement":[{"@type":"ListItem","position":1,"name":"Tutos &#038; vid\u00e9os","item":"https:\/\/meca05.fr\/edu\/tutos-videos\/"},{"@type":"ListItem","position":2,"name":"Vid\u00e9os diverses"}]},{"@type":"WebSite","@id":"https:\/\/meca05.fr\/edu\/#website","url":"https:\/\/meca05.fr\/edu\/","name":"Construction M\u00e9canique","description":"Cours, exercices, mod\u00e8les 3d et bien plus...","potentialAction":[{"@type":"SearchAction","target":{"@type":"EntryPoint","urlTemplate":"https:\/\/meca05.fr\/edu\/?s={search_term_string}"},"query-input":{"@type":"PropertyValueSpecification","valueRequired":true,"valueName":"search_term_string"}}],"inLanguage":"fr-FR"}]}},"_links":{"self":[{"href":"https:\/\/meca05.fr\/edu\/wp-json\/wp\/v2\/pages\/4002","targetHints":{"allow":["GET"]}}],"collection":[{"href":"https:\/\/meca05.fr\/edu\/wp-json\/wp\/v2\/pages"}],"about":[{"href":"https:\/\/meca05.fr\/edu\/wp-json\/wp\/v2\/types\/page"}],"author":[{"embeddable":true,"href":"https:\/\/meca05.fr\/edu\/wp-json\/wp\/v2\/users\/6"}],"replies":[{"embeddable":true,"href":"https:\/\/meca05.fr\/edu\/wp-json\/wp\/v2\/comments?post=4002"}],"version-history":[{"count":4,"href":"https:\/\/meca05.fr\/edu\/wp-json\/wp\/v2\/pages\/4002\/revisions"}],"predecessor-version":[{"id":4007,"href":"https:\/\/meca05.fr\/edu\/wp-json\/wp\/v2\/pages\/4002\/revisions\/4007"}],"up":[{"embeddable":true,"href":"https:\/\/meca05.fr\/edu\/wp-json\/wp\/v2\/pages\/1903"}],"wp:attachment":[{"href":"https:\/\/meca05.fr\/edu\/wp-json\/wp\/v2\/media?parent=4002"}],"curies":[{"name":"wp","href":"https:\/\/api.w.org\/{rel}","templated":true}]}}