{"id":3828,"date":"2023-11-16T15:34:57","date_gmt":"2023-11-16T14:34:57","guid":{"rendered":"https:\/\/meca05.fr\/edu\/?page_id=3828"},"modified":"2023-11-16T15:44:45","modified_gmt":"2023-11-16T14:44:45","slug":"contact-form","status":"publish","type":"page","link":"https:\/\/meca05.fr\/edu\/contact-cv\/contact-form\/","title":{"rendered":"Formulaire de contact"},"content":{"rendered":"<style>@media (max-width:480px){#cp_calculatedfieldsf_pform_1{min-height:876px;}}@media (min-width:1024px){#cp_calculatedfieldsf_pform_1{min-height:732px;}}<\/style>\t<pre style=\"display:none !important;\"><script data-category=\"functional\" type=\"text\/javascript\">\r\n\t function doValidate_1(form, validation_only)\r\n\t {\r\n\t\tvalidation_only = validation_only || false;\r\n        window['cff_enabling_form' ] = function(_form){\r\n            if(!(_form instanceof $dexQuery)) _form = $dexQuery(_form);\r\n            _form.validate().settings.ignore = '.ignore,.ignorepb';\r\n            _form.removeData('being-submitted');\r\n            _form.find('.submitbtn-disabled').removeClass('submitbtn-disabled').prop('disabled', false);\r\n            _form.find('.cff-processing-form').remove();\r\n        };\r\n        window['cff_disabling_form'] = function(_form){\r\n            if(!(_form instanceof $dexQuery)) _form = $dexQuery(_form);\r\n            if(cff_form_disabled(_form)) return;\r\n            _form.find('.pbSubmit,:submit').addClass('submitbtn-disabled').prop('disabled', true);\r\n            _form.data('being-submitted',1);\r\n            var d = document.createElement('div');\r\n            $dexQuery(d).addClass('cff-processing-form').appendTo(_form.find('#fbuilder'));\r\n        };\r\n        window['cff_form_disabled' ] = function(_form){\r\n            if(!(_form instanceof $dexQuery)) _form = $dexQuery(_form);\r\n            return ('undefined' != typeof _form.data('being-submitted'));\r\n        };\r\n\t\tvar form_identifier =  '_1';\r\n\t\tif(typeof cpcff_validation_rules == 'undefined') cpcff_validation_rules = {};\r\n\t\tif(typeof cpcff_validation_rules[form_identifier] == 'undefined') cpcff_validation_rules[form_identifier] = {};\r\n\t\tvar $dexQuery = (fbuilderjQuery) ? fbuilderjQuery : jQuery.noConflict(),\r\n\t\t\t_form = $dexQuery(\"#cp_calculatedfieldsf_pform\"+form_identifier),\r\n\t\t\tform_disabled = function(){cff_form_disabled(_form);},\r\n\t\t\tdisabling_form = function(){cff_disabling_form(_form);},\r\n\t\t\tenabling_form = function(){cff_enabling_form(_form);};\r\n\t\tif(form_disabled()) return false;\r\n\t\t_form.find('[max=\"\"]').removeAttr('max');\r\n\t\t_form.find('[min=\"\"]').removeAttr('min');\r\n\t\t_form.find('[step=\"\"]').removeAttr('step');\r\n\t\t_form.validate().settings.ignore = '.ignore';\r\n\t\tvar\tcpefb_error = !_form.validate().checkForm();\r\n\t\tvar\tvalidation_rules = cpcff_validation_rules[form_identifier],\r\n\t\t\tprocessing_form = function()\r\n\t\t\t{\r\n                \t\t\t\tfor(var rule in validation_rules)\r\n\t\t\t\t{\r\n\t\t\t\t\tif(!validation_rules[rule]) {\r\n\t\t\t\t\t\t$dexQuery(form).trigger('cff-form-validation', false);\r\n\t\t\t\t\t\treturn;\r\n\t\t\t\t\t}\r\n\t\t\t\t}\r\n\r\n\t\t\t\tif ( validation_only ) {\r\n\t\t\t\t\t$dexQuery(form).trigger('cff-form-validation', true);\r\n\t\t\t\t\treturn;\r\n\t\t\t\t}\r\n\t\t\t\t_form.find(\"[name$='_date'][type='hidden']\").each(function(){\r\n\t\t\t\t\tvar v  \t = $dexQuery(this).val(),\r\n\t\t\t\t\t\tname = $dexQuery(this).attr( 'name' ).replace('_date', ''),\r\n\t\t\t\t\t\te \t = $dexQuery(\"[name='\"+name+\"']\");\r\n\t\t\t\t\t\tif( e.length && ! $dexQuery(\"[id='\"+name+\"_datepicker_container']\").length ){ e.val( String( e.val().replace( v, '' ) ).trim() ); }\r\n\t\t\t\t});\r\n\t\t\t\t_form.find(\"select option[vt]\").each(function(){\r\n                    var e = $dexQuery(this);\r\n                    e.attr('cff-val-bk', e.val()).val(cff_sanitize(e.attr(\"vt\"), true));\r\n\t\t\t\t});\r\n\t\t\t\t_form.find(\"input[vt]\").each(function(){\r\n                    var e = $dexQuery(this),\r\n\t\t\t\t\t\tq = $dexQuery('[id=\"'+e.attr('id')+'_quantity\"]');\r\n                    e.attr('cff-val-bk', e.val()).val(cff_sanitize(e.attr(\"vt\"), true)+(q.length ? ' ('+Math.max(1, q.val())+')' : ''));\r\n\t\t\t\t});\r\n\t\t\t\t_form.find('.cpcff-recordset,.cff-exclude :input,[id^=\"form_structure_\"]')\r\n\t\t\t\t.add(_form.find( '.ignore' )).attr('cff-disabled', 1).prop('disabled', true);\r\n\t\t\t\tdisabling_form();\r\n\t\t\t\t\t\t\t\tif ( _form.attr( 'target' ) == undefined && window.self !== window.top ) {\r\n\t\t\t\t\t_form.attr( 'target', '_top' );\r\n\t\t\t\t}\r\n\t\t\t\tif ( _form.attr( 'target' ) != undefined && NOT( IN( _form.attr( 'target' ).toLowerCase(), [ '_blank', '_self', '_top', '' ] ) ) ) {\r\n\t\t\t\t\t$dexQuery('[name=\"'+_form.prop( 'target' )+'\"]').one('load', function(){\r\n\t\t\t\t\t\t_form.find('[cff-val-bk]').each(function(){\r\n\t\t\t\t\t\t\tvar e = $dexQuery(this);\r\n\t\t\t\t\t\t\te.val(e.attr('cff-val-bk')).removeAttr('cff-val-bk');\r\n\t\t\t\t\t\t});\r\n\t\t\t\t\t\t_form.find('[cff-disabled]').prop('disabled', false).removeAttr('cff-disabled');\r\n\t\t\t\t\t\tif(!\/^(\\s*|_self|_top|_parent)$\/i.test(_form.prop('target'))) {\r\n\t\t\t\t\t\t\tenabling_form();\r\n\t\t\t\t\t\t}\r\n\t\t\t\t\t\t$dexQuery(document).trigger('cff-form-submitted', _form);\r\n\t\t\t\t\t});\r\n\t\t\t\t}\r\n                _form[ 0 ].submit();\r\n\t\t\t};\r\n\t\ttry{\r\n\t\t\t_form.find('[name=\"cp_ref_page\"]').val(parent.window.document.location.href);\r\n\t\t} catch (err) {\r\n\t\t\t_form.find('[name=\"cp_ref_page\"]').val(document.location.href);\r\n\t\t}\r\n\t\tvalidation_rules['fields_validation_error'] = (cpefb_error==0);\r\n        \/* 1: Do not submit if the equations are being evaluated *\/\r\n        validation_rules['no_pending'] = (!(form_identifier in $dexQuery.fbuilder.calculator.processing_queue) || !$dexQuery.fbuilder.calculator.processing_queue[form_identifier]) && !$dexQuery.fbuilder.calculator.thereIsPending(form_identifier);\r\n\t\tif(!validation_rules['no_pending'])\r\n\t\t{\r\n\t\t\t$dexQuery(document).on('equationsQueueEmpty', function(evt, formId){\r\n\t\t\t\tif(formId == form_identifier)\r\n\t\t\t\t{\r\n\t\t\t\t\t$dexQuery(document).off('equationsQueueEmpty');\r\n\t\t\t\t\tvalidation_rules['no_pending']  = true;\r\n\t\t\t\t\tprocessing_form();\r\n\t\t\t\t}\r\n\t\t\t});\r\n\t\t}\r\n\t\t\/* End :1 *\/\r\n\t\tif (validation_rules['fields_validation_error'])\r\n\t\t{\r\n\t\t  if (_form.find('[id^=\"hdcaptcha_cp_calculated_fields_form_post_\"]').val() == '')\r\n\t\t\t{\r\n\t\t\t\t$dexQuery(form).trigger('cff-form-validation', false);\r\n\t\t\t\talert('Ecrire le code de s\u00e9curit\u00e9 svp');\r\n\t\t\t\treturn false;\r\n\t\t\t}\r\n\t\t\tdisabling_form();\r\n\t\t\tvalidation_rules['captcha'] = false;\r\n\t\t\t$dexQuery.ajax({\r\n\t\t\t\ttype: \"GET\",\r\n\t\t\t\turl:  _form.prop('action').replace(\/\\?$\/g, ''),\r\n\t\t\t\tdata: {\r\n\t\t\t\t\tps: form_identifier,\r\n\t\t\t\t\thdcaptcha_cp_calculated_fields_form_post: _form.find('[id^=\"hdcaptcha_cp_calculated_fields_form_post_\"]').val(),\r\n\t\t\t\t\tcp_calculatedfieldsf_id: _form.find('[name=\"cp_calculatedfieldsf_id\"]').val(),\r\n\t\t\t\t\tno_cache: Date.now()\r\n\t\t\t\t},\r\n\t\t\t\tsuccess:function(result){\r\n\t\t\t\t\tenabling_form();\r\n\t\t\t\t\tif (result == \"captchafailed\")\r\n\t\t\t\t\t{\r\n\t\t\t\t\t\t_form.find('[id^=\"captchaimg_\"]').attr('src', _form.find('[id^=\"captchaimg_\"]').attr('src')+'&'+Date());\r\n\t\t\t\t\t\t$dexQuery(form).trigger('cff-form-validation', false);\r\n\t\t\t\t\t\talert('Code de s\u00e9curit\u00e9 incorrect. Recommencer');\r\n\t\t\t\t\t\treturn false;\r\n\t\t\t\t\t}\r\n\t\t\t\t\telse\r\n\t\t\t\t\t{\r\n\t\t\t\t\t\tvalidation_rules['captcha'] = true;\r\n\t\t\t\t\t\tprocessing_form();\r\n\t\t\t\t\t}\r\n\t\t\t\t}\r\n\t\t\t});\r\n\t\t\t\t}\r\n\t\telse\r\n\t\t{\r\n            _form.valid();\r\n            var page = $dexQuery('.cpefb_error:not(.message):not(.ignore):eq(0)').closest('.pbreak').attr('page')*1;\r\n            gotopage(page, _form);\r\n\t\t\t$dexQuery(form).trigger('cff-form-validation', false);\r\n\t\t\tenabling_form();\r\n\t\t\tsetTimeout(function(){$dexQuery.fbuilder.openErrorDlg(_form);},50);\r\n\t\t}\r\n\t\treturn false;\r\n\t}\r\n\t<\/script><\/pre>\r\n\t<form name=\"cp_calculatedfieldsf_pform_1\" id=\"cp_calculatedfieldsf_pform_1\" action=\"https:\/\/meca05.fr\/edu\/contact-cv\/contact-form\/\" method=\"post\" enctype=\"multipart\/form-data\" onsubmit=\"return doValidate_1(this);\" class=\"cff-form no-prefetch  cff-form-13 cp_cff_13\"  data-nonce=\"e5ca66a896\">\r\n\t\t\t<input type=\"hidden\" name=\"cp_calculatedfieldsf_pform_psequence\" value=\"_1\" \/><input type=\"hidden\" name=\"cp_calculatedfieldsf_pform_process\" value=\"1\" \/><input type=\"hidden\" name=\"cp_calculatedfieldsf_id\" value=\"13\" \/><input type=\"hidden\" name=\"cp_ref_page\" value=\"https:\/\/meca05.fr\/edu\" \/><pre style=\"display:none !important;\"><script data-category=\"functional\" type=\"text\/javascript\">form_structure_1=[[{\"fBuild\":{},\"name\":\"fieldname5\",\"index\":0,\"parent\":\"\",\"title\":\"Nom :\",\"required\":true,\"maxlength\":\"25\",\"form_identifier\":\"\",\"shortlabel\":\"\",\"ftype\":\"ftext\",\"userhelp\":\"\",\"userhelpTooltip\":false,\"tooltipIcon\":false,\"csslayout\":\"\",\"predefined\":\"\",\"predefinedClick\":false,\"exclude\":false,\"readonly\":false,\"size\":\"medium\",\"minlength\":\"\",\"equalTo\":\"\",\"regExp\":\"\",\"regExpMssg\":\"\"},{\"form_identifier\":\"\",\"name\":\"fieldname2\",\"shortlabel\":\"\",\"index\":1,\"ftype\":\"femail\",\"userhelp\":\"\",\"userhelpTooltip\":false,\"tooltipIcon\":false,\"csslayout\":\"\",\"title\":\"@mail :\",\"predefined\":\"\",\"predefinedClick\":false,\"required\":true,\"exclude\":false,\"readonly\":false,\"size\":\"small\",\"equalTo\":\"\",\"regExp\":\"\",\"regExpMssg\":\"\",\"fBuild\":{},\"parent\":\"\"},{\"form_identifier\":\"\",\"name\":\"separator1\",\"shortlabel\":\"\",\"index\":2,\"ftype\":\"fSectionBreak\",\"userhelp\":\"\",\"userhelpTooltip\":false,\"tooltipIcon\":false,\"csslayout\":\"\",\"title\":\"\",\"fBuild\":{},\"parent\":\"\"},{\"form_identifier\":\"\",\"name\":\"fieldname3\",\"shortlabel\":\"\",\"index\":3,\"ftype\":\"ftextarea\",\"userhelp\":\"\",\"userhelpTooltip\":false,\"tooltipIcon\":false,\"csslayout\":\"\",\"title\":\"Sujet\",\"predefined\":\"\",\"predefinedClick\":false,\"required\":true,\"exclude\":false,\"readonly\":false,\"size\":\"small\",\"minlength\":\"0\",\"maxlength\":\"25\",\"rows\":\"1\",\"fBuild\":{},\"parent\":\"\"},{\"form_identifier\":\"\",\"name\":\"fieldname4\",\"shortlabel\":\"\",\"index\":4,\"ftype\":\"ftextarea\",\"userhelp\":\"\",\"userhelpTooltip\":false,\"tooltipIcon\":false,\"csslayout\":\"\",\"title\":\"Message\",\"predefined\":\"\",\"predefinedClick\":false,\"required\":true,\"exclude\":false,\"readonly\":false,\"size\":\"medium\",\"minlength\":\"0\",\"maxlength\":\"300\",\"rows\":\"8\",\"fBuild\":{},\"parent\":\"\"}],{\"0\":{\"title\":\"Formulaire \\u00e0 compl\\u00e9ter :\",\"description\":\"\",\"formlayout\":\"left_aligned\",\"request_cost\":\"fieldname5\",\"formtemplate\":\"cp_cff_13\",\"evalequations\":1,\"evalequationsevent\":2,\"autocomplete\":1,\"persistence\":0,\"customstyles\":\"\"},\"formid\":\"cp_calculatedfieldsf_pform_1\",\"setCache\":false,\"cache\":false}];<\/script><\/pre>\r\n\t\t<div id=\"fbuilder\">\r\n\t\t\t\t\t\t<div id=\"fbuilder_1\">\r\n\t\t\t\t<div id=\"formheader_1\"><\/div>\r\n\t\t\t\t<div id=\"fieldlist_1\"><\/div>\r\n                <div class=\"clearer\"><\/div>\r\n\t\t\t<\/div>\r\n\t\t\t<div id=\"cpcaptchalayer_1\" class=\"cpcaptchalayer\" style=\"display:none;\">\r\n\t\t\t\t\t\t<div class=\"fields\" id=\"field-c0\" style=\"display:none\">\r\n\t\t\t\t<label>Payment options<\/label>\r\n\t\t\t\t<div class=\"dfield\">\r\n\t\t\t\t \t\t\t\t <!--addons-payment-options-->\r\n    \t\t\t \t\t\t\t<\/div>\r\n\t\t\t\t<div class=\"clearer\"><\/div>\r\n\t\t\t<\/div>\r\n\t\t\t<!--addons-payment-fields-->\r\n\t\t\t\t\t\t\t<div class=\"fields\">\r\n\t\t\t\t\t<label>Ecrire le code de s\u00e9curit\u00e9<\/label>\r\n\t\t\t\t\t<div class=\"dfield\">\r\n\t\t\t\t\t\t<img decoding=\"async\" src=\"https:\/\/meca05.fr\/edu\/?cp_calculatedfieldsf=captcha&amp;cff=13&amp;ps=_1\"  id=\"captchaimg_1\" alt=\"security code\" border=\"0\" title=\"If you cannot understand the captcha code, press the image\" width=\"180\" height=\"60\" class=\"skip-lazy\" \/>\r\n\t\t\t\t\t<\/div>\r\n\t\t\t\t\t<div class=\"clearer\"><\/div>\r\n\t\t\t\t<\/div>\r\n\t\t\t\t<div class=\"fields\">\r\n\t\t\t\t\t<label for=\"hdcaptcha_cp_calculated_fields_form_post_1\">Code de s\u00e9curit\u00e9 (en minuscules)<\/label>\r\n\t\t\t\t\t<div class=\"dfield\">\r\n\t\t\t\t\t\t<input type=\"text\" size=\"20\" name=\"hdcaptcha_cp_calculated_fields_form_post\" id=\"hdcaptcha_cp_calculated_fields_form_post_1\" value=\"\" \/>\r\n\t\t\t\t\t\t<div class=\"error message\" id=\"hdcaptcha_error_1\" style=\"display:none;\"><\/div>\r\n\t\t\t\t\t<\/div>\r\n\t\t\t\t\t<div class=\"clearer\"><\/div>\r\n\t\t\t\t<\/div>\r\n\t\t\t\t\t\t<!--add-ons-->\r\n\t\t\t<\/div>\r\n\t\t\t\t\t\t<div id=\"cp_subbtn_1\" class=\"cp_subbtn\" style=\"display:none;\">Envoyer<\/div>\r\n\t\t\t\t\t\t<div class=\"clearer\"><\/div>\r\n\t\t<\/div>\r\n\t<input type=\"hidden\" id=\"_cpcff_public_nonce\" name=\"_cpcff_public_nonce\" value=\"363f4380f4\" \/><input type=\"hidden\" name=\"_wp_http_referer\" value=\"\/edu\/wp-json\/wp\/v2\/pages\/3828\" \/>    <\/form>\r\n\n","protected":false},"excerpt":{"rendered":"","protected":false},"author":6,"featured_media":0,"parent":1444,"menu_order":1,"comment_status":"closed","ping_status":"closed","template":"","meta":{"footnotes":""},"class_list":{"1":"page","2":"type-page","3":"status-publish","4":"hentry"},"yoast_head":"<!-- This site is optimized with the Yoast SEO plugin v27.1.1 - https:\/\/yoast.com\/product\/yoast-seo-wordpress\/ -->\n<title>Formulaire de contact - Construction M\u00e9canique<\/title>\n<meta name=\"robots\" content=\"index, follow, max-snippet:-1, max-image-preview:large, max-video-preview:-1\" \/>\n<link rel=\"canonical\" href=\"https:\/\/meca05.fr\/edu\/contact-cv\/contact-form\/\" \/>\n<meta property=\"og:locale\" content=\"fr_FR\" \/>\n<meta property=\"og:type\" content=\"article\" \/>\n<meta property=\"og:title\" content=\"Formulaire de contact - Construction M\u00e9canique\" \/>\n<meta property=\"og:url\" content=\"https:\/\/meca05.fr\/edu\/contact-cv\/contact-form\/\" \/>\n<meta property=\"og:site_name\" content=\"Construction M\u00e9canique\" \/>\n<meta property=\"article:modified_time\" content=\"2023-11-16T14:44:45+00:00\" \/>\n<meta name=\"twitter:label1\" content=\"Dur\u00e9e de lecture estim\u00e9e\" \/>\n\t<meta name=\"twitter:data1\" content=\"1 minute\" \/>\n<script type=\"application\/ld+json\" class=\"yoast-schema-graph\">{\"@context\":\"https:\/\/schema.org\",\"@graph\":[{\"@type\":\"WebPage\",\"@id\":\"https:\/\/meca05.fr\/edu\/contact-cv\/contact-form\/\",\"url\":\"https:\/\/meca05.fr\/edu\/contact-cv\/contact-form\/\",\"name\":\"Formulaire de contact - Construction M\u00e9canique\",\"isPartOf\":{\"@id\":\"https:\/\/meca05.fr\/edu\/#website\"},\"datePublished\":\"2023-11-16T14:34:57+00:00\",\"dateModified\":\"2023-11-16T14:44:45+00:00\",\"breadcrumb\":{\"@id\":\"https:\/\/meca05.fr\/edu\/contact-cv\/contact-form\/#breadcrumb\"},\"inLanguage\":\"fr-FR\",\"potentialAction\":[{\"@type\":\"ReadAction\",\"target\":[\"https:\/\/meca05.fr\/edu\/contact-cv\/contact-form\/\"]}]},{\"@type\":\"BreadcrumbList\",\"@id\":\"https:\/\/meca05.fr\/edu\/contact-cv\/contact-form\/#breadcrumb\",\"itemListElement\":[{\"@type\":\"ListItem\",\"position\":1,\"name\":\"Contact &#038; CV\",\"item\":\"https:\/\/meca05.fr\/edu\/contact-cv\/\"},{\"@type\":\"ListItem\",\"position\":2,\"name\":\"Formulaire de contact\"}]},{\"@type\":\"WebSite\",\"@id\":\"https:\/\/meca05.fr\/edu\/#website\",\"url\":\"https:\/\/meca05.fr\/edu\/\",\"name\":\"Construction M\u00e9canique\",\"description\":\"Cours, exercices, mod\u00e8les 3d et bien plus...\",\"potentialAction\":[{\"@type\":\"SearchAction\",\"target\":{\"@type\":\"EntryPoint\",\"urlTemplate\":\"https:\/\/meca05.fr\/edu\/?s={search_term_string}\"},\"query-input\":{\"@type\":\"PropertyValueSpecification\",\"valueRequired\":true,\"valueName\":\"search_term_string\"}}],\"inLanguage\":\"fr-FR\"}]}<\/script>\n<!-- \/ Yoast SEO plugin. -->","yoast_head_json":{"title":"Formulaire de contact - Construction M\u00e9canique","robots":{"index":"index","follow":"follow","max-snippet":"max-snippet:-1","max-image-preview":"max-image-preview:large","max-video-preview":"max-video-preview:-1"},"canonical":"https:\/\/meca05.fr\/edu\/contact-cv\/contact-form\/","og_locale":"fr_FR","og_type":"article","og_title":"Formulaire de contact - Construction M\u00e9canique","og_url":"https:\/\/meca05.fr\/edu\/contact-cv\/contact-form\/","og_site_name":"Construction M\u00e9canique","article_modified_time":"2023-11-16T14:44:45+00:00","twitter_misc":{"Dur\u00e9e de lecture estim\u00e9e":"1 minute"},"schema":{"@context":"https:\/\/schema.org","@graph":[{"@type":"WebPage","@id":"https:\/\/meca05.fr\/edu\/contact-cv\/contact-form\/","url":"https:\/\/meca05.fr\/edu\/contact-cv\/contact-form\/","name":"Formulaire de contact - Construction M\u00e9canique","isPartOf":{"@id":"https:\/\/meca05.fr\/edu\/#website"},"datePublished":"2023-11-16T14:34:57+00:00","dateModified":"2023-11-16T14:44:45+00:00","breadcrumb":{"@id":"https:\/\/meca05.fr\/edu\/contact-cv\/contact-form\/#breadcrumb"},"inLanguage":"fr-FR","potentialAction":[{"@type":"ReadAction","target":["https:\/\/meca05.fr\/edu\/contact-cv\/contact-form\/"]}]},{"@type":"BreadcrumbList","@id":"https:\/\/meca05.fr\/edu\/contact-cv\/contact-form\/#breadcrumb","itemListElement":[{"@type":"ListItem","position":1,"name":"Contact &#038; CV","item":"https:\/\/meca05.fr\/edu\/contact-cv\/"},{"@type":"ListItem","position":2,"name":"Formulaire de contact"}]},{"@type":"WebSite","@id":"https:\/\/meca05.fr\/edu\/#website","url":"https:\/\/meca05.fr\/edu\/","name":"Construction M\u00e9canique","description":"Cours, exercices, mod\u00e8les 3d et bien plus...","potentialAction":[{"@type":"SearchAction","target":{"@type":"EntryPoint","urlTemplate":"https:\/\/meca05.fr\/edu\/?s={search_term_string}"},"query-input":{"@type":"PropertyValueSpecification","valueRequired":true,"valueName":"search_term_string"}}],"inLanguage":"fr-FR"}]}},"_links":{"self":[{"href":"https:\/\/meca05.fr\/edu\/wp-json\/wp\/v2\/pages\/3828","targetHints":{"allow":["GET"]}}],"collection":[{"href":"https:\/\/meca05.fr\/edu\/wp-json\/wp\/v2\/pages"}],"about":[{"href":"https:\/\/meca05.fr\/edu\/wp-json\/wp\/v2\/types\/page"}],"author":[{"embeddable":true,"href":"https:\/\/meca05.fr\/edu\/wp-json\/wp\/v2\/users\/6"}],"replies":[{"embeddable":true,"href":"https:\/\/meca05.fr\/edu\/wp-json\/wp\/v2\/comments?post=3828"}],"version-history":[{"count":3,"href":"https:\/\/meca05.fr\/edu\/wp-json\/wp\/v2\/pages\/3828\/revisions"}],"predecessor-version":[{"id":3832,"href":"https:\/\/meca05.fr\/edu\/wp-json\/wp\/v2\/pages\/3828\/revisions\/3832"}],"up":[{"embeddable":true,"href":"https:\/\/meca05.fr\/edu\/wp-json\/wp\/v2\/pages\/1444"}],"wp:attachment":[{"href":"https:\/\/meca05.fr\/edu\/wp-json\/wp\/v2\/media?parent=3828"}],"curies":[{"name":"wp","href":"https:\/\/api.w.org\/{rel}","templated":true}]}}