{"id":3665,"date":"2023-04-22T09:52:14","date_gmt":"2023-04-22T08:52:14","guid":{"rendered":"https:\/\/meca05.fr\/edu\/?page_id=3665"},"modified":"2023-07-11T15:26:55","modified_gmt":"2023-07-11T14:26:55","slug":"2023-traversee-alpes","status":"publish","type":"page","link":"https:\/\/meca05.fr\/edu\/prive\/randos\/2023-traversee-alpes\/","title":{"rendered":"2023 - Travers\u00e9e des Alpes"},"content":{"rendered":"<p style=\"text-align: center;\"><input type='hidden' bg_collapse_expand='69dc5aee63b3f6041118847' value='69dc5aee63b3f6041118847'><input type='hidden' id='bg-show-more-text-69dc5aee63b3f6041118847' value='Proposition A'><input type='hidden' id='bg-show-less-text-69dc5aee63b3f6041118847' value='Proposition A'><button id='bg-showmore-action-69dc5aee63b3f6041118847' class='bg-showmore-plg-button bg-orange-button  '   style=\" color:#4a4949;\">Proposition A<\/button><div id='bg-showmore-hidden-69dc5aee63b3f6041118847' ><\/p>\n<h4 style=\"text-align: center\">11 jours de marche - 10563 D+ \/ 12170 D- \/ 190 km<\/h4>\n<ul>\n<li>Jour 1 - Guillestre \u2192 Refuge de Basse Rua \u2192 <a href=\"https:\/\/www.outdooractive.com\/fr\/route\/randonnee\/jour-1-option-a\/266686168\/?share=%7Ezvslnthk%244ossjarh\">Voir sur la carte<\/a> - <a href=\"https:\/\/meca05.fr\/edu\/randos\/files\/a-j01-opt_a.gpx\">Fichier Gpx<\/a><\/li>\n<li>Jour 2 - Refuge de Basse Rua \u2192 Fouillouse \u2192 <a href=\"https:\/\/www.outdooractive.com\/fr\/route\/randonnee\/jour-02-option-a\/266686881\/?share=%7Ezvslqrse%244ossjarn\">Voir sur la carte<\/a> - <a href=\"https:\/\/meca05.fr\/edu\/randos\/files\/a-j02-opt_a.gpx\">Fichier Gpx<\/a><a href=\"https:\/\/www.outdooractive.com\/fr\/route\/randonnee\/b-jour-02-assez-difficile\/266686881\/?share=%7Ezvslqrse%244ossjarn\"><\/a><\/li>\n<li>Jour 3 \u2192 Fouillouse \u2192 Larche&nbsp; \u2192 <a href=\"https:\/\/www.outdooractive.com\/fr\/route\/randonnee\/jour-03-option-a\/266687050\/?share=%7Ezvsly4wa%244ossjat3\">Voir sur la carte<\/a> - <a href=\"https:\/\/meca05.fr\/edu\/randos\/files\/a-j03-opt_a.gpx\">Fichier Gpx<\/a><a href=\"https:\/\/www.outdooractive.com\/fr\/route\/randonnee\/a-jour-3-option-b\/266687242\/?share=%7Ezvsmgnyp%244ossjat4\"><\/a><\/li>\n<li>Jour 4 \u2192 Larche \u2192 Refuge des lacs de Vens \u2192 <a href=\"https:\/\/www.outdooractive.com\/fr\/route\/randonnee\/jour-04-option-a\/266687579\/?share=%7Ezvsmxov4%244ossjatg\">Voir sur la carte<\/a> - <a href=\"https:\/\/meca05.fr\/edu\/randos\/files\/a-j04-opt_a.gpx\">Fichier Gpx<\/a><a href=\"https:\/\/www.outdooractive.com\/fr\/route\/randonnee\/jour-04-larche-refuge-des-lacs-de-vens-long-\/266687579\/?share=%7Ezvsmxov4%244ossjatg\"><\/a><\/li>\n<li>Jour 5 \u2192 Refuge des lacs de Vens \u2192 Refuge de Rabuons \u2192 <a href=\"https:\/\/www.outdooractive.com\/fr\/route\/randonnee\/jour-05-option-a\/266687651\/?share=%7Ezvsmdexh%244ossjat7\">Voir sur la carte<\/a> - <a href=\"https:\/\/meca05.fr\/edu\/randos\/files\/a-j05-opt_a.gpx\">Fichier Gpx<\/a><\/li>\n<li>Jour 6 \u2192 Refuge de Rabuons \u2192 Saint Etienne de Tin\u00e9e \u2192 <a href=\"https:\/\/www.outdooractive.com\/fr\/route\/randonnee\/jour-06-option-a\/266687861\/?share=%7Ezvsmwaoh%244ossjatb\">Voir sur la carte<\/a> - <a href=\"https:\/\/meca05.fr\/edu\/randos\/files\/a-j06-opt_a.gpx\">Fichier Gpx<\/a><\/li>\n<li>Jour 7 \u2192 Saint Etienne de Tin\u00e9e \u2192 G\u00eete d&apos;\u00e9tape de Roya \u2192<a href=\"https:\/\/www.outdooractive.com\/fr\/route\/randonnee\/jour-07-option-a\/266688073\/?share=%7Ezvsn3olm%244ossjatv\">Voir sur la carte<\/a> - <a href=\"https:\/\/meca05.fr\/edu\/randos\/files\/a-j07-opt_a.gpx\">Fichier Gpx<\/a><\/li>\n<li>Jour 8 \u2192 Jour 8 G\u00eete d&apos;\u00e9tape de Roya \u2192 Refuge de Longon \u2192 <a href=\"https:\/\/www.outdooractive.com\/fr\/route\/randonnee\/jour-08-option-a\/266688111\/?share=%7Ezvsnswvi%244ossjatw\">Voir sur la carte<\/a> - <a href=\"https:\/\/meca05.fr\/edu\/randos\/files\/a-j08-opt_a.gpx\">Fichier Gpx<\/a><\/li>\n<li>Jour 9 \u2192 Refuge de Longon \u2192 Saint Dalmas \u2192 <a href=\"https:\/\/www.outdooractive.com\/fr\/route\/randonnee\/jour-09-option-a\/266688147\/?share=%7Ezvsnbwnm%244ossjatw\">Voir sur la carte<\/a> - <a href=\"https:\/\/meca05.fr\/edu\/randos\/files\/a-j09-opt_a.gpx\">Fichier Gpx<\/a><\/li>\n<li>Jour 10 \u2192 Saint Dalmas \u2192 Utelle \u2192 <a href=\"https:\/\/www.outdooractive.com\/fr\/route\/randonnee\/jour-10-option-a\/266688164\/?share=%7Ezvsnachk%244ossjatw\">Voir sur la carte<\/a> - <a href=\"https:\/\/meca05.fr\/edu\/randos\/files\/a-j10-opt_a.gpx\">Fichier Gpx<\/a><\/li>\n<li>Jour 11 \u2192 Utelle \u2192 Plan du var \u2192 <a href=\"https:\/\/www.outdooractive.com\/fr\/route\/randonnee\/jour-11-option-a\/266768006\/?share=%7Ezvsykkia%244ossjhm9\">Voir sur la carte<\/a> - <a href=\"https:\/\/meca05.fr\/edu\/randos\/files\/a-j11-opt_a.gpx\">Fichier Gpx<\/a><\/li>\n<\/ul>\n<p style=\"text-align: center\"><a href=\"https:\/\/meca05.fr\/edu\/randos\/files\/cartes_traversee_alpes.pdf\">La carte compl\u00e8te<\/a><\/p>\n<p style=\"text-align: center\"><a class=\"fasc-button fasc-size-medium fasc-type-popout fasc-rounded-medium fasc-ico-before dashicons-visibility fasc-style-bold\" style=\"background-color: #ff7b00;color: #000000\" href=\"https:\/\/meca05.fr\/edu\/randos\/files\/a-opt-a.pdf\">D\u00e9nivel\u00e9s &amp; Distances<\/a><\/p>\n<p><\/div><\/p>\n<p style=\"text-align: center;\"><input type='hidden' bg_collapse_expand='69dc5aee641be2089055561' value='69dc5aee641be2089055561'><input type='hidden' id='bg-show-more-text-69dc5aee641be2089055561' value='Proposition B'><input type='hidden' id='bg-show-less-text-69dc5aee641be2089055561' value='Proposition B'><button id='bg-showmore-action-69dc5aee641be2089055561' class='bg-showmore-plg-button bg-blue-button  '   style=\" color:#4a4949;\">Proposition B<\/button><div id='bg-showmore-hidden-69dc5aee641be2089055561' ><\/p>\n<h4 style=\"text-align: center\">11 jours de marche - 13304 D+ \/ 14256 D- \/ 202 km<\/h4>\n<ul>\n<li>Jour 1 - Guillestre \u2192 Refuge de Basse Rua \u2192 <a href=\"https:\/\/www.outdooractive.com\/fr\/route\/randonnee\/jour-01-option-b\/266686546\/?share=%7Ezvsldiqk%244ossjarj\">Voir sur la carte<\/a> - <a href=\"https:\/\/meca05.fr\/edu\/randos\/files\/a-j01-opt_b.gpx\">Fichier Gpx<\/a><\/li>\n<li>Jour 2 - Refuge de Basse Rua \u2192 Fouillouse \u2192 <a href=\"https:\/\/www.outdooractive.com\/fr\/route\/randonnee\/jour-02-option-b\/266754530\/?share=%7Ezvsvtgn4%244ossjh3y\">Voir sur la carte<\/a> - <a href=\"https:\/\/meca05.fr\/edu\/randos\/files\/a-j02-opt_b.gpx\">Fichier Gpx<\/a><\/li>\n<li>Jour 3 \u2192 Fouillouse \u2192 Larche \u2192 <a href=\"https:\/\/www.outdooractive.com\/fr\/route\/randonnee\/jour-03-option-b\/266687242\/?share=%7Ezvsmgnyp%244ossjat4\">Voir sur la carte<\/a> - <a href=\"https:\/\/meca05.fr\/edu\/randos\/files\/a-j03-opt_b.gpx\">Fichier Gpx<\/a><\/li>\n<li>Jour 4 \u2192 Larche \u2192 Refuge des lacs de Vens \u2192 <a href=\"https:\/\/www.outdooractive.com\/fr\/route\/randonnee\/jour-04-option-b\/266755223\/?share=%7Ezvsvgmmr%244ossjh4l\">Voir sur la carte<\/a> - <a href=\"https:\/\/meca05.fr\/edu\/randos\/files\/a-j04-opt_b.gpx\">Fichier Gpx<\/a><\/li>\n<li>Jour 5 \u2192 Refuge des lacs de Vens \u2192 Refuge de Rabuons \u2192 <a href=\"https:\/\/www.outdooractive.com\/fr\/route\/randonnee\/jour-05-option-b\/266755850\/?share=%7Ezvsvszcn%244ossjh4r\">Voir sur la carte<\/a> - <a href=\"https:\/\/meca05.fr\/edu\/randos\/files\/a-j05-opt_b.gpx\">Fichier Gpx<\/a><\/li>\n<li>Jour 6 \u2192 Refuge de Rabuons \u2192 Saint Etienne de Tin\u00e9e \u2192 <a href=\"https:\/\/www.outdooractive.com\/fr\/route\/randonnee\/jour-06-option-b\/266757162\/?share=%7Ezvsweupc%244ossjhs7\">Voir sur la carte<\/a> - <a href=\"https:\/\/meca05.fr\/edu\/randos\/files\/a-j06-opt_b.gpx\">Fichier Gpx<\/a><\/li>\n<li>Jour 7 \u2192 Saint Etienne de Tin\u00e9e \u2192 G\u00eete d&apos;\u00e9tape de Roya \u2192 <a href=\"https:\/\/www.outdooractive.com\/fr\/route\/randonnee\/jour-07-option-b\/266768924\/?share=%7Ezvsyvgaa%244ossjhmj\">Voir sur la carte<\/a> - <a href=\"https:\/\/meca05.fr\/edu\/randos\/files\/a-j07-opt_b.gpx\">Fichier Gpx<\/a><\/li>\n<li>Jour 8 \u2192 Jour 8 G\u00eete d&apos;\u00e9tape de Roya \u2192 Refuge de Longon \u2192 <a href=\"https:\/\/www.outdooractive.com\/fr\/route\/randonnee\/jour-08-option-b\/266768676\/?share=%7Ezvsysbva%244ossjhmf\">Voir sur la carte<\/a> - <a href=\"https:\/\/meca05.fr\/edu\/randos\/files\/a-j08-opt_b.gpx\">Fichier Gpx<\/a><\/li>\n<li>Jour 9 \u2192 Refuge de Longon \u2192 Saint Dalmas \u2192 <a href=\"https:\/\/www.outdooractive.com\/fr\/route\/randonnee\/jour-09-option-b\/266768564\/?share=%7Ezvsyryhx%244ossjhme\">Voir sur la carte<\/a> - <a href=\"https:\/\/meca05.fr\/edu\/randos\/files\/a-j09-opt_b.gpx\">Fichier Gpx<\/a><\/li>\n<li>Jour 10 \u2192 Saint Dalmas \u2192 Utelle \u2192 <a href=\"https:\/\/www.outdooractive.com\/fr\/route\/randonnee\/jour-10-option-b\/266768387\/?share=%7Ezvsypbzk%244ossjhmc\">Voir sur la carte<\/a> - <a href=\"https:\/\/meca05.fr\/edu\/randos\/files\/a-j10-opt_b.gpx\">Fichier Gpx<\/a><\/li>\n<li>Jour 11 \u2192 Utelle \u2192 Plan du var \u2192 <a href=\"https:\/\/www.outdooractive.com\/fr\/route\/randonnee\/jour-11-option-b\/266688196\/?share=%7Ezvsnfbke%244ossjatw\">Voir sur la carte<\/a> - <a href=\"https:\/\/meca05.fr\/edu\/randos\/files\/a-j11-opt_b.gpx\">Fichier Gpx<\/a><\/li>\n<\/ul>\n<p style=\"text-align: center\"><a class=\"fasc-button fasc-size-medium fasc-type-popout fasc-rounded-medium fasc-ico-before dashicons-visibility fasc-style-bold\" style=\"background-color: #0e96f0;color: #ffffff\" href=\"https:\/\/meca05.fr\/edu\/randos\/files\/a-opt-b.pdf\">D\u00e9nivel\u00e9s &amp; Distances<\/a><\/p>\n<p><\/div><a href=\"https:\/\/meca05.fr\/edu\/randos\/files\/calculs.pdf\"><\/a><\/p>\n<p style=\"text-align: center;\"><input type='hidden' bg_collapse_expand='69dc5aee646131054962173' value='69dc5aee646131054962173'><input type='hidden' id='bg-show-more-text-69dc5aee646131054962173' value='Proposition C'><input type='hidden' id='bg-show-less-text-69dc5aee646131054962173' value='Proposition C'><button id='bg-showmore-action-69dc5aee646131054962173' class='bg-showmore-plg-button bg-green-button  '   style=\" color:#4a4949;\">Proposition C<\/button><div id='bg-showmore-hidden-69dc5aee646131054962173' ><\/p>\n<h4 style=\"text-align: center\">11 jours de marche - 13375 D+ \/ 15034 D- \/ 226.2 km<\/h4>\n<ul>\n<li>Jour 1 - Ceillac \u2192 Maljasset :<a href=\"https:\/\/www.outdooractive.com\/fr\/route\/randonnee\/etape-1-ceillac-maljasset\/270535069\/?share=%7Ezw9nha9e%244ossngab\"> Voir sur la carte<\/a> - <a href=\"https:\/\/meca05.fr\/edu\/randos\/files\/c-jour01.gpx\">Gpx<\/a><\/li>\n<li>Jour 2 - Maljasset \u2192 Larche : <a href=\"https:\/\/www.outdooractive.com\/fr\/route\/randonnee\/etape-2-maljasset-larche\/270536049\/?share=%7Ezw9nydxx%244ossngay\">Voir sur la carte<\/a> - <a href=\"https:\/\/meca05.fr\/edu\/randos\/files\/c-jour02.gpx\">Gpx<\/a><\/li>\n<li>Jour 3 -&nbsp;Larche \u2192 Saint Dalmas le Selvage : <a href=\"https:\/\/www.outdooractive.com\/fr\/route\/randonnee\/etape-3-larche-saint-dalmas-le-selvage\/270536184\/?share=%7Ezw9nbvkt%244ossngaz\">Voir sur la carte<\/a> - <a href=\"https:\/\/meca05.fr\/edu\/randos\/files\/c-jour03.gpx\">Gpx<\/a><\/li>\n<li>Jour 4 -&nbsp;Saint Dalmas le Selvage \u2192 Roya : <a href=\"https:\/\/www.outdooractive.com\/fr\/route\/randonnee\/etape-4-saint-dalmas-le-selvage-roya\/270536306\/?share=%7Ezw9nczjt%244ossngbo\">Voir sur la carte<\/a> - <a href=\"https:\/\/meca05.fr\/edu\/randos\/files\/c-jour04.gpx\">Gpx<\/a><\/li>\n<li>Jour 5 -&nbsp;Roya \u2192 Refuge de Longon : <a href=\"https:\/\/www.outdooractive.com\/fr\/route\/randonnee\/etape-5-roya-refuge-de-longon\/270536391\/?share=%7Ezw9neeah%244ossngbo\">Voir sur la carte<\/a> - <a href=\"https:\/\/meca05.fr\/edu\/randos\/files\/c-jour05.gpx\">Gpx<\/a><\/li>\n<li>Jour 6 -&nbsp;Refuge de Longon \u2192 Saint-Dalmas-Valdeblore : <a href=\"https:\/\/www.outdooractive.com\/fr\/route\/randonnee\/etape-6-refuge-de-longon-saint-dalmas-valdeblore\/270536585\/?share=%7Ezw9ngmka%244ossngbz\">Voir sur la carte<\/a> - <a href=\"https:\/\/meca05.fr\/edu\/randos\/files\/c-jour06.gpx\">Gpx<\/a><\/li>\n<li>Jour 7 -&nbsp;Saint-Dalmas-Valdeblore \u2192 Le Boreon : <a href=\"https:\/\/www.outdooractive.com\/fr\/route\/randonnee\/etape-7-saint-dalmas-valdeblore-le-boreon\/270536687\/?share=%7Ezw9nizci%244ossngbz\">Voir sur la carte<\/a> - <a href=\"https:\/\/meca05.fr\/edu\/randos\/files\/c-jour07.gpx\">Gpx<\/a><\/li>\n<li>Jour 8 -&nbsp;Le Bor\u00e9on \u2192 La Madone de Fenestre : <a href=\"https:\/\/www.outdooractive.com\/fr\/route\/randonnee\/etape-8-le-boreon-la-madone-de-fenestre\/270536933\/?share=%7Ezw9nkxur%244ossngb4\">Voir sur la carte<\/a> - <a href=\"https:\/\/meca05.fr\/edu\/randos\/files\/c-jour08.gpx\">Gpx<\/a><\/li>\n<li>Jour 9 -&nbsp;La madone de Fenestre \u2192 Refuge des Merveilles : <a href=\"https:\/\/www.outdooractive.com\/fr\/route\/randonnee\/etape-9-la-madone-de-fenestre-refuge-des-merveilles\/270537086\/?share=%7Ezw9nnvii%244ossngbp\">Voir sur la carte<\/a> - <a href=\"https:\/\/meca05.fr\/edu\/randos\/files\/c-jour09.gpx\">Gpx<\/a><\/li>\n<li>Jour 10 -&nbsp;Refuge des merveilles : <a href=\"https:\/\/www.outdooractive.com\/fr\/route\/randonnee\/etape-10-refuge-des-merveilles-sospel\/270537356\/?share=%7Ezw9nrvlt%244ossngbt\">Voir sur la carte<\/a> - <a href=\"https:\/\/meca05.fr\/edu\/randos\/files\/c-jour10.gpx\">Gpx<\/a><\/li>\n<li>Jour 1 1-&nbsp;Sospel \u2192 Menton :<a href=\"https:\/\/www.outdooractive.com\/fr\/route\/randonnee\/etape-11-sospel-menton\/270537462\/?share=%7Ezw9nsufh%244ossngbt\"> Voir sur la carte<\/a> - <a href=\"https:\/\/meca05.fr\/edu\/randos\/files\/c-jour11.gpx\">Gpx<\/a><\/li>\n<\/ul>\n<p style=\"text-align: center\"><a class=\"fasc-button fasc-size-medium fasc-type-popout fasc-rounded-medium fasc-ico-before dashicons-visibility fasc-style-bold\" style=\"background-color: #6ecb22;color: #000000\" href=\"https:\/\/meca05.fr\/edu\/randos\/files\/c.pdf\">D\u00e9nivel\u00e9s &amp; Distances<\/a><\/p>\n<p><\/div><\/p>\n","protected":false},"excerpt":{"rendered":"","protected":false},"author":6,"featured_media":0,"parent":3662,"menu_order":0,"comment_status":"closed","ping_status":"closed","template":"","meta":{"footnotes":""},"class_list":{"1":"page","2":"type-page","3":"status-publish","4":"hentry"},"yoast_head":"<!-- This site is optimized with the Yoast SEO plugin v27.1.1 - https:\/\/yoast.com\/product\/yoast-seo-wordpress\/ -->\n<title>2023 - Travers\u00e9e des Alpes - Construction M\u00e9canique<\/title>\n<meta name=\"robots\" content=\"index, follow, max-snippet:-1, max-image-preview:large, max-video-preview:-1\" \/>\n<link rel=\"canonical\" href=\"https:\/\/meca05.fr\/edu\/prive\/randos\/2023-traversee-alpes\/\" \/>\n<meta property=\"og:locale\" content=\"fr_FR\" \/>\n<meta property=\"og:type\" content=\"article\" \/>\n<meta property=\"og:title\" content=\"2023 - Travers\u00e9e des Alpes - Construction M\u00e9canique\" \/>\n<meta property=\"og:url\" content=\"https:\/\/meca05.fr\/edu\/prive\/randos\/2023-traversee-alpes\/\" \/>\n<meta property=\"og:site_name\" content=\"Construction M\u00e9canique\" \/>\n<meta property=\"article:modified_time\" content=\"2023-07-11T14:26:55+00:00\" \/>\n<meta name=\"twitter:label1\" content=\"Dur\u00e9e de lecture estim\u00e9e\" \/>\n\t<meta name=\"twitter:data1\" content=\"3 minutes\" \/>\n<script type=\"application\/ld+json\" class=\"yoast-schema-graph\">{\"@context\":\"https:\/\/schema.org\",\"@graph\":[{\"@type\":\"WebPage\",\"@id\":\"https:\/\/meca05.fr\/edu\/prive\/randos\/2023-traversee-alpes\/\",\"url\":\"https:\/\/meca05.fr\/edu\/prive\/randos\/2023-traversee-alpes\/\",\"name\":\"2023 - Travers\u00e9e des Alpes - Construction M\u00e9canique\",\"isPartOf\":{\"@id\":\"https:\/\/meca05.fr\/edu\/#website\"},\"datePublished\":\"2023-04-22T08:52:14+00:00\",\"dateModified\":\"2023-07-11T14:26:55+00:00\",\"breadcrumb\":{\"@id\":\"https:\/\/meca05.fr\/edu\/prive\/randos\/2023-traversee-alpes\/#breadcrumb\"},\"inLanguage\":\"fr-FR\",\"potentialAction\":[{\"@type\":\"ReadAction\",\"target\":[\"https:\/\/meca05.fr\/edu\/prive\/randos\/2023-traversee-alpes\/\"]}]},{\"@type\":\"BreadcrumbList\",\"@id\":\"https:\/\/meca05.fr\/edu\/prive\/randos\/2023-traversee-alpes\/#breadcrumb\",\"itemListElement\":[{\"@type\":\"ListItem\",\"position\":1,\"name\":\"Prot\u00e9g\u00e9\u00a0: priv\u00e9\",\"item\":\"https:\/\/meca05.fr\/edu\/prive\/\"},{\"@type\":\"ListItem\",\"position\":2,\"name\":\"Randos\",\"item\":\"https:\/\/meca05.fr\/edu\/prive\/randos\/\"},{\"@type\":\"ListItem\",\"position\":3,\"name\":\"2023 &#8211; Travers\u00e9e des Alpes\"}]},{\"@type\":\"WebSite\",\"@id\":\"https:\/\/meca05.fr\/edu\/#website\",\"url\":\"https:\/\/meca05.fr\/edu\/\",\"name\":\"Construction M\u00e9canique\",\"description\":\"Cours, exercices, mod\u00e8les 3d et bien plus...\",\"potentialAction\":[{\"@type\":\"SearchAction\",\"target\":{\"@type\":\"EntryPoint\",\"urlTemplate\":\"https:\/\/meca05.fr\/edu\/?s={search_term_string}\"},\"query-input\":{\"@type\":\"PropertyValueSpecification\",\"valueRequired\":true,\"valueName\":\"search_term_string\"}}],\"inLanguage\":\"fr-FR\"}]}<\/script>\n<!-- \/ Yoast SEO plugin. -->","yoast_head_json":{"title":"2023 - Travers\u00e9e des Alpes - Construction M\u00e9canique","robots":{"index":"index","follow":"follow","max-snippet":"max-snippet:-1","max-image-preview":"max-image-preview:large","max-video-preview":"max-video-preview:-1"},"canonical":"https:\/\/meca05.fr\/edu\/prive\/randos\/2023-traversee-alpes\/","og_locale":"fr_FR","og_type":"article","og_title":"2023 - Travers\u00e9e des Alpes - Construction M\u00e9canique","og_url":"https:\/\/meca05.fr\/edu\/prive\/randos\/2023-traversee-alpes\/","og_site_name":"Construction M\u00e9canique","article_modified_time":"2023-07-11T14:26:55+00:00","twitter_misc":{"Dur\u00e9e de lecture estim\u00e9e":"3 minutes"},"schema":{"@context":"https:\/\/schema.org","@graph":[{"@type":"WebPage","@id":"https:\/\/meca05.fr\/edu\/prive\/randos\/2023-traversee-alpes\/","url":"https:\/\/meca05.fr\/edu\/prive\/randos\/2023-traversee-alpes\/","name":"2023 - Travers\u00e9e des Alpes - Construction M\u00e9canique","isPartOf":{"@id":"https:\/\/meca05.fr\/edu\/#website"},"datePublished":"2023-04-22T08:52:14+00:00","dateModified":"2023-07-11T14:26:55+00:00","breadcrumb":{"@id":"https:\/\/meca05.fr\/edu\/prive\/randos\/2023-traversee-alpes\/#breadcrumb"},"inLanguage":"fr-FR","potentialAction":[{"@type":"ReadAction","target":["https:\/\/meca05.fr\/edu\/prive\/randos\/2023-traversee-alpes\/"]}]},{"@type":"BreadcrumbList","@id":"https:\/\/meca05.fr\/edu\/prive\/randos\/2023-traversee-alpes\/#breadcrumb","itemListElement":[{"@type":"ListItem","position":1,"name":"Prot\u00e9g\u00e9\u00a0: priv\u00e9","item":"https:\/\/meca05.fr\/edu\/prive\/"},{"@type":"ListItem","position":2,"name":"Randos","item":"https:\/\/meca05.fr\/edu\/prive\/randos\/"},{"@type":"ListItem","position":3,"name":"2023 &#8211; Travers\u00e9e des Alpes"}]},{"@type":"WebSite","@id":"https:\/\/meca05.fr\/edu\/#website","url":"https:\/\/meca05.fr\/edu\/","name":"Construction M\u00e9canique","description":"Cours, exercices, mod\u00e8les 3d et bien plus...","potentialAction":[{"@type":"SearchAction","target":{"@type":"EntryPoint","urlTemplate":"https:\/\/meca05.fr\/edu\/?s={search_term_string}"},"query-input":{"@type":"PropertyValueSpecification","valueRequired":true,"valueName":"search_term_string"}}],"inLanguage":"fr-FR"}]}},"_links":{"self":[{"href":"https:\/\/meca05.fr\/edu\/wp-json\/wp\/v2\/pages\/3665","targetHints":{"allow":["GET"]}}],"collection":[{"href":"https:\/\/meca05.fr\/edu\/wp-json\/wp\/v2\/pages"}],"about":[{"href":"https:\/\/meca05.fr\/edu\/wp-json\/wp\/v2\/types\/page"}],"author":[{"embeddable":true,"href":"https:\/\/meca05.fr\/edu\/wp-json\/wp\/v2\/users\/6"}],"replies":[{"embeddable":true,"href":"https:\/\/meca05.fr\/edu\/wp-json\/wp\/v2\/comments?post=3665"}],"version-history":[{"count":43,"href":"https:\/\/meca05.fr\/edu\/wp-json\/wp\/v2\/pages\/3665\/revisions"}],"predecessor-version":[{"id":3738,"href":"https:\/\/meca05.fr\/edu\/wp-json\/wp\/v2\/pages\/3665\/revisions\/3738"}],"up":[{"embeddable":true,"href":"https:\/\/meca05.fr\/edu\/wp-json\/wp\/v2\/pages\/3662"}],"wp:attachment":[{"href":"https:\/\/meca05.fr\/edu\/wp-json\/wp\/v2\/media?parent=3665"}],"curies":[{"name":"wp","href":"https:\/\/api.w.org\/{rel}","templated":true}]}}