{"id":3326,"date":"2023-03-27T08:57:47","date_gmt":"2023-03-27T07:57:47","guid":{"rendered":"https:\/\/meca05.fr\/edu\/?page_id=3326"},"modified":"2023-03-27T09:42:40","modified_gmt":"2023-03-27T08:42:40","slug":"avance-20-30","status":"publish","type":"page","link":"https:\/\/meca05.fr\/edu\/tutos-videos\/solidworks-2\/avance-20-30\/","title":{"rendered":"avanc\u00e9 20 \u00e0 30"},"content":{"rendered":"<ul>\n<li>tuto niveau avanc\u00e9 20<\/li>\n<\/ul>\n<div style=\"width: 640px;\" class=\"wp-video\"><video class=\"wp-video-shortcode\" id=\"video-3326-1\" width=\"640\" height=\"360\" preload=\"metadata\" controls=\"controls\"><source type=\"video\/mp4\" src=\"https:\/\/meca05.fr\/edu\/data_eleve\/tutos_solidworks\/files\/tuto_20.mp4?_=1\" \/><a href=\"https:\/\/meca05.fr\/edu\/data_eleve\/tutos_solidworks\/files\/tuto_20.mp4\">https:\/\/meca05.fr\/edu\/data_eleve\/tutos_solidworks\/files\/tuto_20.mp4<\/a><\/video><\/div>\n<p>&nbsp;<\/p>\n<ul>\n<li>tuto niveau avanc\u00e9 21<\/li>\n<\/ul>\n<div style=\"width: 640px;\" class=\"wp-video\"><video class=\"wp-video-shortcode\" id=\"video-3326-2\" width=\"640\" height=\"360\" preload=\"metadata\" controls=\"controls\"><source type=\"video\/mp4\" src=\"https:\/\/meca05.fr\/edu\/data_eleve\/tutos_solidworks\/files\/tuto_21.mp4?_=2\" \/><a href=\"https:\/\/meca05.fr\/edu\/data_eleve\/tutos_solidworks\/files\/tuto_21.mp4\">https:\/\/meca05.fr\/edu\/data_eleve\/tutos_solidworks\/files\/tuto_21.mp4<\/a><\/video><\/div>\n<p>&nbsp;<\/p>\n<ul>\n<li>tuto niveau avanc\u00e9 22<\/li>\n<\/ul>\n<div style=\"width: 640px;\" class=\"wp-video\"><video class=\"wp-video-shortcode\" id=\"video-3326-3\" width=\"640\" height=\"360\" preload=\"metadata\" controls=\"controls\"><source type=\"video\/mp4\" src=\"https:\/\/meca05.fr\/edu\/data_eleve\/tutos_solidworks\/files\/tuto_22.mp4?_=3\" \/><a href=\"https:\/\/meca05.fr\/edu\/data_eleve\/tutos_solidworks\/files\/tuto_22.mp4\">https:\/\/meca05.fr\/edu\/data_eleve\/tutos_solidworks\/files\/tuto_22.mp4<\/a><\/video><\/div>\n<p>&nbsp;<\/p>\n<ul>\n<li>tuto niveau avanc\u00e9 23<\/li>\n<\/ul>\n<div style=\"width: 640px;\" class=\"wp-video\"><video class=\"wp-video-shortcode\" id=\"video-3326-4\" width=\"640\" height=\"360\" preload=\"metadata\" controls=\"controls\"><source type=\"video\/mp4\" src=\"https:\/\/meca05.fr\/edu\/data_eleve\/tutos_solidworks\/files\/tuto_23.mp4?_=4\" \/><a href=\"https:\/\/meca05.fr\/edu\/data_eleve\/tutos_solidworks\/files\/tuto_23.mp4\">https:\/\/meca05.fr\/edu\/data_eleve\/tutos_solidworks\/files\/tuto_23.mp4<\/a><\/video><\/div>\n<p>&nbsp;<\/p>\n<ul>\n<li>tuto niveau avanc\u00e9 24<\/li>\n<\/ul>\n<div style=\"width: 640px;\" class=\"wp-video\"><video class=\"wp-video-shortcode\" id=\"video-3326-5\" width=\"640\" height=\"360\" preload=\"metadata\" controls=\"controls\"><source type=\"video\/mp4\" src=\"https:\/\/meca05.fr\/edu\/data_eleve\/tutos_solidworks\/files\/tuto_24.mp4?_=5\" \/><a href=\"https:\/\/meca05.fr\/edu\/data_eleve\/tutos_solidworks\/files\/tuto_24.mp4\">https:\/\/meca05.fr\/edu\/data_eleve\/tutos_solidworks\/files\/tuto_24.mp4<\/a><\/video><\/div>\n<p>&nbsp;<\/p>\n<ul>\n<li>tuto niveau avanc\u00e9 25<\/li>\n<\/ul>\n<div style=\"width: 640px;\" class=\"wp-video\"><video class=\"wp-video-shortcode\" id=\"video-3326-6\" width=\"640\" height=\"360\" preload=\"metadata\" controls=\"controls\"><source type=\"video\/mp4\" src=\"https:\/\/meca05.fr\/edu\/data_eleve\/tutos_solidworks\/files\/tuto_25.mp4?_=6\" \/><a href=\"https:\/\/meca05.fr\/edu\/data_eleve\/tutos_solidworks\/files\/tuto_25.mp4\">https:\/\/meca05.fr\/edu\/data_eleve\/tutos_solidworks\/files\/tuto_25.mp4<\/a><\/video><\/div>\n<p>&nbsp;<\/p>\n<ul>\n<li>tuto niveau avanc\u00e9 26<\/li>\n<\/ul>\n<div style=\"width: 640px;\" class=\"wp-video\"><video class=\"wp-video-shortcode\" id=\"video-3326-7\" width=\"640\" height=\"360\" preload=\"metadata\" controls=\"controls\"><source type=\"video\/mp4\" src=\"https:\/\/meca05.fr\/edu\/data_eleve\/tutos_solidworks\/files\/tuto_26.mp4?_=7\" \/><a href=\"https:\/\/meca05.fr\/edu\/data_eleve\/tutos_solidworks\/files\/tuto_26.mp4\">https:\/\/meca05.fr\/edu\/data_eleve\/tutos_solidworks\/files\/tuto_26.mp4<\/a><\/video><\/div>\n<p>&nbsp;<\/p>\n<ul>\n<li>tuto niveau avanc\u00e9 27<\/li>\n<\/ul>\n<div style=\"width: 640px;\" class=\"wp-video\"><video class=\"wp-video-shortcode\" id=\"video-3326-8\" width=\"640\" height=\"360\" preload=\"metadata\" controls=\"controls\"><source type=\"video\/mp4\" src=\"https:\/\/meca05.fr\/edu\/data_eleve\/tutos_solidworks\/files\/tuto_27.mp4?_=8\" \/><a href=\"https:\/\/meca05.fr\/edu\/data_eleve\/tutos_solidworks\/files\/tuto_27.mp4\">https:\/\/meca05.fr\/edu\/data_eleve\/tutos_solidworks\/files\/tuto_27.mp4<\/a><\/video><\/div>\n<p>&nbsp;<\/p>\n<ul>\n<li>tuto niveau avanc\u00e9 28<\/li>\n<\/ul>\n<div style=\"width: 640px;\" class=\"wp-video\"><video class=\"wp-video-shortcode\" id=\"video-3326-9\" width=\"640\" height=\"360\" preload=\"metadata\" controls=\"controls\"><source type=\"video\/mp4\" src=\"https:\/\/meca05.fr\/edu\/data_eleve\/tutos_solidworks\/files\/tuto_28.mp4?_=9\" \/><a href=\"https:\/\/meca05.fr\/edu\/data_eleve\/tutos_solidworks\/files\/tuto_28.mp4\">https:\/\/meca05.fr\/edu\/data_eleve\/tutos_solidworks\/files\/tuto_28.mp4<\/a><\/video><\/div>\n<p>&nbsp;<\/p>\n<ul>\n<li>tuto niveau avanc\u00e9 29<\/li>\n<\/ul>\n<div style=\"width: 640px;\" class=\"wp-video\"><video class=\"wp-video-shortcode\" id=\"video-3326-10\" width=\"640\" height=\"360\" preload=\"metadata\" controls=\"controls\"><source type=\"video\/mp4\" src=\"https:\/\/meca05.fr\/edu\/data_eleve\/tutos_solidworks\/files\/tuto_29.mp4?_=10\" \/><a href=\"https:\/\/meca05.fr\/edu\/data_eleve\/tutos_solidworks\/files\/tuto_29.mp4\">https:\/\/meca05.fr\/edu\/data_eleve\/tutos_solidworks\/files\/tuto_29.mp4<\/a><\/video><\/div>\n<p>&nbsp;<\/p>\n<ul>\n<li>tuto niveau avanc\u00e9 30<\/li>\n<\/ul>\n<div style=\"width: 640px;\" class=\"wp-video\"><video class=\"wp-video-shortcode\" id=\"video-3326-11\" width=\"640\" height=\"360\" preload=\"metadata\" controls=\"controls\"><source type=\"video\/mp4\" src=\"https:\/\/meca05.fr\/edu\/data_eleve\/tutos_solidworks\/files\/tuto_30.mp4?_=11\" \/><a href=\"https:\/\/meca05.fr\/edu\/data_eleve\/tutos_solidworks\/files\/tuto_30.mp4\">https:\/\/meca05.fr\/edu\/data_eleve\/tutos_solidworks\/files\/tuto_30.mp4<\/a><\/video><\/div>\n<p>&nbsp;<\/p>\n","protected":false},"excerpt":{"rendered":"<p>tuto niveau avanc\u00e9 20 https:\/\/meca05.fr\/edu\/data_eleve\/tutos_solidworks\/files\/tuto_20.mp4 &nbsp; tuto niveau avanc\u00e9 21 https:\/\/meca05.fr\/edu\/data_eleve\/tutos_solidworks\/files\/tuto_21.mp4 &nbsp; tuto niveau avanc\u00e9 22 https:\/\/meca05.fr\/edu\/data_eleve\/tutos_solidworks\/files\/tuto_22.mp4 &nbsp; tuto niveau avanc\u00e9 23 https:\/\/meca05.fr\/edu\/data_eleve\/tutos_solidworks\/files\/tuto_23.mp4 &nbsp; tuto niveau avanc\u00e9 24 https:\/\/meca05.fr\/edu\/data_eleve\/tutos_solidworks\/files\/tuto_24.mp4 &nbsp;<\/p>\n","protected":false},"author":6,"featured_media":0,"parent":494,"menu_order":0,"comment_status":"closed","ping_status":"closed","template":"","meta":{"footnotes":""},"class_list":{"1":"page","2":"type-page","3":"status-publish","4":"hentry"},"yoast_head":"<!-- This site is optimized with the Yoast SEO plugin v27.4 - https:\/\/yoast.com\/product\/yoast-seo-wordpress\/ -->\n<title>avanc\u00e9 20 \u00e0 30 - Construction M\u00e9canique<\/title>\n<meta name=\"robots\" content=\"index, follow, max-snippet:-1, max-image-preview:large, max-video-preview:-1\" \/>\n<link rel=\"canonical\" href=\"https:\/\/meca05.fr\/edu\/tutos-videos\/solidworks-2\/avance-20-30\/\" \/>\n<meta property=\"og:locale\" content=\"fr_FR\" \/>\n<meta property=\"og:type\" content=\"article\" \/>\n<meta property=\"og:title\" content=\"avanc\u00e9 20 \u00e0 30 - Construction M\u00e9canique\" \/>\n<meta property=\"og:description\" content=\"tuto niveau avanc\u00e9 20 https:\/\/meca05.fr\/edu\/data_eleve\/tutos_solidworks\/files\/tuto_20.mp4 &nbsp; tuto niveau avanc\u00e9 21 https:\/\/meca05.fr\/edu\/data_eleve\/tutos_solidworks\/files\/tuto_21.mp4 &nbsp; tuto niveau avanc\u00e9 22 https:\/\/meca05.fr\/edu\/data_eleve\/tutos_solidworks\/files\/tuto_22.mp4 &nbsp; tuto niveau avanc\u00e9 23 https:\/\/meca05.fr\/edu\/data_eleve\/tutos_solidworks\/files\/tuto_23.mp4 &nbsp; tuto niveau avanc\u00e9 24 https:\/\/meca05.fr\/edu\/data_eleve\/tutos_solidworks\/files\/tuto_24.mp4 &nbsp;\" \/>\n<meta property=\"og:url\" content=\"https:\/\/meca05.fr\/edu\/tutos-videos\/solidworks-2\/avance-20-30\/\" \/>\n<meta property=\"og:site_name\" content=\"Construction M\u00e9canique\" \/>\n<meta property=\"article:modified_time\" content=\"2023-03-27T08:42:40+00:00\" \/>\n<meta name=\"twitter:label1\" content=\"Dur\u00e9e de lecture estim\u00e9e\" \/>\n\t<meta name=\"twitter:data1\" content=\"1 minute\" \/>\n<script type=\"application\/ld+json\" class=\"yoast-schema-graph\">{\"@context\":\"https:\\\/\\\/schema.org\",\"@graph\":[{\"@type\":\"WebPage\",\"@id\":\"https:\\\/\\\/meca05.fr\\\/edu\\\/tutos-videos\\\/solidworks-2\\\/avance-20-30\\\/\",\"url\":\"https:\\\/\\\/meca05.fr\\\/edu\\\/tutos-videos\\\/solidworks-2\\\/avance-20-30\\\/\",\"name\":\"avanc\u00e9 20 \u00e0 30 - Construction M\u00e9canique\",\"isPartOf\":{\"@id\":\"https:\\\/\\\/meca05.fr\\\/edu\\\/#website\"},\"datePublished\":\"2023-03-27T07:57:47+00:00\",\"dateModified\":\"2023-03-27T08:42:40+00:00\",\"breadcrumb\":{\"@id\":\"https:\\\/\\\/meca05.fr\\\/edu\\\/tutos-videos\\\/solidworks-2\\\/avance-20-30\\\/#breadcrumb\"},\"inLanguage\":\"fr-FR\",\"potentialAction\":[{\"@type\":\"ReadAction\",\"target\":[\"https:\\\/\\\/meca05.fr\\\/edu\\\/tutos-videos\\\/solidworks-2\\\/avance-20-30\\\/\"]}]},{\"@type\":\"BreadcrumbList\",\"@id\":\"https:\\\/\\\/meca05.fr\\\/edu\\\/tutos-videos\\\/solidworks-2\\\/avance-20-30\\\/#breadcrumb\",\"itemListElement\":[{\"@type\":\"ListItem\",\"position\":1,\"name\":\"Tutos &#038; vid\u00e9os\",\"item\":\"https:\\\/\\\/meca05.fr\\\/edu\\\/tutos-videos\\\/\"},{\"@type\":\"ListItem\",\"position\":2,\"name\":\"Solidworks\",\"item\":\"https:\\\/\\\/meca05.fr\\\/edu\\\/tutos-videos\\\/solidworks-2\\\/\"},{\"@type\":\"ListItem\",\"position\":3,\"name\":\"avanc\u00e9 20 \u00e0 30\"}]},{\"@type\":\"WebSite\",\"@id\":\"https:\\\/\\\/meca05.fr\\\/edu\\\/#website\",\"url\":\"https:\\\/\\\/meca05.fr\\\/edu\\\/\",\"name\":\"Construction M\u00e9canique\",\"description\":\"Cours, exercices, mod\u00e8les 3d et bien plus...\",\"potentialAction\":[{\"@type\":\"SearchAction\",\"target\":{\"@type\":\"EntryPoint\",\"urlTemplate\":\"https:\\\/\\\/meca05.fr\\\/edu\\\/?s={search_term_string}\"},\"query-input\":{\"@type\":\"PropertyValueSpecification\",\"valueRequired\":true,\"valueName\":\"search_term_string\"}}],\"inLanguage\":\"fr-FR\"}]}<\/script>\n<!-- \/ Yoast SEO plugin. -->","yoast_head_json":{"title":"avanc\u00e9 20 \u00e0 30 - Construction M\u00e9canique","robots":{"index":"index","follow":"follow","max-snippet":"max-snippet:-1","max-image-preview":"max-image-preview:large","max-video-preview":"max-video-preview:-1"},"canonical":"https:\/\/meca05.fr\/edu\/tutos-videos\/solidworks-2\/avance-20-30\/","og_locale":"fr_FR","og_type":"article","og_title":"avanc\u00e9 20 \u00e0 30 - Construction M\u00e9canique","og_description":"tuto niveau avanc\u00e9 20 https:\/\/meca05.fr\/edu\/data_eleve\/tutos_solidworks\/files\/tuto_20.mp4 &nbsp; tuto niveau avanc\u00e9 21 https:\/\/meca05.fr\/edu\/data_eleve\/tutos_solidworks\/files\/tuto_21.mp4 &nbsp; tuto niveau avanc\u00e9 22 https:\/\/meca05.fr\/edu\/data_eleve\/tutos_solidworks\/files\/tuto_22.mp4 &nbsp; tuto niveau avanc\u00e9 23 https:\/\/meca05.fr\/edu\/data_eleve\/tutos_solidworks\/files\/tuto_23.mp4 &nbsp; tuto niveau avanc\u00e9 24 https:\/\/meca05.fr\/edu\/data_eleve\/tutos_solidworks\/files\/tuto_24.mp4 &nbsp;","og_url":"https:\/\/meca05.fr\/edu\/tutos-videos\/solidworks-2\/avance-20-30\/","og_site_name":"Construction M\u00e9canique","article_modified_time":"2023-03-27T08:42:40+00:00","twitter_misc":{"Dur\u00e9e de lecture estim\u00e9e":"1 minute"},"schema":{"@context":"https:\/\/schema.org","@graph":[{"@type":"WebPage","@id":"https:\/\/meca05.fr\/edu\/tutos-videos\/solidworks-2\/avance-20-30\/","url":"https:\/\/meca05.fr\/edu\/tutos-videos\/solidworks-2\/avance-20-30\/","name":"avanc\u00e9 20 \u00e0 30 - Construction M\u00e9canique","isPartOf":{"@id":"https:\/\/meca05.fr\/edu\/#website"},"datePublished":"2023-03-27T07:57:47+00:00","dateModified":"2023-03-27T08:42:40+00:00","breadcrumb":{"@id":"https:\/\/meca05.fr\/edu\/tutos-videos\/solidworks-2\/avance-20-30\/#breadcrumb"},"inLanguage":"fr-FR","potentialAction":[{"@type":"ReadAction","target":["https:\/\/meca05.fr\/edu\/tutos-videos\/solidworks-2\/avance-20-30\/"]}]},{"@type":"BreadcrumbList","@id":"https:\/\/meca05.fr\/edu\/tutos-videos\/solidworks-2\/avance-20-30\/#breadcrumb","itemListElement":[{"@type":"ListItem","position":1,"name":"Tutos &#038; vid\u00e9os","item":"https:\/\/meca05.fr\/edu\/tutos-videos\/"},{"@type":"ListItem","position":2,"name":"Solidworks","item":"https:\/\/meca05.fr\/edu\/tutos-videos\/solidworks-2\/"},{"@type":"ListItem","position":3,"name":"avanc\u00e9 20 \u00e0 30"}]},{"@type":"WebSite","@id":"https:\/\/meca05.fr\/edu\/#website","url":"https:\/\/meca05.fr\/edu\/","name":"Construction M\u00e9canique","description":"Cours, exercices, mod\u00e8les 3d et bien plus...","potentialAction":[{"@type":"SearchAction","target":{"@type":"EntryPoint","urlTemplate":"https:\/\/meca05.fr\/edu\/?s={search_term_string}"},"query-input":{"@type":"PropertyValueSpecification","valueRequired":true,"valueName":"search_term_string"}}],"inLanguage":"fr-FR"}]}},"_links":{"self":[{"href":"https:\/\/meca05.fr\/edu\/wp-json\/wp\/v2\/pages\/3326","targetHints":{"allow":["GET"]}}],"collection":[{"href":"https:\/\/meca05.fr\/edu\/wp-json\/wp\/v2\/pages"}],"about":[{"href":"https:\/\/meca05.fr\/edu\/wp-json\/wp\/v2\/types\/page"}],"author":[{"embeddable":true,"href":"https:\/\/meca05.fr\/edu\/wp-json\/wp\/v2\/users\/6"}],"replies":[{"embeddable":true,"href":"https:\/\/meca05.fr\/edu\/wp-json\/wp\/v2\/comments?post=3326"}],"version-history":[{"count":4,"href":"https:\/\/meca05.fr\/edu\/wp-json\/wp\/v2\/pages\/3326\/revisions"}],"predecessor-version":[{"id":3330,"href":"https:\/\/meca05.fr\/edu\/wp-json\/wp\/v2\/pages\/3326\/revisions\/3330"}],"up":[{"embeddable":true,"href":"https:\/\/meca05.fr\/edu\/wp-json\/wp\/v2\/pages\/494"}],"wp:attachment":[{"href":"https:\/\/meca05.fr\/edu\/wp-json\/wp\/v2\/media?parent=3326"}],"curies":[{"name":"wp","href":"https:\/\/api.w.org\/{rel}","templated":true}]}}