{"id":2992,"date":"2022-03-03T08:36:28","date_gmt":"2022-03-03T07:36:28","guid":{"rendered":"https:\/\/meca05.fr\/edu\/?page_id=2992"},"modified":"2022-03-16T08:04:18","modified_gmt":"2022-03-16T07:04:18","slug":"2022-mecanicien-auto","status":"publish","type":"page","link":"https:\/\/meca05.fr\/edu\/projets\/2022-mecanicien-auto\/","title":{"rendered":"2022 : M\u00e9canicien auto"},"content":{"rendered":"<div style=\"width: 640px;\" class=\"wp-video\"><video class=\"wp-video-shortcode\" id=\"video-2992-1\" width=\"640\" height=\"360\" preload=\"metadata\" controls=\"controls\"><source type=\"video\/mp4\" src=\"https:\/\/meca05.fr\/edu\/public_vids\/files\/2022-film-a.mp4?_=1\" \/><a href=\"https:\/\/meca05.fr\/edu\/public_vids\/files\/2022-film-a.mp4\">https:\/\/meca05.fr\/edu\/public_vids\/files\/2022-film-a.mp4<\/a><\/video><\/div>\n","protected":false},"excerpt":{"rendered":"<p>https:\/\/meca05.fr\/edu\/public_vids\/files\/2022-film-a.mp4<\/p>\n","protected":false},"author":6,"featured_media":0,"parent":2131,"menu_order":7,"comment_status":"closed","ping_status":"closed","template":"","meta":{"footnotes":""},"class_list":{"1":"page","2":"type-page","3":"status-publish","4":"hentry"},"yoast_head":"<!-- This site is optimized with the Yoast SEO plugin v27.1.1 - https:\/\/yoast.com\/product\/yoast-seo-wordpress\/ -->\n<title>2022 : M\u00e9canicien auto - Construction M\u00e9canique<\/title>\n<meta name=\"robots\" content=\"index, follow, max-snippet:-1, max-image-preview:large, max-video-preview:-1\" \/>\n<link rel=\"canonical\" href=\"https:\/\/meca05.fr\/edu\/projets\/2022-mecanicien-auto\/\" \/>\n<meta property=\"og:locale\" content=\"fr_FR\" \/>\n<meta property=\"og:type\" content=\"article\" \/>\n<meta property=\"og:title\" content=\"2022 : M\u00e9canicien auto - Construction M\u00e9canique\" \/>\n<meta property=\"og:description\" content=\"https:\/\/meca05.fr\/edu\/public_vids\/files\/2022-film-a.mp4\" \/>\n<meta property=\"og:url\" content=\"https:\/\/meca05.fr\/edu\/projets\/2022-mecanicien-auto\/\" \/>\n<meta property=\"og:site_name\" content=\"Construction M\u00e9canique\" \/>\n<meta property=\"article:modified_time\" content=\"2022-03-16T07:04:18+00:00\" \/>\n<meta name=\"twitter:label1\" content=\"Dur\u00e9e de lecture estim\u00e9e\" \/>\n\t<meta name=\"twitter:data1\" content=\"1 minute\" \/>\n<script type=\"application\/ld+json\" class=\"yoast-schema-graph\">{\"@context\":\"https:\/\/schema.org\",\"@graph\":[{\"@type\":\"WebPage\",\"@id\":\"https:\/\/meca05.fr\/edu\/projets\/2022-mecanicien-auto\/\",\"url\":\"https:\/\/meca05.fr\/edu\/projets\/2022-mecanicien-auto\/\",\"name\":\"2022 : M\u00e9canicien auto - Construction M\u00e9canique\",\"isPartOf\":{\"@id\":\"https:\/\/meca05.fr\/edu\/#website\"},\"datePublished\":\"2022-03-03T07:36:28+00:00\",\"dateModified\":\"2022-03-16T07:04:18+00:00\",\"breadcrumb\":{\"@id\":\"https:\/\/meca05.fr\/edu\/projets\/2022-mecanicien-auto\/#breadcrumb\"},\"inLanguage\":\"fr-FR\",\"potentialAction\":[{\"@type\":\"ReadAction\",\"target\":[\"https:\/\/meca05.fr\/edu\/projets\/2022-mecanicien-auto\/\"]}]},{\"@type\":\"BreadcrumbList\",\"@id\":\"https:\/\/meca05.fr\/edu\/projets\/2022-mecanicien-auto\/#breadcrumb\",\"itemListElement\":[{\"@type\":\"ListItem\",\"position\":1,\"name\":\"Projets\",\"item\":\"https:\/\/meca05.fr\/edu\/projets\/\"},{\"@type\":\"ListItem\",\"position\":2,\"name\":\"2022 : M\u00e9canicien auto\"}]},{\"@type\":\"WebSite\",\"@id\":\"https:\/\/meca05.fr\/edu\/#website\",\"url\":\"https:\/\/meca05.fr\/edu\/\",\"name\":\"Construction M\u00e9canique\",\"description\":\"Cours, exercices, mod\u00e8les 3d et bien plus...\",\"potentialAction\":[{\"@type\":\"SearchAction\",\"target\":{\"@type\":\"EntryPoint\",\"urlTemplate\":\"https:\/\/meca05.fr\/edu\/?s={search_term_string}\"},\"query-input\":{\"@type\":\"PropertyValueSpecification\",\"valueRequired\":true,\"valueName\":\"search_term_string\"}}],\"inLanguage\":\"fr-FR\"}]}<\/script>\n<!-- \/ Yoast SEO plugin. -->","yoast_head_json":{"title":"2022 : M\u00e9canicien auto - Construction M\u00e9canique","robots":{"index":"index","follow":"follow","max-snippet":"max-snippet:-1","max-image-preview":"max-image-preview:large","max-video-preview":"max-video-preview:-1"},"canonical":"https:\/\/meca05.fr\/edu\/projets\/2022-mecanicien-auto\/","og_locale":"fr_FR","og_type":"article","og_title":"2022 : M\u00e9canicien auto - Construction M\u00e9canique","og_description":"https:\/\/meca05.fr\/edu\/public_vids\/files\/2022-film-a.mp4","og_url":"https:\/\/meca05.fr\/edu\/projets\/2022-mecanicien-auto\/","og_site_name":"Construction M\u00e9canique","article_modified_time":"2022-03-16T07:04:18+00:00","twitter_misc":{"Dur\u00e9e de lecture estim\u00e9e":"1 minute"},"schema":{"@context":"https:\/\/schema.org","@graph":[{"@type":"WebPage","@id":"https:\/\/meca05.fr\/edu\/projets\/2022-mecanicien-auto\/","url":"https:\/\/meca05.fr\/edu\/projets\/2022-mecanicien-auto\/","name":"2022 : M\u00e9canicien auto - Construction M\u00e9canique","isPartOf":{"@id":"https:\/\/meca05.fr\/edu\/#website"},"datePublished":"2022-03-03T07:36:28+00:00","dateModified":"2022-03-16T07:04:18+00:00","breadcrumb":{"@id":"https:\/\/meca05.fr\/edu\/projets\/2022-mecanicien-auto\/#breadcrumb"},"inLanguage":"fr-FR","potentialAction":[{"@type":"ReadAction","target":["https:\/\/meca05.fr\/edu\/projets\/2022-mecanicien-auto\/"]}]},{"@type":"BreadcrumbList","@id":"https:\/\/meca05.fr\/edu\/projets\/2022-mecanicien-auto\/#breadcrumb","itemListElement":[{"@type":"ListItem","position":1,"name":"Projets","item":"https:\/\/meca05.fr\/edu\/projets\/"},{"@type":"ListItem","position":2,"name":"2022 : M\u00e9canicien auto"}]},{"@type":"WebSite","@id":"https:\/\/meca05.fr\/edu\/#website","url":"https:\/\/meca05.fr\/edu\/","name":"Construction M\u00e9canique","description":"Cours, exercices, mod\u00e8les 3d et bien plus...","potentialAction":[{"@type":"SearchAction","target":{"@type":"EntryPoint","urlTemplate":"https:\/\/meca05.fr\/edu\/?s={search_term_string}"},"query-input":{"@type":"PropertyValueSpecification","valueRequired":true,"valueName":"search_term_string"}}],"inLanguage":"fr-FR"}]}},"_links":{"self":[{"href":"https:\/\/meca05.fr\/edu\/wp-json\/wp\/v2\/pages\/2992","targetHints":{"allow":["GET"]}}],"collection":[{"href":"https:\/\/meca05.fr\/edu\/wp-json\/wp\/v2\/pages"}],"about":[{"href":"https:\/\/meca05.fr\/edu\/wp-json\/wp\/v2\/types\/page"}],"author":[{"embeddable":true,"href":"https:\/\/meca05.fr\/edu\/wp-json\/wp\/v2\/users\/6"}],"replies":[{"embeddable":true,"href":"https:\/\/meca05.fr\/edu\/wp-json\/wp\/v2\/comments?post=2992"}],"version-history":[{"count":8,"href":"https:\/\/meca05.fr\/edu\/wp-json\/wp\/v2\/pages\/2992\/revisions"}],"predecessor-version":[{"id":3009,"href":"https:\/\/meca05.fr\/edu\/wp-json\/wp\/v2\/pages\/2992\/revisions\/3009"}],"up":[{"embeddable":true,"href":"https:\/\/meca05.fr\/edu\/wp-json\/wp\/v2\/pages\/2131"}],"wp:attachment":[{"href":"https:\/\/meca05.fr\/edu\/wp-json\/wp\/v2\/media?parent=2992"}],"curies":[{"name":"wp","href":"https:\/\/api.w.org\/{rel}","templated":true}]}}