{"id":2990,"date":"2022-03-03T08:35:28","date_gmt":"2022-03-03T07:35:28","guid":{"rendered":"https:\/\/meca05.fr\/edu\/?page_id=2990"},"modified":"2022-03-20T15:26:19","modified_gmt":"2022-03-20T14:26:19","slug":"2022-ebeniste","status":"publish","type":"page","link":"https:\/\/meca05.fr\/edu\/projets\/2022-ebeniste\/","title":{"rendered":"2022 : \u00e9b\u00e9niste"},"content":{"rendered":"<h3 style=\"text-align: left;\">Version courte<\/h3>\n<div style=\"width: 640px;\" class=\"wp-video\"><video class=\"wp-video-shortcode\" id=\"video-2990-1\" width=\"640\" height=\"360\" preload=\"metadata\" controls=\"controls\"><source type=\"video\/mp4\" src=\"https:\/\/meca05.fr\/edu\/public_vids\/files\/2022-film-b.mp4?_=1\" \/><a href=\"https:\/\/meca05.fr\/edu\/public_vids\/files\/2022-film-b.mp4\">https:\/\/meca05.fr\/edu\/public_vids\/files\/2022-film-b.mp4<\/a><\/video><\/div>\n<p>&nbsp;<\/p>\n<h3>Version longue<\/h3>\n<div style=\"width: 640px;\" class=\"wp-video\"><video class=\"wp-video-shortcode\" id=\"video-2990-2\" width=\"640\" height=\"360\" preload=\"metadata\" controls=\"controls\"><source type=\"video\/mp4\" src=\"https:\/\/meca05.fr\/edu\/public_vids\/files\/2022-film-b-version_longue.mp4?_=2\" \/><a href=\"https:\/\/meca05.fr\/edu\/public_vids\/files\/2022-film-b-version_longue.mp4\">https:\/\/meca05.fr\/edu\/public_vids\/files\/2022-film-b-version_longue.mp4<\/a><\/video><\/div>\n<p>&nbsp;<\/p>\n<h3>Making of<\/h3>\n<div style=\"width: 640px;\" class=\"wp-video\"><video class=\"wp-video-shortcode\" id=\"video-2990-3\" width=\"640\" height=\"360\" preload=\"metadata\" controls=\"controls\"><source type=\"video\/mp4\" src=\"https:\/\/meca05.fr\/edu\/public_vids\/files\/2022-film-b-making-of.mp4?_=3\" \/><a href=\"https:\/\/meca05.fr\/edu\/public_vids\/files\/2022-film-b-making-of.mp4\">https:\/\/meca05.fr\/edu\/public_vids\/files\/2022-film-b-making-of.mp4<\/a><\/video><\/div>\n","protected":false},"excerpt":{"rendered":"<p>Version courte https:\/\/meca05.fr\/edu\/public_vids\/files\/2022-film-b.mp4 &nbsp; Version longue https:\/\/meca05.fr\/edu\/public_vids\/files\/2022-film-b-version_longue.mp4 &nbsp; Making of https:\/\/meca05.fr\/edu\/public_vids\/files\/2022-film-b-making-of.mp4<\/p>\n","protected":false},"author":6,"featured_media":0,"parent":2131,"menu_order":0,"comment_status":"closed","ping_status":"closed","template":"","meta":{"footnotes":""},"class_list":{"1":"page","2":"type-page","3":"status-publish","4":"hentry"},"yoast_head":"<!-- This site is optimized with the Yoast SEO plugin v27.1.1 - https:\/\/yoast.com\/product\/yoast-seo-wordpress\/ -->\n<title>2022 : \u00e9b\u00e9niste - Construction M\u00e9canique<\/title>\n<meta name=\"robots\" content=\"index, follow, max-snippet:-1, max-image-preview:large, max-video-preview:-1\" \/>\n<link rel=\"canonical\" href=\"https:\/\/meca05.fr\/edu\/projets\/2022-ebeniste\/\" \/>\n<meta property=\"og:locale\" content=\"fr_FR\" \/>\n<meta property=\"og:type\" content=\"article\" \/>\n<meta property=\"og:title\" content=\"2022 : \u00e9b\u00e9niste - Construction M\u00e9canique\" \/>\n<meta property=\"og:description\" content=\"Version courte https:\/\/meca05.fr\/edu\/public_vids\/files\/2022-film-b.mp4 &nbsp; Version longue https:\/\/meca05.fr\/edu\/public_vids\/files\/2022-film-b-version_longue.mp4 &nbsp; Making of https:\/\/meca05.fr\/edu\/public_vids\/files\/2022-film-b-making-of.mp4\" \/>\n<meta property=\"og:url\" content=\"https:\/\/meca05.fr\/edu\/projets\/2022-ebeniste\/\" \/>\n<meta property=\"og:site_name\" content=\"Construction M\u00e9canique\" \/>\n<meta property=\"article:modified_time\" content=\"2022-03-20T14:26:19+00:00\" \/>\n<meta name=\"twitter:label1\" content=\"Dur\u00e9e de lecture estim\u00e9e\" \/>\n\t<meta name=\"twitter:data1\" content=\"1 minute\" \/>\n<script type=\"application\/ld+json\" class=\"yoast-schema-graph\">{\"@context\":\"https:\/\/schema.org\",\"@graph\":[{\"@type\":\"WebPage\",\"@id\":\"https:\/\/meca05.fr\/edu\/projets\/2022-ebeniste\/\",\"url\":\"https:\/\/meca05.fr\/edu\/projets\/2022-ebeniste\/\",\"name\":\"2022 : \u00e9b\u00e9niste - Construction M\u00e9canique\",\"isPartOf\":{\"@id\":\"https:\/\/meca05.fr\/edu\/#website\"},\"datePublished\":\"2022-03-03T07:35:28+00:00\",\"dateModified\":\"2022-03-20T14:26:19+00:00\",\"breadcrumb\":{\"@id\":\"https:\/\/meca05.fr\/edu\/projets\/2022-ebeniste\/#breadcrumb\"},\"inLanguage\":\"fr-FR\",\"potentialAction\":[{\"@type\":\"ReadAction\",\"target\":[\"https:\/\/meca05.fr\/edu\/projets\/2022-ebeniste\/\"]}]},{\"@type\":\"BreadcrumbList\",\"@id\":\"https:\/\/meca05.fr\/edu\/projets\/2022-ebeniste\/#breadcrumb\",\"itemListElement\":[{\"@type\":\"ListItem\",\"position\":1,\"name\":\"Projets\",\"item\":\"https:\/\/meca05.fr\/edu\/projets\/\"},{\"@type\":\"ListItem\",\"position\":2,\"name\":\"2022 : \u00e9b\u00e9niste\"}]},{\"@type\":\"WebSite\",\"@id\":\"https:\/\/meca05.fr\/edu\/#website\",\"url\":\"https:\/\/meca05.fr\/edu\/\",\"name\":\"Construction M\u00e9canique\",\"description\":\"Cours, exercices, mod\u00e8les 3d et bien plus...\",\"potentialAction\":[{\"@type\":\"SearchAction\",\"target\":{\"@type\":\"EntryPoint\",\"urlTemplate\":\"https:\/\/meca05.fr\/edu\/?s={search_term_string}\"},\"query-input\":{\"@type\":\"PropertyValueSpecification\",\"valueRequired\":true,\"valueName\":\"search_term_string\"}}],\"inLanguage\":\"fr-FR\"}]}<\/script>\n<!-- \/ Yoast SEO plugin. -->","yoast_head_json":{"title":"2022 : \u00e9b\u00e9niste - Construction M\u00e9canique","robots":{"index":"index","follow":"follow","max-snippet":"max-snippet:-1","max-image-preview":"max-image-preview:large","max-video-preview":"max-video-preview:-1"},"canonical":"https:\/\/meca05.fr\/edu\/projets\/2022-ebeniste\/","og_locale":"fr_FR","og_type":"article","og_title":"2022 : \u00e9b\u00e9niste - Construction M\u00e9canique","og_description":"Version courte https:\/\/meca05.fr\/edu\/public_vids\/files\/2022-film-b.mp4 &nbsp; Version longue https:\/\/meca05.fr\/edu\/public_vids\/files\/2022-film-b-version_longue.mp4 &nbsp; Making of https:\/\/meca05.fr\/edu\/public_vids\/files\/2022-film-b-making-of.mp4","og_url":"https:\/\/meca05.fr\/edu\/projets\/2022-ebeniste\/","og_site_name":"Construction M\u00e9canique","article_modified_time":"2022-03-20T14:26:19+00:00","twitter_misc":{"Dur\u00e9e de lecture estim\u00e9e":"1 minute"},"schema":{"@context":"https:\/\/schema.org","@graph":[{"@type":"WebPage","@id":"https:\/\/meca05.fr\/edu\/projets\/2022-ebeniste\/","url":"https:\/\/meca05.fr\/edu\/projets\/2022-ebeniste\/","name":"2022 : \u00e9b\u00e9niste - Construction M\u00e9canique","isPartOf":{"@id":"https:\/\/meca05.fr\/edu\/#website"},"datePublished":"2022-03-03T07:35:28+00:00","dateModified":"2022-03-20T14:26:19+00:00","breadcrumb":{"@id":"https:\/\/meca05.fr\/edu\/projets\/2022-ebeniste\/#breadcrumb"},"inLanguage":"fr-FR","potentialAction":[{"@type":"ReadAction","target":["https:\/\/meca05.fr\/edu\/projets\/2022-ebeniste\/"]}]},{"@type":"BreadcrumbList","@id":"https:\/\/meca05.fr\/edu\/projets\/2022-ebeniste\/#breadcrumb","itemListElement":[{"@type":"ListItem","position":1,"name":"Projets","item":"https:\/\/meca05.fr\/edu\/projets\/"},{"@type":"ListItem","position":2,"name":"2022 : \u00e9b\u00e9niste"}]},{"@type":"WebSite","@id":"https:\/\/meca05.fr\/edu\/#website","url":"https:\/\/meca05.fr\/edu\/","name":"Construction M\u00e9canique","description":"Cours, exercices, mod\u00e8les 3d et bien plus...","potentialAction":[{"@type":"SearchAction","target":{"@type":"EntryPoint","urlTemplate":"https:\/\/meca05.fr\/edu\/?s={search_term_string}"},"query-input":{"@type":"PropertyValueSpecification","valueRequired":true,"valueName":"search_term_string"}}],"inLanguage":"fr-FR"}]}},"_links":{"self":[{"href":"https:\/\/meca05.fr\/edu\/wp-json\/wp\/v2\/pages\/2990","targetHints":{"allow":["GET"]}}],"collection":[{"href":"https:\/\/meca05.fr\/edu\/wp-json\/wp\/v2\/pages"}],"about":[{"href":"https:\/\/meca05.fr\/edu\/wp-json\/wp\/v2\/types\/page"}],"author":[{"embeddable":true,"href":"https:\/\/meca05.fr\/edu\/wp-json\/wp\/v2\/users\/6"}],"replies":[{"embeddable":true,"href":"https:\/\/meca05.fr\/edu\/wp-json\/wp\/v2\/comments?post=2990"}],"version-history":[{"count":11,"href":"https:\/\/meca05.fr\/edu\/wp-json\/wp\/v2\/pages\/2990\/revisions"}],"predecessor-version":[{"id":3018,"href":"https:\/\/meca05.fr\/edu\/wp-json\/wp\/v2\/pages\/2990\/revisions\/3018"}],"up":[{"embeddable":true,"href":"https:\/\/meca05.fr\/edu\/wp-json\/wp\/v2\/pages\/2131"}],"wp:attachment":[{"href":"https:\/\/meca05.fr\/edu\/wp-json\/wp\/v2\/media?parent=2990"}],"curies":[{"name":"wp","href":"https:\/\/api.w.org\/{rel}","templated":true}]}}