{"id":2848,"date":"2021-12-05T23:21:41","date_gmt":"2021-12-05T22:21:41","guid":{"rendered":"https:\/\/meca05.fr\/edu\/?page_id=2848"},"modified":"2026-03-23T14:25:38","modified_gmt":"2026-03-23T13:25:38","slug":"open_forms","status":"publish","type":"page","link":"https:\/\/meca05.fr\/edu\/documentation\/docs-et-forms\/open_forms\/","title":{"rendered":"Formulaires open source"},"content":{"rendered":"<p style=\"text-align: center;\"><a class=\"fasc-button fasc-size-medium fasc-type-popout fasc-rounded-medium fasc-ico-before dashicons-businessman fasc-style-bold\" style=\"background-color: #ffcf47; color: #000000;\" href=\"https:\/\/meca05.fr\/edu\/open_scripts\/files\/fiches_suivi_simples.zip\">Fiches de suivi simples<\/a><\/p>\n<p style=\"text-align: center;\"><a class=\"fasc-button fasc-size-medium fasc-type-popout fasc-rounded-medium fasc-ico-before dashicons-businessman fasc-style-bold\" style=\"background-color: #ffcf47; color: #000000;\" href=\"https:\/\/meca05.fr\/edu\/open_scripts\/files\/fiches_suivi_simple_bac_mv.pdf\">Fiches de suivi simples bac MV<\/a><\/p>\n<p style=\"text-align: center;\"><a class=\"fasc-button fasc-size-medium fasc-type-popout fasc-rounded-medium fasc-ico-before dashicons-format-aside fasc-style-bold\" style=\"background-color: #6ecb22; color: #000000;\" href=\"https:\/\/meca05.fr\/edu\/open_scripts\/files\/calculs_simples_poses.zip\">Calculs simples pos\u00e9s<\/a><\/p>\n<p style=\"text-align: center;\"><a class=\"fasc-button fasc-size-medium fasc-type-popout fasc-rounded-medium fasc-ico-before dashicons-id fasc-style-bold\" style=\"background-color: #ffcf47; color: #000000;\" href=\"https:\/\/meca05.fr\/edu\/open_scripts\/files\/exercice_interactif-ok.pdf\">Exercice interactif<\/a><span>&nbsp; &nbsp; &nbsp;&nbsp;<a class=\"fasc-button fasc-size-medium fasc-type-popout fasc-rounded-medium fasc-ico-before dashicons-id fasc-style-bold\" style=\"background-color: #ffcf47; color: #000000;\" href=\"https:\/\/meca05.fr\/edu\/open_scripts\/files\/2026.02.06-15h23_exercice_interactif.pdf\">Version 2026.02.06-15h23<\/a><\/span><\/p>\n<p style=\"text-align: center;\"><a class=\"fasc-button fasc-size-medium fasc-type-popout fasc-rounded-medium fasc-ico-before dashicons-id fasc-style-bold\" style=\"background-color: #ffcf47; color: #000000;\" href=\"https:\/\/meca05.fr\/edu\/open_scripts\/files\/exercice_interactif-variables.pdf\">exercice interactif avec variables<\/a><\/p>\n<p style=\"text-align: center;\"><a class=\"fasc-button fasc-size-medium fasc-type-popout fasc-rounded-medium fasc-ico-before dashicons-id fasc-style-bold\" style=\"background-color: #ffcf47; color: #000000;\" href=\"https:\/\/meca05.fr\/edu\/open_scripts\/files\/trigo_2026.03.23.pdf\">Exercice Interactif Trigonom\u00e9trie<\/a><\/p>\n<p style=\"text-align: center;\"><a class=\"fasc-button fasc-size-medium fasc-type-popout fasc-rounded-medium fasc-ico-before dashicons-id fasc-style-bold\" style=\"background-color: #ffcf47; color: #000000;\" href=\"https:\/\/meca05.fr\/edu\/open_scripts\/files\/exercice_simple-modif-37.pdf\">Exercice simple<\/a><\/p>\n<p style=\"text-align: center;\"><a class=\"fasc-button fasc-size-medium fasc-type-popout fasc-rounded-medium fasc-ico-before dashicons-admin-generic fasc-style-bold\" style=\"background-color: #0e96f0; color: #ffffff;\" href=\"https:\/\/meca05.fr\/edu\/open_scripts\/files\/generateur-version2.pdf\">G\u00e9n\u00e9rateur de listes d\u00e9roulantes<\/a><\/p>\n<p style=\"text-align: center;\"><a class=\"fasc-button fasc-size-medium fasc-type-popout fasc-rounded-medium fasc-ico-before dashicons-id fasc-style-bold\" target=\"_blank\" style=\"background-color: #ffcf47; color: #000000;\" rel=\"noopener\" href=\"https:\/\/meca05.fr\/edu\/open_scripts\/files\/additions_version_b.0.1.pdf\">2025-additions<\/a><\/p>\n<p style=\"text-align: center;\"><a class=\"fasc-button fasc-size-medium fasc-type-popout fasc-rounded-medium fasc-ico-before dashicons-id fasc-style-bold\" target=\"_blank\" style=\"background-color: #ffcf47; color: #000000;\" rel=\"noopener\" href=\"https:\/\/meca05.fr\/edu\/open_scripts\/files\/soustractions_version_b.0.1.pdf\">2025-soustractions<\/a><\/p>\n<p style=\"text-align: center;\"><a class=\"fasc-button fasc-size-medium fasc-type-popout fasc-rounded-medium fasc-ico-before dashicons-id fasc-style-bold\" target=\"_blank\" style=\"background-color: #ffcf47; color: #000000;\" rel=\"noopener\" href=\"https:\/\/meca05.fr\/edu\/open_scripts\/files\/multiplications_version_b.0.1pdf\">2025-Multiplications<\/a><\/p>\n<p style=\"text-align: center;\"><a class=\"fasc-button fasc-size-medium fasc-type-popout fasc-rounded-medium fasc-ico-before dashicons-id fasc-style-bold\" style=\"background-color: #ffcf47; color: #000000;\" href=\"https:\/\/meca05.fr\/edu\/open_scripts\/files\/surfaces et volumes_version_b.0.6.pdf\">2025-Surfaces-volumes et cylindr\u00e9e<\/a><\/p>\n","protected":false},"excerpt":{"rendered":"<p>Fiches de suivi simples Fiches de suivi simples bac MV Calculs simples pos\u00e9s Exercice interactif&nbsp; &nbsp; &nbsp;&nbsp;Version 2026.02.06-15h23 exercice interactif avec variables Exercice Interactif Trigonom\u00e9trie Exercice simple G\u00e9n\u00e9rateur de listes<\/p>\n","protected":false},"author":6,"featured_media":0,"parent":2684,"menu_order":0,"comment_status":"closed","ping_status":"closed","template":"","meta":{"footnotes":""},"class_list":{"1":"page","2":"type-page","3":"status-publish","4":"hentry"},"yoast_head":"<!-- This site is optimized with the Yoast SEO plugin v27.1.1 - https:\/\/yoast.com\/product\/yoast-seo-wordpress\/ -->\n<title>Formulaires open source - Construction M\u00e9canique<\/title>\n<meta name=\"robots\" content=\"index, follow, max-snippet:-1, max-image-preview:large, max-video-preview:-1\" \/>\n<link rel=\"canonical\" href=\"https:\/\/meca05.fr\/edu\/documentation\/docs-et-forms\/open_forms\/\" \/>\n<meta property=\"og:locale\" content=\"fr_FR\" \/>\n<meta property=\"og:type\" content=\"article\" \/>\n<meta property=\"og:title\" content=\"Formulaires open source - Construction M\u00e9canique\" \/>\n<meta property=\"og:description\" content=\"Fiches de suivi simples Fiches de suivi simples bac MV Calculs simples pos\u00e9s Exercice interactif&nbsp; &nbsp; &nbsp;&nbsp;Version 2026.02.06-15h23 exercice interactif avec variables Exercice Interactif Trigonom\u00e9trie Exercice simple G\u00e9n\u00e9rateur de listes\" \/>\n<meta property=\"og:url\" content=\"https:\/\/meca05.fr\/edu\/documentation\/docs-et-forms\/open_forms\/\" \/>\n<meta property=\"og:site_name\" content=\"Construction M\u00e9canique\" \/>\n<meta property=\"article:modified_time\" content=\"2026-03-23T13:25:38+00:00\" \/>\n<meta name=\"twitter:label1\" content=\"Dur\u00e9e de lecture estim\u00e9e\" \/>\n\t<meta name=\"twitter:data1\" content=\"1 minute\" \/>\n<script type=\"application\/ld+json\" class=\"yoast-schema-graph\">{\"@context\":\"https:\/\/schema.org\",\"@graph\":[{\"@type\":\"WebPage\",\"@id\":\"https:\/\/meca05.fr\/edu\/documentation\/docs-et-forms\/open_forms\/\",\"url\":\"https:\/\/meca05.fr\/edu\/documentation\/docs-et-forms\/open_forms\/\",\"name\":\"Formulaires open source - Construction M\u00e9canique\",\"isPartOf\":{\"@id\":\"https:\/\/meca05.fr\/edu\/#website\"},\"datePublished\":\"2021-12-05T22:21:41+00:00\",\"dateModified\":\"2026-03-23T13:25:38+00:00\",\"breadcrumb\":{\"@id\":\"https:\/\/meca05.fr\/edu\/documentation\/docs-et-forms\/open_forms\/#breadcrumb\"},\"inLanguage\":\"fr-FR\",\"potentialAction\":[{\"@type\":\"ReadAction\",\"target\":[\"https:\/\/meca05.fr\/edu\/documentation\/docs-et-forms\/open_forms\/\"]}]},{\"@type\":\"BreadcrumbList\",\"@id\":\"https:\/\/meca05.fr\/edu\/documentation\/docs-et-forms\/open_forms\/#breadcrumb\",\"itemListElement\":[{\"@type\":\"ListItem\",\"position\":1,\"name\":\"documentation\",\"item\":\"https:\/\/meca05.fr\/edu\/documentation\/\"},{\"@type\":\"ListItem\",\"position\":2,\"name\":\"Documents et formulaires\",\"item\":\"https:\/\/meca05.fr\/edu\/documentation\/docs-et-forms\/\"},{\"@type\":\"ListItem\",\"position\":3,\"name\":\"Formulaires open source\"}]},{\"@type\":\"WebSite\",\"@id\":\"https:\/\/meca05.fr\/edu\/#website\",\"url\":\"https:\/\/meca05.fr\/edu\/\",\"name\":\"Construction M\u00e9canique\",\"description\":\"Cours, exercices, mod\u00e8les 3d et bien plus...\",\"potentialAction\":[{\"@type\":\"SearchAction\",\"target\":{\"@type\":\"EntryPoint\",\"urlTemplate\":\"https:\/\/meca05.fr\/edu\/?s={search_term_string}\"},\"query-input\":{\"@type\":\"PropertyValueSpecification\",\"valueRequired\":true,\"valueName\":\"search_term_string\"}}],\"inLanguage\":\"fr-FR\"}]}<\/script>\n<!-- \/ Yoast SEO plugin. -->","yoast_head_json":{"title":"Formulaires open source - Construction M\u00e9canique","robots":{"index":"index","follow":"follow","max-snippet":"max-snippet:-1","max-image-preview":"max-image-preview:large","max-video-preview":"max-video-preview:-1"},"canonical":"https:\/\/meca05.fr\/edu\/documentation\/docs-et-forms\/open_forms\/","og_locale":"fr_FR","og_type":"article","og_title":"Formulaires open source - Construction M\u00e9canique","og_description":"Fiches de suivi simples Fiches de suivi simples bac MV Calculs simples pos\u00e9s Exercice interactif&nbsp; &nbsp; &nbsp;&nbsp;Version 2026.02.06-15h23 exercice interactif avec variables Exercice Interactif Trigonom\u00e9trie Exercice simple G\u00e9n\u00e9rateur de listes","og_url":"https:\/\/meca05.fr\/edu\/documentation\/docs-et-forms\/open_forms\/","og_site_name":"Construction M\u00e9canique","article_modified_time":"2026-03-23T13:25:38+00:00","twitter_misc":{"Dur\u00e9e de lecture estim\u00e9e":"1 minute"},"schema":{"@context":"https:\/\/schema.org","@graph":[{"@type":"WebPage","@id":"https:\/\/meca05.fr\/edu\/documentation\/docs-et-forms\/open_forms\/","url":"https:\/\/meca05.fr\/edu\/documentation\/docs-et-forms\/open_forms\/","name":"Formulaires open source - Construction M\u00e9canique","isPartOf":{"@id":"https:\/\/meca05.fr\/edu\/#website"},"datePublished":"2021-12-05T22:21:41+00:00","dateModified":"2026-03-23T13:25:38+00:00","breadcrumb":{"@id":"https:\/\/meca05.fr\/edu\/documentation\/docs-et-forms\/open_forms\/#breadcrumb"},"inLanguage":"fr-FR","potentialAction":[{"@type":"ReadAction","target":["https:\/\/meca05.fr\/edu\/documentation\/docs-et-forms\/open_forms\/"]}]},{"@type":"BreadcrumbList","@id":"https:\/\/meca05.fr\/edu\/documentation\/docs-et-forms\/open_forms\/#breadcrumb","itemListElement":[{"@type":"ListItem","position":1,"name":"documentation","item":"https:\/\/meca05.fr\/edu\/documentation\/"},{"@type":"ListItem","position":2,"name":"Documents et formulaires","item":"https:\/\/meca05.fr\/edu\/documentation\/docs-et-forms\/"},{"@type":"ListItem","position":3,"name":"Formulaires open source"}]},{"@type":"WebSite","@id":"https:\/\/meca05.fr\/edu\/#website","url":"https:\/\/meca05.fr\/edu\/","name":"Construction M\u00e9canique","description":"Cours, exercices, mod\u00e8les 3d et bien plus...","potentialAction":[{"@type":"SearchAction","target":{"@type":"EntryPoint","urlTemplate":"https:\/\/meca05.fr\/edu\/?s={search_term_string}"},"query-input":{"@type":"PropertyValueSpecification","valueRequired":true,"valueName":"search_term_string"}}],"inLanguage":"fr-FR"}]}},"_links":{"self":[{"href":"https:\/\/meca05.fr\/edu\/wp-json\/wp\/v2\/pages\/2848","targetHints":{"allow":["GET"]}}],"collection":[{"href":"https:\/\/meca05.fr\/edu\/wp-json\/wp\/v2\/pages"}],"about":[{"href":"https:\/\/meca05.fr\/edu\/wp-json\/wp\/v2\/types\/page"}],"author":[{"embeddable":true,"href":"https:\/\/meca05.fr\/edu\/wp-json\/wp\/v2\/users\/6"}],"replies":[{"embeddable":true,"href":"https:\/\/meca05.fr\/edu\/wp-json\/wp\/v2\/comments?post=2848"}],"version-history":[{"count":41,"href":"https:\/\/meca05.fr\/edu\/wp-json\/wp\/v2\/pages\/2848\/revisions"}],"predecessor-version":[{"id":4292,"href":"https:\/\/meca05.fr\/edu\/wp-json\/wp\/v2\/pages\/2848\/revisions\/4292"}],"up":[{"embeddable":true,"href":"https:\/\/meca05.fr\/edu\/wp-json\/wp\/v2\/pages\/2684"}],"wp:attachment":[{"href":"https:\/\/meca05.fr\/edu\/wp-json\/wp\/v2\/media?parent=2848"}],"curies":[{"name":"wp","href":"https:\/\/api.w.org\/{rel}","templated":true}]}}