{"id":2581,"date":"2021-10-06T19:51:32","date_gmt":"2021-10-06T18:51:32","guid":{"rendered":"https:\/\/meca05.fr\/edu\/?page_id=2581"},"modified":"2025-03-04T10:52:36","modified_gmt":"2025-03-04T09:52:36","slug":"simplifier-une-fraction","status":"publish","type":"page","link":"https:\/\/meca05.fr\/edu\/tutos-videos\/mathematiques\/simplifier-une-fraction\/","title":{"rendered":"Simplifier une fraction"},"content":{"rendered":"<h3>Comment r\u00e9duire une fraction ?<\/h3>\n<h4><strong>\u00c9tape 1 \u2192 Voir la vid\u00e9o :<br \/>\n<\/strong><\/h4>\n<p>&nbsp;<\/p>\n<div style=\"width: 640px;\" class=\"wp-video\"><video class=\"wp-video-shortcode\" id=\"video-2581-1\" width=\"640\" height=\"360\" preload=\"metadata\" controls=\"controls\"><source type=\"video\/mp4\" src=\"https:\/\/meca05.fr\/edu\/public_vids\/files\/simplifier_fraction.mp4?_=1\" \/><a href=\"https:\/\/meca05.fr\/edu\/public_vids\/files\/simplifier_fraction.mp4\">https:\/\/meca05.fr\/edu\/public_vids\/files\/simplifier_fraction.mp4<\/a><\/video><\/div>\n<h4><\/h4>\n<h4><strong>\u00c9tape 2 \u2192 <\/strong><strong>s'entrainer :<\/strong><\/h4>\n<p style=\"text-align: center;\"><a class=\"fasc-button fasc-size-medium fasc-type-popout fasc-rounded-medium fasc-ico-before dashicons-businessman fasc-style-bold\" style=\"background-color: #ffcf47; color: #000000;\" href=\"https:\/\/meca05.fr\/edu\/open_scripts\/files\/mission_reduction_fraction.pdf\">Mission : r\u00e9duction fraction<\/a><span> &nbsp;&nbsp;&nbsp;&nbsp; <a class=\"fasc-button fasc-size-medium fasc-type-popout fasc-rounded-medium fasc-ico-before dashicons-id fasc-style-bold\" style=\"background-color: #ffcf47; color: #000000;\" href=\"https:\/\/meca05.fr\/edu\/open_scripts\/files\/mission_reduction_fraction-v6.pdf\">Version 5<\/a><\/span><\/p>\n<h5 style=\"text-align: center;\"><strong><em>(T\u00e9l\u00e9charger le formulaire et ouvrir le fichier avec PDF-XChange Editor)<\/em><\/strong><\/h5>\n","protected":false},"excerpt":{"rendered":"<p>Comment r\u00e9duire une fraction ? \u00c9tape 1 \u2192 Voir la vid\u00e9o : &nbsp; https:\/\/meca05.fr\/edu\/public_vids\/files\/simplifier_fraction.mp4 \u00c9tape 2 \u2192 s'entrainer : Mission : r\u00e9duction fraction &nbsp;&nbsp;&nbsp;&nbsp; Version 5 (T\u00e9l\u00e9charger le formulaire et<\/p>\n","protected":false},"author":6,"featured_media":0,"parent":499,"menu_order":1,"comment_status":"closed","ping_status":"closed","template":"","meta":{"footnotes":""},"class_list":{"1":"page","2":"type-page","3":"status-publish","4":"hentry"},"yoast_head":"<!-- This site is optimized with the Yoast SEO plugin v27.4 - https:\/\/yoast.com\/product\/yoast-seo-wordpress\/ -->\n<title>Simplifier une fraction - Construction M\u00e9canique<\/title>\n<meta name=\"robots\" content=\"index, follow, max-snippet:-1, max-image-preview:large, max-video-preview:-1\" \/>\n<link rel=\"canonical\" href=\"https:\/\/meca05.fr\/edu\/tutos-videos\/mathematiques\/simplifier-une-fraction\/\" \/>\n<meta property=\"og:locale\" content=\"fr_FR\" \/>\n<meta property=\"og:type\" content=\"article\" \/>\n<meta property=\"og:title\" content=\"Simplifier une fraction - Construction M\u00e9canique\" \/>\n<meta property=\"og:description\" content=\"Comment r\u00e9duire une fraction ? \u00c9tape 1 \u2192 Voir la vid\u00e9o : &nbsp; https:\/\/meca05.fr\/edu\/public_vids\/files\/simplifier_fraction.mp4 \u00c9tape 2 \u2192 s&#039;entrainer : Mission : r\u00e9duction fraction &nbsp;&nbsp;&nbsp;&nbsp; Version 5 (T\u00e9l\u00e9charger le formulaire et\" \/>\n<meta property=\"og:url\" content=\"https:\/\/meca05.fr\/edu\/tutos-videos\/mathematiques\/simplifier-une-fraction\/\" \/>\n<meta property=\"og:site_name\" content=\"Construction M\u00e9canique\" \/>\n<meta property=\"article:modified_time\" content=\"2025-03-04T09:52:36+00:00\" \/>\n<meta name=\"twitter:label1\" content=\"Dur\u00e9e de lecture estim\u00e9e\" \/>\n\t<meta name=\"twitter:data1\" content=\"1 minute\" \/>\n<script type=\"application\/ld+json\" class=\"yoast-schema-graph\">{\"@context\":\"https:\\\/\\\/schema.org\",\"@graph\":[{\"@type\":\"WebPage\",\"@id\":\"https:\\\/\\\/meca05.fr\\\/edu\\\/tutos-videos\\\/mathematiques\\\/simplifier-une-fraction\\\/\",\"url\":\"https:\\\/\\\/meca05.fr\\\/edu\\\/tutos-videos\\\/mathematiques\\\/simplifier-une-fraction\\\/\",\"name\":\"Simplifier une fraction - Construction M\u00e9canique\",\"isPartOf\":{\"@id\":\"https:\\\/\\\/meca05.fr\\\/edu\\\/#website\"},\"datePublished\":\"2021-10-06T18:51:32+00:00\",\"dateModified\":\"2025-03-04T09:52:36+00:00\",\"breadcrumb\":{\"@id\":\"https:\\\/\\\/meca05.fr\\\/edu\\\/tutos-videos\\\/mathematiques\\\/simplifier-une-fraction\\\/#breadcrumb\"},\"inLanguage\":\"fr-FR\",\"potentialAction\":[{\"@type\":\"ReadAction\",\"target\":[\"https:\\\/\\\/meca05.fr\\\/edu\\\/tutos-videos\\\/mathematiques\\\/simplifier-une-fraction\\\/\"]}]},{\"@type\":\"BreadcrumbList\",\"@id\":\"https:\\\/\\\/meca05.fr\\\/edu\\\/tutos-videos\\\/mathematiques\\\/simplifier-une-fraction\\\/#breadcrumb\",\"itemListElement\":[{\"@type\":\"ListItem\",\"position\":1,\"name\":\"Tutos &#038; vid\u00e9os\",\"item\":\"https:\\\/\\\/meca05.fr\\\/edu\\\/tutos-videos\\\/\"},{\"@type\":\"ListItem\",\"position\":2,\"name\":\"Math\u00e9matiques\",\"item\":\"https:\\\/\\\/meca05.fr\\\/edu\\\/tutos-videos\\\/mathematiques\\\/\"},{\"@type\":\"ListItem\",\"position\":3,\"name\":\"Simplifier une fraction\"}]},{\"@type\":\"WebSite\",\"@id\":\"https:\\\/\\\/meca05.fr\\\/edu\\\/#website\",\"url\":\"https:\\\/\\\/meca05.fr\\\/edu\\\/\",\"name\":\"Construction M\u00e9canique\",\"description\":\"Cours, exercices, mod\u00e8les 3d et bien plus...\",\"potentialAction\":[{\"@type\":\"SearchAction\",\"target\":{\"@type\":\"EntryPoint\",\"urlTemplate\":\"https:\\\/\\\/meca05.fr\\\/edu\\\/?s={search_term_string}\"},\"query-input\":{\"@type\":\"PropertyValueSpecification\",\"valueRequired\":true,\"valueName\":\"search_term_string\"}}],\"inLanguage\":\"fr-FR\"}]}<\/script>\n<!-- \/ Yoast SEO plugin. -->","yoast_head_json":{"title":"Simplifier une fraction - Construction M\u00e9canique","robots":{"index":"index","follow":"follow","max-snippet":"max-snippet:-1","max-image-preview":"max-image-preview:large","max-video-preview":"max-video-preview:-1"},"canonical":"https:\/\/meca05.fr\/edu\/tutos-videos\/mathematiques\/simplifier-une-fraction\/","og_locale":"fr_FR","og_type":"article","og_title":"Simplifier une fraction - Construction M\u00e9canique","og_description":"Comment r\u00e9duire une fraction ? \u00c9tape 1 \u2192 Voir la vid\u00e9o : &nbsp; https:\/\/meca05.fr\/edu\/public_vids\/files\/simplifier_fraction.mp4 \u00c9tape 2 \u2192 s'entrainer : Mission : r\u00e9duction fraction &nbsp;&nbsp;&nbsp;&nbsp; Version 5 (T\u00e9l\u00e9charger le formulaire et","og_url":"https:\/\/meca05.fr\/edu\/tutos-videos\/mathematiques\/simplifier-une-fraction\/","og_site_name":"Construction M\u00e9canique","article_modified_time":"2025-03-04T09:52:36+00:00","twitter_misc":{"Dur\u00e9e de lecture estim\u00e9e":"1 minute"},"schema":{"@context":"https:\/\/schema.org","@graph":[{"@type":"WebPage","@id":"https:\/\/meca05.fr\/edu\/tutos-videos\/mathematiques\/simplifier-une-fraction\/","url":"https:\/\/meca05.fr\/edu\/tutos-videos\/mathematiques\/simplifier-une-fraction\/","name":"Simplifier une fraction - Construction M\u00e9canique","isPartOf":{"@id":"https:\/\/meca05.fr\/edu\/#website"},"datePublished":"2021-10-06T18:51:32+00:00","dateModified":"2025-03-04T09:52:36+00:00","breadcrumb":{"@id":"https:\/\/meca05.fr\/edu\/tutos-videos\/mathematiques\/simplifier-une-fraction\/#breadcrumb"},"inLanguage":"fr-FR","potentialAction":[{"@type":"ReadAction","target":["https:\/\/meca05.fr\/edu\/tutos-videos\/mathematiques\/simplifier-une-fraction\/"]}]},{"@type":"BreadcrumbList","@id":"https:\/\/meca05.fr\/edu\/tutos-videos\/mathematiques\/simplifier-une-fraction\/#breadcrumb","itemListElement":[{"@type":"ListItem","position":1,"name":"Tutos &#038; vid\u00e9os","item":"https:\/\/meca05.fr\/edu\/tutos-videos\/"},{"@type":"ListItem","position":2,"name":"Math\u00e9matiques","item":"https:\/\/meca05.fr\/edu\/tutos-videos\/mathematiques\/"},{"@type":"ListItem","position":3,"name":"Simplifier une fraction"}]},{"@type":"WebSite","@id":"https:\/\/meca05.fr\/edu\/#website","url":"https:\/\/meca05.fr\/edu\/","name":"Construction M\u00e9canique","description":"Cours, exercices, mod\u00e8les 3d et bien plus...","potentialAction":[{"@type":"SearchAction","target":{"@type":"EntryPoint","urlTemplate":"https:\/\/meca05.fr\/edu\/?s={search_term_string}"},"query-input":{"@type":"PropertyValueSpecification","valueRequired":true,"valueName":"search_term_string"}}],"inLanguage":"fr-FR"}]}},"_links":{"self":[{"href":"https:\/\/meca05.fr\/edu\/wp-json\/wp\/v2\/pages\/2581","targetHints":{"allow":["GET"]}}],"collection":[{"href":"https:\/\/meca05.fr\/edu\/wp-json\/wp\/v2\/pages"}],"about":[{"href":"https:\/\/meca05.fr\/edu\/wp-json\/wp\/v2\/types\/page"}],"author":[{"embeddable":true,"href":"https:\/\/meca05.fr\/edu\/wp-json\/wp\/v2\/users\/6"}],"replies":[{"embeddable":true,"href":"https:\/\/meca05.fr\/edu\/wp-json\/wp\/v2\/comments?post=2581"}],"version-history":[{"count":8,"href":"https:\/\/meca05.fr\/edu\/wp-json\/wp\/v2\/pages\/2581\/revisions"}],"predecessor-version":[{"id":4154,"href":"https:\/\/meca05.fr\/edu\/wp-json\/wp\/v2\/pages\/2581\/revisions\/4154"}],"up":[{"embeddable":true,"href":"https:\/\/meca05.fr\/edu\/wp-json\/wp\/v2\/pages\/499"}],"wp:attachment":[{"href":"https:\/\/meca05.fr\/edu\/wp-json\/wp\/v2\/media?parent=2581"}],"curies":[{"name":"wp","href":"https:\/\/api.w.org\/{rel}","templated":true}]}}