{"id":2146,"date":"2021-03-15T18:45:22","date_gmt":"2021-03-15T17:45:22","guid":{"rendered":"http:\/\/meca05.fr\/edu\/?page_id=2146"},"modified":"2021-03-30T19:18:58","modified_gmt":"2021-03-30T18:18:58","slug":"2021_ctrm","status":"publish","type":"page","link":"https:\/\/meca05.fr\/edu\/projets\/2021_ctrm\/","title":{"rendered":"2021 : court m\u00e9trage CTRM"},"content":{"rendered":"<h3>Vid\u00e9o pr\u00e9sentant la fili\u00e8re Conduite Transport Routier Marchandises<\/h3>\n<div style=\"width: 640px;\" class=\"wp-video\"><video class=\"wp-video-shortcode\" id=\"video-2146-1\" width=\"640\" height=\"360\" preload=\"metadata\" controls=\"controls\"><source type=\"video\/mp4\" src=\"https:\/\/meca05.fr\/edu\/public_vids\/files\/2021_cstr-720p.mp4?_=1\" \/><a href=\"https:\/\/meca05.fr\/edu\/public_vids\/files\/2021_cstr-720p.mp4\">https:\/\/meca05.fr\/edu\/public_vids\/files\/2021_cstr-720p.mp4<\/a><\/video><\/div>\n<p>&nbsp;<\/p>\n<p><a class=\"fasc-button fasc-size-medium fasc-type-popout fasc-rounded-medium fasc-ico-before dashicons-images-alt2 fasc-style-bold\" style=\"background-color: #007abe; color: #ffffff;\" href=\"https:\/\/meca05.fr\/edu\/projets\/\">Voir les autres courts m\u00e9trages &amp; projets r\u00e9alis\u00e9s avec la classe de 3\u00e8me<\/a><\/p>\n","protected":false},"excerpt":{"rendered":"<p>Vid\u00e9o pr\u00e9sentant la fili\u00e8re Conduite Transport Routier Marchandises https:\/\/meca05.fr\/edu\/public_vids\/files\/2021_cstr-720p.mp4 &nbsp; Voir les autres courts m\u00e9trages &amp; projets r\u00e9alis\u00e9s avec la classe de 3\u00e8me<\/p>\n","protected":false},"author":6,"featured_media":0,"parent":2131,"menu_order":2,"comment_status":"closed","ping_status":"closed","template":"","meta":{"footnotes":""},"class_list":{"1":"page","2":"type-page","3":"status-publish","4":"hentry"},"yoast_head":"<!-- This site is optimized with the Yoast SEO plugin v27.1.1 - https:\/\/yoast.com\/product\/yoast-seo-wordpress\/ -->\n<title>2021 : court m\u00e9trage CTRM - Construction M\u00e9canique<\/title>\n<meta name=\"robots\" content=\"index, follow, max-snippet:-1, max-image-preview:large, max-video-preview:-1\" \/>\n<link rel=\"canonical\" href=\"https:\/\/meca05.fr\/edu\/projets\/2021_ctrm\/\" \/>\n<meta property=\"og:locale\" content=\"fr_FR\" \/>\n<meta property=\"og:type\" content=\"article\" \/>\n<meta property=\"og:title\" content=\"2021 : court m\u00e9trage CTRM - Construction M\u00e9canique\" \/>\n<meta property=\"og:description\" content=\"Vid\u00e9o pr\u00e9sentant la fili\u00e8re Conduite Transport Routier Marchandises https:\/\/meca05.fr\/edu\/public_vids\/files\/2021_cstr-720p.mp4 &nbsp; Voir les autres courts m\u00e9trages &amp; projets r\u00e9alis\u00e9s avec la classe de 3\u00e8me\" \/>\n<meta property=\"og:url\" content=\"https:\/\/meca05.fr\/edu\/projets\/2021_ctrm\/\" \/>\n<meta property=\"og:site_name\" content=\"Construction M\u00e9canique\" \/>\n<meta property=\"article:modified_time\" content=\"2021-03-30T18:18:58+00:00\" \/>\n<meta name=\"twitter:label1\" content=\"Dur\u00e9e de lecture estim\u00e9e\" \/>\n\t<meta name=\"twitter:data1\" content=\"1 minute\" \/>\n<script type=\"application\/ld+json\" class=\"yoast-schema-graph\">{\"@context\":\"https:\/\/schema.org\",\"@graph\":[{\"@type\":\"WebPage\",\"@id\":\"https:\/\/meca05.fr\/edu\/projets\/2021_ctrm\/\",\"url\":\"https:\/\/meca05.fr\/edu\/projets\/2021_ctrm\/\",\"name\":\"2021 : court m\u00e9trage CTRM - Construction M\u00e9canique\",\"isPartOf\":{\"@id\":\"https:\/\/meca05.fr\/edu\/#website\"},\"datePublished\":\"2021-03-15T17:45:22+00:00\",\"dateModified\":\"2021-03-30T18:18:58+00:00\",\"breadcrumb\":{\"@id\":\"https:\/\/meca05.fr\/edu\/projets\/2021_ctrm\/#breadcrumb\"},\"inLanguage\":\"fr-FR\",\"potentialAction\":[{\"@type\":\"ReadAction\",\"target\":[\"https:\/\/meca05.fr\/edu\/projets\/2021_ctrm\/\"]}]},{\"@type\":\"BreadcrumbList\",\"@id\":\"https:\/\/meca05.fr\/edu\/projets\/2021_ctrm\/#breadcrumb\",\"itemListElement\":[{\"@type\":\"ListItem\",\"position\":1,\"name\":\"Projets\",\"item\":\"https:\/\/meca05.fr\/edu\/projets\/\"},{\"@type\":\"ListItem\",\"position\":2,\"name\":\"2021 : court m\u00e9trage CTRM\"}]},{\"@type\":\"WebSite\",\"@id\":\"https:\/\/meca05.fr\/edu\/#website\",\"url\":\"https:\/\/meca05.fr\/edu\/\",\"name\":\"Construction M\u00e9canique\",\"description\":\"Cours, exercices, mod\u00e8les 3d et bien plus...\",\"potentialAction\":[{\"@type\":\"SearchAction\",\"target\":{\"@type\":\"EntryPoint\",\"urlTemplate\":\"https:\/\/meca05.fr\/edu\/?s={search_term_string}\"},\"query-input\":{\"@type\":\"PropertyValueSpecification\",\"valueRequired\":true,\"valueName\":\"search_term_string\"}}],\"inLanguage\":\"fr-FR\"}]}<\/script>\n<!-- \/ Yoast SEO plugin. -->","yoast_head_json":{"title":"2021 : court m\u00e9trage CTRM - Construction M\u00e9canique","robots":{"index":"index","follow":"follow","max-snippet":"max-snippet:-1","max-image-preview":"max-image-preview:large","max-video-preview":"max-video-preview:-1"},"canonical":"https:\/\/meca05.fr\/edu\/projets\/2021_ctrm\/","og_locale":"fr_FR","og_type":"article","og_title":"2021 : court m\u00e9trage CTRM - Construction M\u00e9canique","og_description":"Vid\u00e9o pr\u00e9sentant la fili\u00e8re Conduite Transport Routier Marchandises https:\/\/meca05.fr\/edu\/public_vids\/files\/2021_cstr-720p.mp4 &nbsp; Voir les autres courts m\u00e9trages &amp; projets r\u00e9alis\u00e9s avec la classe de 3\u00e8me","og_url":"https:\/\/meca05.fr\/edu\/projets\/2021_ctrm\/","og_site_name":"Construction M\u00e9canique","article_modified_time":"2021-03-30T18:18:58+00:00","twitter_misc":{"Dur\u00e9e de lecture estim\u00e9e":"1 minute"},"schema":{"@context":"https:\/\/schema.org","@graph":[{"@type":"WebPage","@id":"https:\/\/meca05.fr\/edu\/projets\/2021_ctrm\/","url":"https:\/\/meca05.fr\/edu\/projets\/2021_ctrm\/","name":"2021 : court m\u00e9trage CTRM - Construction M\u00e9canique","isPartOf":{"@id":"https:\/\/meca05.fr\/edu\/#website"},"datePublished":"2021-03-15T17:45:22+00:00","dateModified":"2021-03-30T18:18:58+00:00","breadcrumb":{"@id":"https:\/\/meca05.fr\/edu\/projets\/2021_ctrm\/#breadcrumb"},"inLanguage":"fr-FR","potentialAction":[{"@type":"ReadAction","target":["https:\/\/meca05.fr\/edu\/projets\/2021_ctrm\/"]}]},{"@type":"BreadcrumbList","@id":"https:\/\/meca05.fr\/edu\/projets\/2021_ctrm\/#breadcrumb","itemListElement":[{"@type":"ListItem","position":1,"name":"Projets","item":"https:\/\/meca05.fr\/edu\/projets\/"},{"@type":"ListItem","position":2,"name":"2021 : court m\u00e9trage CTRM"}]},{"@type":"WebSite","@id":"https:\/\/meca05.fr\/edu\/#website","url":"https:\/\/meca05.fr\/edu\/","name":"Construction M\u00e9canique","description":"Cours, exercices, mod\u00e8les 3d et bien plus...","potentialAction":[{"@type":"SearchAction","target":{"@type":"EntryPoint","urlTemplate":"https:\/\/meca05.fr\/edu\/?s={search_term_string}"},"query-input":{"@type":"PropertyValueSpecification","valueRequired":true,"valueName":"search_term_string"}}],"inLanguage":"fr-FR"}]}},"_links":{"self":[{"href":"https:\/\/meca05.fr\/edu\/wp-json\/wp\/v2\/pages\/2146","targetHints":{"allow":["GET"]}}],"collection":[{"href":"https:\/\/meca05.fr\/edu\/wp-json\/wp\/v2\/pages"}],"about":[{"href":"https:\/\/meca05.fr\/edu\/wp-json\/wp\/v2\/types\/page"}],"author":[{"embeddable":true,"href":"https:\/\/meca05.fr\/edu\/wp-json\/wp\/v2\/users\/6"}],"replies":[{"embeddable":true,"href":"https:\/\/meca05.fr\/edu\/wp-json\/wp\/v2\/comments?post=2146"}],"version-history":[{"count":4,"href":"https:\/\/meca05.fr\/edu\/wp-json\/wp\/v2\/pages\/2146\/revisions"}],"predecessor-version":[{"id":2233,"href":"https:\/\/meca05.fr\/edu\/wp-json\/wp\/v2\/pages\/2146\/revisions\/2233"}],"up":[{"embeddable":true,"href":"https:\/\/meca05.fr\/edu\/wp-json\/wp\/v2\/pages\/2131"}],"wp:attachment":[{"href":"https:\/\/meca05.fr\/edu\/wp-json\/wp\/v2\/media?parent=2146"}],"curies":[{"name":"wp","href":"https:\/\/api.w.org\/{rel}","templated":true}]}}