{"id":2131,"date":"2021-03-15T18:21:01","date_gmt":"2021-03-15T17:21:01","guid":{"rendered":"http:\/\/meca05.fr\/edu\/?page_id=2131"},"modified":"2021-03-30T19:22:42","modified_gmt":"2021-03-30T18:22:42","slug":"projets","status":"publish","type":"page","link":"https:\/\/meca05.fr\/edu\/projets\/","title":{"rendered":"Projets"},"content":{"rendered":"<h4 style=\"text-align: left;\"><strong><span style=\"color: #008000;\">2021 : r\u00e9alisation de courts m\u00e9trages pr\u00e9sentant 2 fili\u00e8res du lyc\u00e9e<\/span><br \/>\n<\/strong><\/h4>\n<input type='hidden' bg_collapse_expand='69e4130d35fb44028741754' value='69e4130d35fb44028741754'><input type='hidden' id='bg-show-more-text-69e4130d35fb44028741754' value='Voir les films'><input type='hidden' id='bg-show-less-text-69e4130d35fb44028741754' value='Voir les films'><button id='bg-showmore-action-69e4130d35fb44028741754' class='bg-showmore-plg-button bg-green-button bg-arrow '   style=\" color:#4a4949;\">Voir les films<\/button><div id='bg-showmore-hidden-69e4130d35fb44028741754' ><\/p>\n<p><a class=\"fasc-button fasc-size-medium fasc-type-popout fasc-rounded-medium fasc-style-bold\" style=\"background-color: #6ecb22;color: #000000\" href=\"https:\/\/meca05.fr\/edu\/projets\/2021_mv\/\">Maintenance V\u00e9hicules<\/a><\/p>\n<p><a class=\"fasc-button fasc-size-medium fasc-type-popout fasc-rounded-medium fasc-style-bold\" style=\"background-color: #6ecb22;color: #000000\" href=\"https:\/\/meca05.fr\/edu\/projets\/2021_ctrm\/\">Conducteur Routier Transport Marchandises<\/a><\/p>\n<p><\/div>\n<p>&nbsp;<\/p>\n<h4><strong><span style=\"color: #0000ff;\">2020 : r\u00e9alisation de courts m\u00e9trages pr\u00e9sentant les m\u00e9tiers de Pisteuse-Secouriste et Botaniste<\/span><br \/>\n<\/strong><\/h4>\n<input type='hidden' bg_collapse_expand='69e4130d362189075897211' value='69e4130d362189075897211'><input type='hidden' id='bg-show-more-text-69e4130d362189075897211' value='Voir les films'><input type='hidden' id='bg-show-less-text-69e4130d362189075897211' value='Voir les films'><button id='bg-showmore-action-69e4130d362189075897211' class='bg-showmore-plg-button bg-blue-button bg-arrow '   style=\" color:#ffffff;\">Voir les films<\/button><div id='bg-showmore-hidden-69e4130d362189075897211' ><\/p>\n<p><a class=\"fasc-button fasc-size-medium fasc-type-popout fasc-rounded-medium fasc-style-bold\" style=\"background-color: #0e96f0;color: #ffffff\" href=\"https:\/\/meca05.fr\/edu\/projets\/2020-pisteuse-secouriste\/\">Pisteuse Secouriste<\/a><\/p>\n<p><a class=\"fasc-button fasc-size-medium fasc-type-popout fasc-rounded-medium fasc-style-bold\" style=\"background-color: #0e96f0;color: #ffffff\" href=\"https:\/\/meca05.fr\/edu\/projets\/2020-botaniste\/\">Botaniste<\/a><\/p>\n<p><\/div>\n<p>&nbsp;<\/p>\n<h4><strong><span style=\"color: #ff6600;\">2019 : r\u00e9alisation de courts m\u00e9trages pr\u00e9sentant les m\u00e9tiers de Mar\u00e9chal Ferrant et d'accompagnateur en moyenne montagne<\/span><br \/>\n<\/strong><\/h4>\n<input type='hidden' bg_collapse_expand='69e4130d363567057551932' value='69e4130d363567057551932'><input type='hidden' id='bg-show-more-text-69e4130d363567057551932' value='Voir les films'><input type='hidden' id='bg-show-less-text-69e4130d363567057551932' value='Voir les films'><button id='bg-showmore-action-69e4130d363567057551932' class='bg-showmore-plg-button bg-orange-button bg-arrow '   style=\" color:#000000;\">Voir les films<\/button><div id='bg-showmore-hidden-69e4130d363567057551932' ><\/p>\n<p><a class=\"fasc-button fasc-size-medium fasc-type-popout fasc-rounded-medium fasc-style-bold\" style=\"background-color: #ffcf47;color: #000000\" href=\"https:\/\/meca05.fr\/edu\/projets\/2020-pisteuse-secouriste\/\">Mar\u00e9chal Ferrant<\/a><\/p>\n<p><a class=\"fasc-button fasc-size-medium fasc-type-popout fasc-rounded-medium fasc-style-bold\" style=\"background-color: #ffcf47;color: #000000\" href=\"https:\/\/meca05.fr\/edu\/projets\/2019-accompagnateur-en-moyenne-montagne\/\">Accompagnateur en moyenne montagne<\/a><\/p>\n<p><\/div>\n<p>&nbsp;<\/p>\n<h4><strong><span style=\"color: #ff0000;\">2018 : Fabrication de mobilier pour le jardin du conservatoire botanique national alpin<\/span><br \/>\n<\/strong><\/h4>\n<p><a class=\"fasc-button fasc-size-medium fasc-type-popout fasc-rounded-medium fasc-style-bold\" style=\"background-color: #ff0000; color: #000000;\" href=\"https:\/\/meca05.fr\/edu\/projets\/2018-jardinalp\/\">La page du projet<\/a><span> <\/span><\/p>\n<p>&nbsp;<\/p>\n<h4><strong><span style=\"color: #008000;\">2014 : r\u00e9fection de la st\u00e8le de Paul H\u00e9raud \u00e0 Tallard<\/span><\/strong><\/h4>\n<p><a class=\"fasc-button fasc-size-medium fasc-type-popout fasc-rounded-medium fasc-style-bold\" style=\"background-color: #6ecb22; color: #000000;\" href=\"https:\/\/meca05.fr\/edu\/projets\/2014-stele-paul-heraud\/\">La page du projet<\/a><span>&nbsp;<\/span><\/p>\n<p>&nbsp;<\/p>\n<p>&nbsp;<\/p>\n","protected":false},"excerpt":{"rendered":"<p>2021 : r\u00e9alisation de courts m\u00e9trages pr\u00e9sentant 2 fili\u00e8res du lyc\u00e9e &nbsp; 2020 : r\u00e9alisation de courts m\u00e9trages pr\u00e9sentant les m\u00e9tiers de Pisteuse-Secouriste et Botaniste &nbsp; 2019 : r\u00e9alisation de<\/p>\n","protected":false},"author":6,"featured_media":0,"parent":0,"menu_order":0,"comment_status":"closed","ping_status":"closed","template":"","meta":{"footnotes":""},"class_list":{"1":"page","2":"type-page","3":"status-publish","4":"hentry"},"yoast_head":"<!-- This site is optimized with the Yoast SEO plugin v27.1.1 - https:\/\/yoast.com\/product\/yoast-seo-wordpress\/ -->\n<title>Projets - Construction M\u00e9canique<\/title>\n<meta name=\"robots\" content=\"index, follow, max-snippet:-1, max-image-preview:large, max-video-preview:-1\" \/>\n<link rel=\"canonical\" href=\"https:\/\/meca05.fr\/edu\/projets\/\" \/>\n<meta property=\"og:locale\" content=\"fr_FR\" \/>\n<meta property=\"og:type\" content=\"article\" \/>\n<meta property=\"og:title\" content=\"Projets - Construction M\u00e9canique\" \/>\n<meta property=\"og:description\" content=\"2021 : r\u00e9alisation de courts m\u00e9trages pr\u00e9sentant 2 fili\u00e8res du lyc\u00e9e &nbsp; 2020 : r\u00e9alisation de courts m\u00e9trages pr\u00e9sentant les m\u00e9tiers de Pisteuse-Secouriste et Botaniste &nbsp; 2019 : r\u00e9alisation de\" \/>\n<meta property=\"og:url\" content=\"https:\/\/meca05.fr\/edu\/projets\/\" \/>\n<meta property=\"og:site_name\" content=\"Construction M\u00e9canique\" \/>\n<meta property=\"article:modified_time\" content=\"2021-03-30T18:22:42+00:00\" \/>\n<meta name=\"twitter:label1\" content=\"Dur\u00e9e de lecture estim\u00e9e\" \/>\n\t<meta name=\"twitter:data1\" content=\"1 minute\" \/>\n<script type=\"application\/ld+json\" class=\"yoast-schema-graph\">{\"@context\":\"https:\/\/schema.org\",\"@graph\":[{\"@type\":\"WebPage\",\"@id\":\"https:\/\/meca05.fr\/edu\/projets\/\",\"url\":\"https:\/\/meca05.fr\/edu\/projets\/\",\"name\":\"Projets - Construction M\u00e9canique\",\"isPartOf\":{\"@id\":\"https:\/\/meca05.fr\/edu\/#website\"},\"datePublished\":\"2021-03-15T17:21:01+00:00\",\"dateModified\":\"2021-03-30T18:22:42+00:00\",\"inLanguage\":\"fr-FR\",\"potentialAction\":[{\"@type\":\"ReadAction\",\"target\":[\"https:\/\/meca05.fr\/edu\/projets\/\"]}]},{\"@type\":\"WebSite\",\"@id\":\"https:\/\/meca05.fr\/edu\/#website\",\"url\":\"https:\/\/meca05.fr\/edu\/\",\"name\":\"Construction M\u00e9canique\",\"description\":\"Cours, exercices, mod\u00e8les 3d et bien plus...\",\"potentialAction\":[{\"@type\":\"SearchAction\",\"target\":{\"@type\":\"EntryPoint\",\"urlTemplate\":\"https:\/\/meca05.fr\/edu\/?s={search_term_string}\"},\"query-input\":{\"@type\":\"PropertyValueSpecification\",\"valueRequired\":true,\"valueName\":\"search_term_string\"}}],\"inLanguage\":\"fr-FR\"}]}<\/script>\n<!-- \/ Yoast SEO plugin. -->","yoast_head_json":{"title":"Projets - Construction M\u00e9canique","robots":{"index":"index","follow":"follow","max-snippet":"max-snippet:-1","max-image-preview":"max-image-preview:large","max-video-preview":"max-video-preview:-1"},"canonical":"https:\/\/meca05.fr\/edu\/projets\/","og_locale":"fr_FR","og_type":"article","og_title":"Projets - Construction M\u00e9canique","og_description":"2021 : r\u00e9alisation de courts m\u00e9trages pr\u00e9sentant 2 fili\u00e8res du lyc\u00e9e &nbsp; 2020 : r\u00e9alisation de courts m\u00e9trages pr\u00e9sentant les m\u00e9tiers de Pisteuse-Secouriste et Botaniste &nbsp; 2019 : r\u00e9alisation de","og_url":"https:\/\/meca05.fr\/edu\/projets\/","og_site_name":"Construction M\u00e9canique","article_modified_time":"2021-03-30T18:22:42+00:00","twitter_misc":{"Dur\u00e9e de lecture estim\u00e9e":"1 minute"},"schema":{"@context":"https:\/\/schema.org","@graph":[{"@type":"WebPage","@id":"https:\/\/meca05.fr\/edu\/projets\/","url":"https:\/\/meca05.fr\/edu\/projets\/","name":"Projets - Construction M\u00e9canique","isPartOf":{"@id":"https:\/\/meca05.fr\/edu\/#website"},"datePublished":"2021-03-15T17:21:01+00:00","dateModified":"2021-03-30T18:22:42+00:00","inLanguage":"fr-FR","potentialAction":[{"@type":"ReadAction","target":["https:\/\/meca05.fr\/edu\/projets\/"]}]},{"@type":"WebSite","@id":"https:\/\/meca05.fr\/edu\/#website","url":"https:\/\/meca05.fr\/edu\/","name":"Construction M\u00e9canique","description":"Cours, exercices, mod\u00e8les 3d et bien plus...","potentialAction":[{"@type":"SearchAction","target":{"@type":"EntryPoint","urlTemplate":"https:\/\/meca05.fr\/edu\/?s={search_term_string}"},"query-input":{"@type":"PropertyValueSpecification","valueRequired":true,"valueName":"search_term_string"}}],"inLanguage":"fr-FR"}]}},"_links":{"self":[{"href":"https:\/\/meca05.fr\/edu\/wp-json\/wp\/v2\/pages\/2131","targetHints":{"allow":["GET"]}}],"collection":[{"href":"https:\/\/meca05.fr\/edu\/wp-json\/wp\/v2\/pages"}],"about":[{"href":"https:\/\/meca05.fr\/edu\/wp-json\/wp\/v2\/types\/page"}],"author":[{"embeddable":true,"href":"https:\/\/meca05.fr\/edu\/wp-json\/wp\/v2\/users\/6"}],"replies":[{"embeddable":true,"href":"https:\/\/meca05.fr\/edu\/wp-json\/wp\/v2\/comments?post=2131"}],"version-history":[{"count":31,"href":"https:\/\/meca05.fr\/edu\/wp-json\/wp\/v2\/pages\/2131\/revisions"}],"predecessor-version":[{"id":2230,"href":"https:\/\/meca05.fr\/edu\/wp-json\/wp\/v2\/pages\/2131\/revisions\/2230"}],"wp:attachment":[{"href":"https:\/\/meca05.fr\/edu\/wp-json\/wp\/v2\/media?parent=2131"}],"curies":[{"name":"wp","href":"https:\/\/api.w.org\/{rel}","templated":true}]}}