{"id":1425,"date":"2020-12-12T08:50:44","date_gmt":"2020-12-12T07:50:44","guid":{"rendered":"http:\/\/maaon.free.fr\/site\/?page_id=1425"},"modified":"2021-03-30T19:19:44","modified_gmt":"2021-03-30T18:19:44","slug":"calculateurs","status":"publish","type":"page","link":"https:\/\/meca05.fr\/edu\/documentation\/calculateurs\/","title":{"rendered":"Calculateurs"},"content":{"rendered":"<table style=\"height: 471px;\" width=\"1328\" cellspacing=\"0\" cellpadding=\"4\">\n<colgroup>\n<col width=\"316\">\n<col width=\"309\"> <\/colgroup>\n<tbody>\n<tr valign=\"top\">\n<td style=\"background: transparent;\" width=\"316\">\n<h3 class=\"western\" style=\"text-align: center;\" align=\"center\">Math \/ Physique<\/h3>\n<\/td>\n<td style=\"background: transparent;\" width=\"309\">\n<h3 class=\"western\" style=\"text-align: center;\" align=\"center\">M\u00e9canique<\/h3>\n<\/td>\n<\/tr>\n<tr valign=\"top\">\n<td style=\"background: transparent;\" width=\"316\">\n<p style=\"text-align: center;\" align=\"center\"><input type='hidden' bg_collapse_expand='69d361bea93797049192968' value='69d361bea93797049192968'><input type='hidden' id='bg-show-more-text-69d361bea93797049192968' value='Divers'><input type='hidden' id='bg-show-less-text-69d361bea93797049192968' value='Divers'><button id='bg-showmore-action-69d361bea93797049192968' class='bg-showmore-plg-button bg-orange-button bg-arrow '   style=\" color:#000000;\">Divers<\/button><div id='bg-showmore-hidden-69d361bea93797049192968' ><\/p>\n<p style=\"text-align: center\" align=\"center\"><a href=\"https:\/\/meca05.fr\/edu\/index.php\/documentation\/calculateurs\/conversions\/\"><strong>Conversions<\/strong><\/a><\/p>\n<p style=\"text-align: center\" align=\"center\"><\/div><\/p>\n<p style=\"text-align: center;\" align=\"center\"><input type='hidden' bg_collapse_expand='69d361bea95a15062634926' value='69d361bea95a15062634926'><input type='hidden' id='bg-show-more-text-69d361bea95a15062634926' value='Vecteurs'><input type='hidden' id='bg-show-less-text-69d361bea95a15062634926' value='Vecteurs'><button id='bg-showmore-action-69d361bea95a15062634926' class='bg-showmore-plg-button bg-orange-button bg-arrow '   style=\" color:#000000;\">Vecteurs<\/button><div id='bg-showmore-hidden-69d361bea95a15062634926' ><\/p>\n<p style=\"text-align: center\" align=\"center\"><span><a href=\"https:\/\/meca05.fr\/edu\/index.php\/documentation\/calculateurs\/produit-vectoriel\/\"><strong>Produit scalaire &amp; produit vectoriel<\/strong><\/a><span><\/span><\/span><\/p>\n<p style=\"text-align: center\" align=\"center\"><\/div><\/p>\n<p style=\"text-align: center;\" align=\"center\"><strong><a class=\"fasc-button fasc-size-medium fasc-type-glossy fasc-rounded-medium\" style=\"background-color: #ffd44c; color: #000000;\" href=\"https:\/\/meca05.fr\/edu\/calculatrice\/index.html\">Calculatrice<\/a><\/strong><\/p>\n<p>&nbsp;<\/td>\n<td style=\"background: transparent none repeat scroll 0% 0%; text-align: center;\" width=\"309\"><input type='hidden' bg_collapse_expand='69d361bea96a79095957844' value='69d361bea96a79095957844'><input type='hidden' id='bg-show-more-text-69d361bea96a79095957844' value='Conception &amp; Fabrication'><input type='hidden' id='bg-show-less-text-69d361bea96a79095957844' value='Conception &amp; Fabrication'><button id='bg-showmore-action-69d361bea96a79095957844' class='bg-showmore-plg-button bg-green-button bg-arrow '   style=\" color:#000000;\">Conception &amp; Fabrication<\/button><div id='bg-showmore-hidden-69d361bea96a79095957844' ><\/p>\n<p align=\"center\"><a href=\"https:\/\/meca05.fr\/edu\/index.php\/documentation\/ajustements\/\"><strong>Ajustements<\/strong><\/a><\/p>\n<p align=\"center\"><\/div><\/p>\n<p align=\"center\"><input type='hidden' bg_collapse_expand='69d361bea978f9007120157' value='69d361bea978f9007120157'><input type='hidden' id='bg-show-more-text-69d361bea978f9007120157' value='Motorisation'><input type='hidden' id='bg-show-less-text-69d361bea978f9007120157' value='Motorisation'><button id='bg-showmore-action-69d361bea978f9007120157' class='bg-showmore-plg-button bg-green-button bg-arrow '   style=\" color:#000000;\">Motorisation<\/button><div id='bg-showmore-hidden-69d361bea978f9007120157' ><\/p>\n<p align=\"center\"><a href=\"https:\/\/meca05.fr\/edu\/index.php\/documentation\/calculateurs\/cylindree\/\"><strong>Calcul de cylindr\u00e9e<\/strong><\/a><\/p>\n<p align=\"center\"><\/div><\/p>\n<p align=\"center\"><input type='hidden' bg_collapse_expand='69d361bea98586078004587' value='69d361bea98586078004587'><input type='hidden' id='bg-show-more-text-69d361bea98586078004587' value='Statique'><input type='hidden' id='bg-show-less-text-69d361bea98586078004587' value='Statique'><button id='bg-showmore-action-69d361bea98586078004587' class='bg-showmore-plg-button bg-green-button bg-arrow '   style=\" color:#000000;\">Statique<\/button><div id='bg-showmore-hidden-69d361bea98586078004587' ><\/p>\n<p align=\"center\"><a href=\"https:\/\/meca05.fr\/edu\/index.php\/documentation\/statique-des-fluides\/\"><strong>Statique des fluides<\/strong><\/a><\/p>\n<p align=\"center\"><\/div><\/p>\n<\/td>\n<\/tr>\n<\/tbody>\n<\/table>\n","protected":false},"excerpt":{"rendered":"<p>Math \/ Physique M\u00e9canique Calculatrice &nbsp;<\/p>\n","protected":false},"author":6,"featured_media":0,"parent":530,"menu_order":0,"comment_status":"closed","ping_status":"closed","template":"","meta":{"footnotes":""},"class_list":{"1":"page","2":"type-page","3":"status-publish","4":"hentry"},"yoast_head":"<!-- This site is optimized with the Yoast SEO plugin v27.1.1 - https:\/\/yoast.com\/product\/yoast-seo-wordpress\/ -->\n<title>Calculateurs - Construction M\u00e9canique<\/title>\n<meta name=\"robots\" content=\"index, follow, max-snippet:-1, max-image-preview:large, max-video-preview:-1\" \/>\n<link rel=\"canonical\" href=\"https:\/\/meca05.fr\/edu\/documentation\/calculateurs\/\" \/>\n<meta property=\"og:locale\" content=\"fr_FR\" \/>\n<meta property=\"og:type\" content=\"article\" \/>\n<meta property=\"og:title\" content=\"Calculateurs - Construction M\u00e9canique\" \/>\n<meta property=\"og:description\" content=\"Math \/ Physique M\u00e9canique Calculatrice &nbsp;\" \/>\n<meta property=\"og:url\" content=\"https:\/\/meca05.fr\/edu\/documentation\/calculateurs\/\" \/>\n<meta property=\"og:site_name\" content=\"Construction M\u00e9canique\" \/>\n<meta property=\"article:modified_time\" content=\"2021-03-30T18:19:44+00:00\" \/>\n<meta name=\"twitter:label1\" content=\"Dur\u00e9e de lecture estim\u00e9e\" \/>\n\t<meta name=\"twitter:data1\" content=\"1 minute\" \/>\n<script type=\"application\/ld+json\" class=\"yoast-schema-graph\">{\"@context\":\"https:\/\/schema.org\",\"@graph\":[{\"@type\":\"WebPage\",\"@id\":\"https:\/\/meca05.fr\/edu\/documentation\/calculateurs\/\",\"url\":\"https:\/\/meca05.fr\/edu\/documentation\/calculateurs\/\",\"name\":\"Calculateurs - Construction M\u00e9canique\",\"isPartOf\":{\"@id\":\"https:\/\/meca05.fr\/edu\/#website\"},\"datePublished\":\"2020-12-12T07:50:44+00:00\",\"dateModified\":\"2021-03-30T18:19:44+00:00\",\"breadcrumb\":{\"@id\":\"https:\/\/meca05.fr\/edu\/documentation\/calculateurs\/#breadcrumb\"},\"inLanguage\":\"fr-FR\",\"potentialAction\":[{\"@type\":\"ReadAction\",\"target\":[\"https:\/\/meca05.fr\/edu\/documentation\/calculateurs\/\"]}]},{\"@type\":\"BreadcrumbList\",\"@id\":\"https:\/\/meca05.fr\/edu\/documentation\/calculateurs\/#breadcrumb\",\"itemListElement\":[{\"@type\":\"ListItem\",\"position\":1,\"name\":\"documentation\",\"item\":\"https:\/\/meca05.fr\/edu\/documentation\/\"},{\"@type\":\"ListItem\",\"position\":2,\"name\":\"Calculateurs\"}]},{\"@type\":\"WebSite\",\"@id\":\"https:\/\/meca05.fr\/edu\/#website\",\"url\":\"https:\/\/meca05.fr\/edu\/\",\"name\":\"Construction M\u00e9canique\",\"description\":\"Cours, exercices, mod\u00e8les 3d et bien plus...\",\"potentialAction\":[{\"@type\":\"SearchAction\",\"target\":{\"@type\":\"EntryPoint\",\"urlTemplate\":\"https:\/\/meca05.fr\/edu\/?s={search_term_string}\"},\"query-input\":{\"@type\":\"PropertyValueSpecification\",\"valueRequired\":true,\"valueName\":\"search_term_string\"}}],\"inLanguage\":\"fr-FR\"}]}<\/script>\n<!-- \/ Yoast SEO plugin. -->","yoast_head_json":{"title":"Calculateurs - Construction M\u00e9canique","robots":{"index":"index","follow":"follow","max-snippet":"max-snippet:-1","max-image-preview":"max-image-preview:large","max-video-preview":"max-video-preview:-1"},"canonical":"https:\/\/meca05.fr\/edu\/documentation\/calculateurs\/","og_locale":"fr_FR","og_type":"article","og_title":"Calculateurs - Construction M\u00e9canique","og_description":"Math \/ Physique M\u00e9canique Calculatrice &nbsp;","og_url":"https:\/\/meca05.fr\/edu\/documentation\/calculateurs\/","og_site_name":"Construction M\u00e9canique","article_modified_time":"2021-03-30T18:19:44+00:00","twitter_misc":{"Dur\u00e9e de lecture estim\u00e9e":"1 minute"},"schema":{"@context":"https:\/\/schema.org","@graph":[{"@type":"WebPage","@id":"https:\/\/meca05.fr\/edu\/documentation\/calculateurs\/","url":"https:\/\/meca05.fr\/edu\/documentation\/calculateurs\/","name":"Calculateurs - Construction M\u00e9canique","isPartOf":{"@id":"https:\/\/meca05.fr\/edu\/#website"},"datePublished":"2020-12-12T07:50:44+00:00","dateModified":"2021-03-30T18:19:44+00:00","breadcrumb":{"@id":"https:\/\/meca05.fr\/edu\/documentation\/calculateurs\/#breadcrumb"},"inLanguage":"fr-FR","potentialAction":[{"@type":"ReadAction","target":["https:\/\/meca05.fr\/edu\/documentation\/calculateurs\/"]}]},{"@type":"BreadcrumbList","@id":"https:\/\/meca05.fr\/edu\/documentation\/calculateurs\/#breadcrumb","itemListElement":[{"@type":"ListItem","position":1,"name":"documentation","item":"https:\/\/meca05.fr\/edu\/documentation\/"},{"@type":"ListItem","position":2,"name":"Calculateurs"}]},{"@type":"WebSite","@id":"https:\/\/meca05.fr\/edu\/#website","url":"https:\/\/meca05.fr\/edu\/","name":"Construction M\u00e9canique","description":"Cours, exercices, mod\u00e8les 3d et bien plus...","potentialAction":[{"@type":"SearchAction","target":{"@type":"EntryPoint","urlTemplate":"https:\/\/meca05.fr\/edu\/?s={search_term_string}"},"query-input":{"@type":"PropertyValueSpecification","valueRequired":true,"valueName":"search_term_string"}}],"inLanguage":"fr-FR"}]}},"_links":{"self":[{"href":"https:\/\/meca05.fr\/edu\/wp-json\/wp\/v2\/pages\/1425","targetHints":{"allow":["GET"]}}],"collection":[{"href":"https:\/\/meca05.fr\/edu\/wp-json\/wp\/v2\/pages"}],"about":[{"href":"https:\/\/meca05.fr\/edu\/wp-json\/wp\/v2\/types\/page"}],"author":[{"embeddable":true,"href":"https:\/\/meca05.fr\/edu\/wp-json\/wp\/v2\/users\/6"}],"replies":[{"embeddable":true,"href":"https:\/\/meca05.fr\/edu\/wp-json\/wp\/v2\/comments?post=1425"}],"version-history":[{"count":15,"href":"https:\/\/meca05.fr\/edu\/wp-json\/wp\/v2\/pages\/1425\/revisions"}],"predecessor-version":[{"id":1996,"href":"https:\/\/meca05.fr\/edu\/wp-json\/wp\/v2\/pages\/1425\/revisions\/1996"}],"up":[{"embeddable":true,"href":"https:\/\/meca05.fr\/edu\/wp-json\/wp\/v2\/pages\/530"}],"wp:attachment":[{"href":"https:\/\/meca05.fr\/edu\/wp-json\/wp\/v2\/media?parent=1425"}],"curies":[{"name":"wp","href":"https:\/\/api.w.org\/{rel}","templated":true}]}}