{"id":1378,"date":"2020-12-07T11:04:30","date_gmt":"2020-12-07T10:04:30","guid":{"rendered":"http:\/\/maaon.free.fr\/site\/?page_id=1378"},"modified":"2024-01-15T10:15:02","modified_gmt":"2024-01-15T09:15:02","slug":"gdes-lignes-pts-forts","status":"publish","type":"page","link":"https:\/\/meca05.fr\/edu\/quizz\/3eme-pro-metiers\/projet-de-court-metrage\/gdes-lignes-pts-forts\/","title":{"rendered":"Projet : Grandes lignes et points forts de l'histoire"},"content":{"rendered":"","protected":true},"excerpt":{"rendered":"","protected":true},"author":6,"featured_media":0,"parent":1381,"menu_order":0,"comment_status":"closed","ping_status":"closed","template":"","meta":{"footnotes":""},"class_list":{"1":"page","2":"type-page","3":"status-publish","4":"post-password-required","5":"hentry"},"yoast_head":"<!-- This site is optimized with the Yoast SEO plugin v27.1.1 - https:\/\/yoast.com\/product\/yoast-seo-wordpress\/ -->\n<title>Projet : Grandes lignes et points forts de l&#039;histoire - Construction M\u00e9canique<\/title>\n<meta name=\"robots\" content=\"index, follow, max-snippet:-1, max-image-preview:large, max-video-preview:-1\" \/>\n<link rel=\"canonical\" href=\"https:\/\/meca05.fr\/edu\/quizz\/3eme-pro-metiers\/projet-de-court-metrage\/gdes-lignes-pts-forts\/\" \/>\n<meta property=\"og:locale\" content=\"fr_FR\" \/>\n<meta property=\"og:type\" content=\"article\" \/>\n<meta property=\"og:title\" content=\"Projet : Grandes lignes et points forts de l&#039;histoire - Construction M\u00e9canique\" \/>\n<meta property=\"og:description\" content=\"Il n\u2019y a pas d\u2019extrait, car cette publication est prot\u00e9g\u00e9e.\" \/>\n<meta property=\"og:url\" content=\"https:\/\/meca05.fr\/edu\/quizz\/3eme-pro-metiers\/projet-de-court-metrage\/gdes-lignes-pts-forts\/\" \/>\n<meta property=\"og:site_name\" content=\"Construction M\u00e9canique\" \/>\n<meta property=\"article:modified_time\" content=\"2024-01-15T09:15:02+00:00\" \/>\n<meta name=\"twitter:label1\" content=\"Dur\u00e9e de lecture estim\u00e9e\" \/>\n\t<meta name=\"twitter:data1\" content=\"1 minute\" \/>\n<script type=\"application\/ld+json\" class=\"yoast-schema-graph\">{\"@context\":\"https:\/\/schema.org\",\"@graph\":[{\"@type\":\"WebPage\",\"@id\":\"https:\/\/meca05.fr\/edu\/quizz\/3eme-pro-metiers\/projet-de-court-metrage\/gdes-lignes-pts-forts\/\",\"url\":\"https:\/\/meca05.fr\/edu\/quizz\/3eme-pro-metiers\/projet-de-court-metrage\/gdes-lignes-pts-forts\/\",\"name\":\"Projet : Grandes lignes et points forts de l'histoire - Construction M\u00e9canique\",\"isPartOf\":{\"@id\":\"https:\/\/meca05.fr\/edu\/#website\"},\"datePublished\":\"2020-12-07T10:04:30+00:00\",\"dateModified\":\"2024-01-15T09:15:02+00:00\",\"breadcrumb\":{\"@id\":\"https:\/\/meca05.fr\/edu\/quizz\/3eme-pro-metiers\/projet-de-court-metrage\/gdes-lignes-pts-forts\/#breadcrumb\"},\"inLanguage\":\"fr-FR\"},{\"@type\":\"WebSite\",\"@id\":\"https:\/\/meca05.fr\/edu\/#website\",\"url\":\"https:\/\/meca05.fr\/edu\/\",\"name\":\"Construction M\u00e9canique\",\"description\":\"Cours, exercices, mod\u00e8les 3d et bien plus...\",\"potentialAction\":[{\"@type\":\"SearchAction\",\"target\":{\"@type\":\"EntryPoint\",\"urlTemplate\":\"https:\/\/meca05.fr\/edu\/?s={search_term_string}\"},\"query-input\":{\"@type\":\"PropertyValueSpecification\",\"valueRequired\":true,\"valueName\":\"search_term_string\"}}],\"inLanguage\":\"fr-FR\"}]}<\/script>\n<!-- \/ Yoast SEO plugin. -->","yoast_head_json":{"title":"Projet : Grandes lignes et points forts de l'histoire - Construction M\u00e9canique","robots":{"index":"index","follow":"follow","max-snippet":"max-snippet:-1","max-image-preview":"max-image-preview:large","max-video-preview":"max-video-preview:-1"},"canonical":"https:\/\/meca05.fr\/edu\/quizz\/3eme-pro-metiers\/projet-de-court-metrage\/gdes-lignes-pts-forts\/","og_locale":"fr_FR","og_type":"article","og_title":"Projet : Grandes lignes et points forts de l'histoire - Construction M\u00e9canique","og_description":"Il n\u2019y a pas d\u2019extrait, car cette publication est prot\u00e9g\u00e9e.","og_url":"https:\/\/meca05.fr\/edu\/quizz\/3eme-pro-metiers\/projet-de-court-metrage\/gdes-lignes-pts-forts\/","og_site_name":"Construction M\u00e9canique","article_modified_time":"2024-01-15T09:15:02+00:00","twitter_misc":{"Dur\u00e9e de lecture estim\u00e9e":"1 minute"},"schema":{"@context":"https:\/\/schema.org","@graph":[{"@type":"WebPage","@id":"https:\/\/meca05.fr\/edu\/quizz\/3eme-pro-metiers\/projet-de-court-metrage\/gdes-lignes-pts-forts\/","url":"https:\/\/meca05.fr\/edu\/quizz\/3eme-pro-metiers\/projet-de-court-metrage\/gdes-lignes-pts-forts\/","name":"Projet : Grandes lignes et points forts de l'histoire - Construction M\u00e9canique","isPartOf":{"@id":"https:\/\/meca05.fr\/edu\/#website"},"datePublished":"2020-12-07T10:04:30+00:00","dateModified":"2024-01-15T09:15:02+00:00","breadcrumb":{"@id":"https:\/\/meca05.fr\/edu\/quizz\/3eme-pro-metiers\/projet-de-court-metrage\/gdes-lignes-pts-forts\/#breadcrumb"},"inLanguage":"fr-FR"},{"@type":"WebSite","@id":"https:\/\/meca05.fr\/edu\/#website","url":"https:\/\/meca05.fr\/edu\/","name":"Construction M\u00e9canique","description":"Cours, exercices, mod\u00e8les 3d et bien plus...","potentialAction":[{"@type":"SearchAction","target":{"@type":"EntryPoint","urlTemplate":"https:\/\/meca05.fr\/edu\/?s={search_term_string}"},"query-input":{"@type":"PropertyValueSpecification","valueRequired":true,"valueName":"search_term_string"}}],"inLanguage":"fr-FR"}]}},"_links":{"self":[{"href":"https:\/\/meca05.fr\/edu\/wp-json\/wp\/v2\/pages\/1378","targetHints":{"allow":["GET"]}}],"collection":[{"href":"https:\/\/meca05.fr\/edu\/wp-json\/wp\/v2\/pages"}],"about":[{"href":"https:\/\/meca05.fr\/edu\/wp-json\/wp\/v2\/types\/page"}],"author":[{"embeddable":true,"href":"https:\/\/meca05.fr\/edu\/wp-json\/wp\/v2\/users\/6"}],"replies":[{"embeddable":true,"href":"https:\/\/meca05.fr\/edu\/wp-json\/wp\/v2\/comments?post=1378"}],"version-history":[{"count":6,"href":"https:\/\/meca05.fr\/edu\/wp-json\/wp\/v2\/pages\/1378\/revisions"}],"predecessor-version":[{"id":2881,"href":"https:\/\/meca05.fr\/edu\/wp-json\/wp\/v2\/pages\/1378\/revisions\/2881"}],"up":[{"embeddable":true,"href":"https:\/\/meca05.fr\/edu\/wp-json\/wp\/v2\/pages\/1381"}],"wp:attachment":[{"href":"https:\/\/meca05.fr\/edu\/wp-json\/wp\/v2\/media?parent=1378"}],"curies":[{"name":"wp","href":"https:\/\/api.w.org\/{rel}","templated":true}]}}