{"id":1062,"date":"2020-12-03T15:44:11","date_gmt":"2020-12-03T14:44:11","guid":{"rendered":"http:\/\/maaon.free.fr\/site\/?page_id=1062"},"modified":"2021-03-30T19:22:57","modified_gmt":"2021-03-30T18:22:57","slug":"competences","status":"publish","type":"page","link":"https:\/\/meca05.fr\/edu\/documentation\/competences\/","title":{"rendered":"Textes officiels"},"content":{"rendered":"<ul>\n<li>3\u00e8me<\/li>\n<li>CAP maintenance des v\u00e9hicules<\/li>\n<li>BAC pro Maintenance des v\u00e9hicules<\/li>\n<\/ul>\n","protected":false},"excerpt":{"rendered":"<p>3\u00e8me CAP maintenance des v\u00e9hicules BAC pro Maintenance des v\u00e9hicules<\/p>\n","protected":false},"author":6,"featured_media":0,"parent":530,"menu_order":0,"comment_status":"closed","ping_status":"closed","template":"","meta":{"footnotes":""},"class_list":{"1":"page","2":"type-page","3":"status-publish","4":"hentry"},"yoast_head":"<!-- This site is optimized with the Yoast SEO plugin v27.4 - https:\/\/yoast.com\/product\/yoast-seo-wordpress\/ -->\n<title>Textes officiels - Construction M\u00e9canique<\/title>\n<meta name=\"robots\" content=\"index, follow, max-snippet:-1, max-image-preview:large, max-video-preview:-1\" \/>\n<link rel=\"canonical\" href=\"https:\/\/meca05.fr\/edu\/documentation\/competences\/\" \/>\n<meta property=\"og:locale\" content=\"fr_FR\" \/>\n<meta property=\"og:type\" content=\"article\" \/>\n<meta property=\"og:title\" content=\"Textes officiels - Construction M\u00e9canique\" \/>\n<meta property=\"og:description\" content=\"3\u00e8me CAP maintenance des v\u00e9hicules BAC pro Maintenance des v\u00e9hicules\" \/>\n<meta property=\"og:url\" content=\"https:\/\/meca05.fr\/edu\/documentation\/competences\/\" \/>\n<meta property=\"og:site_name\" content=\"Construction M\u00e9canique\" \/>\n<meta property=\"article:modified_time\" content=\"2021-03-30T18:22:57+00:00\" \/>\n<script type=\"application\/ld+json\" class=\"yoast-schema-graph\">{\"@context\":\"https:\\\/\\\/schema.org\",\"@graph\":[{\"@type\":\"WebPage\",\"@id\":\"https:\\\/\\\/meca05.fr\\\/edu\\\/documentation\\\/competences\\\/\",\"url\":\"https:\\\/\\\/meca05.fr\\\/edu\\\/documentation\\\/competences\\\/\",\"name\":\"Textes officiels - Construction M\u00e9canique\",\"isPartOf\":{\"@id\":\"https:\\\/\\\/meca05.fr\\\/edu\\\/#website\"},\"datePublished\":\"2020-12-03T14:44:11+00:00\",\"dateModified\":\"2021-03-30T18:22:57+00:00\",\"breadcrumb\":{\"@id\":\"https:\\\/\\\/meca05.fr\\\/edu\\\/documentation\\\/competences\\\/#breadcrumb\"},\"inLanguage\":\"fr-FR\",\"potentialAction\":[{\"@type\":\"ReadAction\",\"target\":[\"https:\\\/\\\/meca05.fr\\\/edu\\\/documentation\\\/competences\\\/\"]}]},{\"@type\":\"BreadcrumbList\",\"@id\":\"https:\\\/\\\/meca05.fr\\\/edu\\\/documentation\\\/competences\\\/#breadcrumb\",\"itemListElement\":[{\"@type\":\"ListItem\",\"position\":1,\"name\":\"documentation\",\"item\":\"https:\\\/\\\/meca05.fr\\\/edu\\\/documentation\\\/\"},{\"@type\":\"ListItem\",\"position\":2,\"name\":\"Textes officiels\"}]},{\"@type\":\"WebSite\",\"@id\":\"https:\\\/\\\/meca05.fr\\\/edu\\\/#website\",\"url\":\"https:\\\/\\\/meca05.fr\\\/edu\\\/\",\"name\":\"Construction M\u00e9canique\",\"description\":\"Cours, exercices, mod\u00e8les 3d et bien plus...\",\"potentialAction\":[{\"@type\":\"SearchAction\",\"target\":{\"@type\":\"EntryPoint\",\"urlTemplate\":\"https:\\\/\\\/meca05.fr\\\/edu\\\/?s={search_term_string}\"},\"query-input\":{\"@type\":\"PropertyValueSpecification\",\"valueRequired\":true,\"valueName\":\"search_term_string\"}}],\"inLanguage\":\"fr-FR\"}]}<\/script>\n<!-- \/ Yoast SEO plugin. -->","yoast_head_json":{"title":"Textes officiels - Construction M\u00e9canique","robots":{"index":"index","follow":"follow","max-snippet":"max-snippet:-1","max-image-preview":"max-image-preview:large","max-video-preview":"max-video-preview:-1"},"canonical":"https:\/\/meca05.fr\/edu\/documentation\/competences\/","og_locale":"fr_FR","og_type":"article","og_title":"Textes officiels - Construction M\u00e9canique","og_description":"3\u00e8me CAP maintenance des v\u00e9hicules BAC pro Maintenance des v\u00e9hicules","og_url":"https:\/\/meca05.fr\/edu\/documentation\/competences\/","og_site_name":"Construction M\u00e9canique","article_modified_time":"2021-03-30T18:22:57+00:00","schema":{"@context":"https:\/\/schema.org","@graph":[{"@type":"WebPage","@id":"https:\/\/meca05.fr\/edu\/documentation\/competences\/","url":"https:\/\/meca05.fr\/edu\/documentation\/competences\/","name":"Textes officiels - Construction M\u00e9canique","isPartOf":{"@id":"https:\/\/meca05.fr\/edu\/#website"},"datePublished":"2020-12-03T14:44:11+00:00","dateModified":"2021-03-30T18:22:57+00:00","breadcrumb":{"@id":"https:\/\/meca05.fr\/edu\/documentation\/competences\/#breadcrumb"},"inLanguage":"fr-FR","potentialAction":[{"@type":"ReadAction","target":["https:\/\/meca05.fr\/edu\/documentation\/competences\/"]}]},{"@type":"BreadcrumbList","@id":"https:\/\/meca05.fr\/edu\/documentation\/competences\/#breadcrumb","itemListElement":[{"@type":"ListItem","position":1,"name":"documentation","item":"https:\/\/meca05.fr\/edu\/documentation\/"},{"@type":"ListItem","position":2,"name":"Textes officiels"}]},{"@type":"WebSite","@id":"https:\/\/meca05.fr\/edu\/#website","url":"https:\/\/meca05.fr\/edu\/","name":"Construction M\u00e9canique","description":"Cours, exercices, mod\u00e8les 3d et bien plus...","potentialAction":[{"@type":"SearchAction","target":{"@type":"EntryPoint","urlTemplate":"https:\/\/meca05.fr\/edu\/?s={search_term_string}"},"query-input":{"@type":"PropertyValueSpecification","valueRequired":true,"valueName":"search_term_string"}}],"inLanguage":"fr-FR"}]}},"_links":{"self":[{"href":"https:\/\/meca05.fr\/edu\/wp-json\/wp\/v2\/pages\/1062","targetHints":{"allow":["GET"]}}],"collection":[{"href":"https:\/\/meca05.fr\/edu\/wp-json\/wp\/v2\/pages"}],"about":[{"href":"https:\/\/meca05.fr\/edu\/wp-json\/wp\/v2\/types\/page"}],"author":[{"embeddable":true,"href":"https:\/\/meca05.fr\/edu\/wp-json\/wp\/v2\/users\/6"}],"replies":[{"embeddable":true,"href":"https:\/\/meca05.fr\/edu\/wp-json\/wp\/v2\/comments?post=1062"}],"version-history":[{"count":1,"href":"https:\/\/meca05.fr\/edu\/wp-json\/wp\/v2\/pages\/1062\/revisions"}],"predecessor-version":[{"id":2359,"href":"https:\/\/meca05.fr\/edu\/wp-json\/wp\/v2\/pages\/1062\/revisions\/2359"}],"up":[{"embeddable":true,"href":"https:\/\/meca05.fr\/edu\/wp-json\/wp\/v2\/pages\/530"}],"wp:attachment":[{"href":"https:\/\/meca05.fr\/edu\/wp-json\/wp\/v2\/media?parent=1062"}],"curies":[{"name":"wp","href":"https:\/\/api.w.org\/{rel}","templated":true}]}}