{"id":1014,"date":"2020-11-25T10:54:40","date_gmt":"2020-11-25T09:54:40","guid":{"rendered":"http:\/\/maaon.free.fr\/site\/?page_id=1014"},"modified":"2023-02-05T07:12:14","modified_gmt":"2023-02-05T06:12:14","slug":"vocabulaire-technique","status":"publish","type":"page","link":"https:\/\/meca05.fr\/edu\/documentation\/vocabulaire-technique\/","title":{"rendered":"Vocabulaire technique"},"content":{"rendered":"<p><strong>Embase :<\/strong><\/p>\n<div style=\"width: 640px;\" class=\"wp-video\"><video class=\"wp-video-shortcode\" id=\"video-1014-1\" width=\"640\" height=\"360\" preload=\"metadata\" controls=\"controls\"><source type=\"video\/mp4\" src=\"https:\/\/meca05.fr\/edu\/documentation\/files\/embase.mp4?_=1\" \/><a href=\"https:\/\/meca05.fr\/edu\/documentation\/files\/embase.mp4\">https:\/\/meca05.fr\/edu\/documentation\/files\/embase.mp4<\/a><\/video><\/div>\n<p>&nbsp;<\/p>\n<p><strong>Cong\u00e9 :<\/strong><\/p>\n<div style=\"width: 640px;\" class=\"wp-video\"><video class=\"wp-video-shortcode\" id=\"video-1014-2\" width=\"640\" height=\"360\" preload=\"metadata\" controls=\"controls\"><source type=\"video\/mp4\" src=\"https:\/\/meca05.fr\/edu\/documentation\/files\/conge.mp4?_=2\" \/><a href=\"https:\/\/meca05.fr\/edu\/documentation\/files\/conge.mp4\">https:\/\/meca05.fr\/edu\/documentation\/files\/conge.mp4<\/a><\/video><\/div>\n<p>&nbsp;<\/p>\n<p><strong>Chanfreins :<\/strong><\/p>\n<div style=\"width: 640px;\" class=\"wp-video\"><video class=\"wp-video-shortcode\" id=\"video-1014-3\" width=\"640\" height=\"360\" preload=\"metadata\" controls=\"controls\"><source type=\"video\/mp4\" src=\"https:\/\/meca05.fr\/edu\/documentation\/files\/chanfrein.mp4?_=3\" \/><a href=\"https:\/\/meca05.fr\/edu\/documentation\/files\/chanfrein.mp4\">https:\/\/meca05.fr\/edu\/documentation\/files\/chanfrein.mp4<\/a><\/video><\/div>\n<p>&nbsp;<\/p>\n<p><strong>Arbres :<\/strong><\/p>\n<div style=\"width: 640px;\" class=\"wp-video\"><video class=\"wp-video-shortcode\" id=\"video-1014-4\" width=\"640\" height=\"360\" preload=\"metadata\" controls=\"controls\"><source type=\"video\/mp4\" src=\"https:\/\/meca05.fr\/edu\/documentation\/files\/arbres.mp4?_=4\" \/><a href=\"https:\/\/meca05.fr\/edu\/documentation\/files\/arbres.mp4\">https:\/\/meca05.fr\/edu\/documentation\/files\/arbres.mp4<\/a><\/video><\/div>\n<p>&nbsp;<\/p>\n<p><strong>D\u00e9gagement :<\/strong><\/p>\n<div style=\"width: 640px;\" class=\"wp-video\"><video class=\"wp-video-shortcode\" id=\"video-1014-5\" width=\"640\" height=\"360\" preload=\"metadata\" controls=\"controls\"><source type=\"video\/mp4\" src=\"https:\/\/meca05.fr\/edu\/documentation\/files\/degagement.mp4?_=5\" \/><a href=\"https:\/\/meca05.fr\/edu\/documentation\/files\/degagement.mp4\">https:\/\/meca05.fr\/edu\/documentation\/files\/degagement.mp4<\/a><\/video><\/div>\n<p>&nbsp;<\/p>\n<p><strong>Chambrage :<\/strong><\/p>\n<div style=\"width: 640px;\" class=\"wp-video\"><video class=\"wp-video-shortcode\" id=\"video-1014-6\" width=\"640\" height=\"360\" preload=\"metadata\" controls=\"controls\"><source type=\"video\/mp4\" src=\"https:\/\/meca05.fr\/edu\/documentation\/files\/chambrage.mp4?_=6\" \/><a href=\"https:\/\/meca05.fr\/edu\/documentation\/files\/chambrage.mp4\">https:\/\/meca05.fr\/edu\/documentation\/files\/chambrage.mp4<\/a><\/video><\/div>\n<p>&nbsp;<\/p>\n<p><strong>\u00c9paulement :<\/strong><\/p>\n<div style=\"width: 640px;\" class=\"wp-video\"><video class=\"wp-video-shortcode\" id=\"video-1014-7\" width=\"640\" height=\"360\" preload=\"metadata\" controls=\"controls\"><source type=\"video\/mp4\" src=\"https:\/\/meca05.fr\/edu\/documentation\/files\/epaulement.mp4?_=7\" \/><a href=\"https:\/\/meca05.fr\/edu\/documentation\/files\/epaulement.mp4\">https:\/\/meca05.fr\/edu\/documentation\/files\/epaulement.mp4<\/a><\/video><\/div>\n<p>&nbsp;<\/p>\n<p><strong>Collet :<\/strong><\/p>\n<div style=\"width: 640px;\" class=\"wp-video\"><video class=\"wp-video-shortcode\" id=\"video-1014-8\" width=\"640\" height=\"360\" preload=\"metadata\" controls=\"controls\"><source type=\"video\/mp4\" src=\"https:\/\/meca05.fr\/edu\/documentation\/files\/collet.mp4?_=8\" \/><a href=\"https:\/\/meca05.fr\/edu\/documentation\/files\/collet.mp4\">https:\/\/meca05.fr\/edu\/documentation\/files\/collet.mp4<\/a><\/video><\/div>\n<p>&nbsp;<\/p>\n<p><strong>Arbre &amp; moyeu cannel\u00e9s :<br \/>\n<\/strong><\/p>\n<div style=\"width: 640px;\" class=\"wp-video\"><video class=\"wp-video-shortcode\" id=\"video-1014-9\" width=\"640\" height=\"360\" preload=\"metadata\" controls=\"controls\"><source type=\"video\/mp4\" src=\"https:\/\/meca05.fr\/edu\/documentation\/files\/arbres-moy-cann.mp4?_=9\" \/><a href=\"https:\/\/meca05.fr\/edu\/documentation\/files\/arbres-moy-cann.mp4\">https:\/\/meca05.fr\/edu\/documentation\/files\/arbres-moy-cann.mp4<\/a><\/video><\/div>\n<p>&nbsp;<\/p>\n<p><strong>cannelures :<\/strong><\/p>\n<div style=\"width: 640px;\" class=\"wp-video\"><video class=\"wp-video-shortcode\" id=\"video-1014-10\" width=\"640\" height=\"360\" preload=\"metadata\" controls=\"controls\"><source type=\"video\/mp4\" src=\"https:\/\/meca05.fr\/edu\/documentation\/files\/cannelures.mp4?_=10\" \/><a href=\"https:\/\/meca05.fr\/edu\/documentation\/files\/cannelures.mp4\">https:\/\/meca05.fr\/edu\/documentation\/files\/cannelures.mp4<\/a><\/video><\/div>\n<p>&nbsp;<\/p>\n<p><strong>Al\u00e9sage :<\/strong><\/p>\n<div style=\"width: 640px;\" class=\"wp-video\"><video class=\"wp-video-shortcode\" id=\"video-1014-11\" width=\"640\" height=\"360\" preload=\"metadata\" controls=\"controls\"><source type=\"video\/mp4\" src=\"https:\/\/meca05.fr\/edu\/documentation\/files\/alesage.mp4?_=11\" \/><a href=\"https:\/\/meca05.fr\/edu\/documentation\/files\/alesage.mp4\">https:\/\/meca05.fr\/edu\/documentation\/files\/alesage.mp4<\/a><\/video><\/div>\n<p>&nbsp;<\/p>\n<p><strong>Bossage :<\/strong><\/p>\n<div style=\"width: 640px;\" class=\"wp-video\"><video class=\"wp-video-shortcode\" id=\"video-1014-12\" width=\"640\" height=\"360\" preload=\"metadata\" controls=\"controls\"><source type=\"video\/mp4\" src=\"https:\/\/meca05.fr\/edu\/documentation\/files\/bossage.mp4?_=12\" \/><a href=\"https:\/\/meca05.fr\/edu\/documentation\/files\/bossage.mp4\">https:\/\/meca05.fr\/edu\/documentation\/files\/bossage.mp4<\/a><\/video><\/div>\n<p>&nbsp;<\/p>\n<p><strong>Encoche :<br \/>\n<\/strong><\/p>\n<div style=\"width: 640px;\" class=\"wp-video\"><video class=\"wp-video-shortcode\" id=\"video-1014-13\" width=\"640\" height=\"360\" preload=\"metadata\" controls=\"controls\"><source type=\"video\/mp4\" src=\"https:\/\/meca05.fr\/edu\/documentation\/files\/encoche.mp4?_=13\" \/><a href=\"https:\/\/meca05.fr\/edu\/documentation\/files\/encoche.mp4\">https:\/\/meca05.fr\/edu\/documentation\/files\/encoche.mp4<\/a><\/video><\/div>\n<p>&nbsp;<\/p>\n<p><strong>Entaille :<\/strong><\/p>\n<div style=\"width: 640px;\" class=\"wp-video\"><video class=\"wp-video-shortcode\" id=\"video-1014-14\" width=\"640\" height=\"360\" preload=\"metadata\" controls=\"controls\"><source type=\"video\/mp4\" src=\"https:\/\/meca05.fr\/edu\/documentation\/files\/entaille.mp4?_=14\" \/><a href=\"https:\/\/meca05.fr\/edu\/documentation\/files\/entaille.mp4\">https:\/\/meca05.fr\/edu\/documentation\/files\/entaille.mp4<\/a><\/video><\/div>\n<p>&nbsp;<\/p>\n<p><strong>Ergot :<\/strong><\/p>\n<div style=\"width: 640px;\" class=\"wp-video\"><video class=\"wp-video-shortcode\" id=\"video-1014-15\" width=\"640\" height=\"360\" preload=\"metadata\" controls=\"controls\"><source type=\"video\/mp4\" src=\"https:\/\/meca05.fr\/edu\/documentation\/files\/ergot.mp4?_=15\" \/><a href=\"https:\/\/meca05.fr\/edu\/documentation\/files\/ergot.mp4\">https:\/\/meca05.fr\/edu\/documentation\/files\/ergot.mp4<\/a><\/video><\/div>\n<p>&nbsp;<\/p>\n<p><strong>\u00c9videment :<\/strong><\/p>\n<div style=\"width: 640px;\" class=\"wp-video\"><video class=\"wp-video-shortcode\" id=\"video-1014-16\" width=\"640\" height=\"360\" preload=\"metadata\" controls=\"controls\"><source type=\"video\/mp4\" src=\"https:\/\/meca05.fr\/edu\/documentation\/files\/evidement.mp4?_=16\" \/><a href=\"https:\/\/meca05.fr\/edu\/documentation\/files\/evidement.mp4\">https:\/\/meca05.fr\/edu\/documentation\/files\/evidement.mp4<\/a><\/video><\/div>\n<p>&nbsp;<\/p>\n<p><strong>Fraisure :<\/strong><\/p>\n<div style=\"width: 640px;\" class=\"wp-video\"><video class=\"wp-video-shortcode\" id=\"video-1014-17\" width=\"640\" height=\"360\" preload=\"metadata\" controls=\"controls\"><source type=\"video\/mp4\" src=\"https:\/\/meca05.fr\/edu\/documentation\/files\/fraisure.mp4?_=17\" \/><a href=\"https:\/\/meca05.fr\/edu\/documentation\/files\/fraisure.mp4\">https:\/\/meca05.fr\/edu\/documentation\/files\/fraisure.mp4<\/a><\/video><\/div>\n<p>&nbsp;<\/p>\n<p><strong>Gorge :<\/strong><\/p>\n<div style=\"width: 640px;\" class=\"wp-video\"><video class=\"wp-video-shortcode\" id=\"video-1014-18\" width=\"640\" height=\"360\" preload=\"metadata\" controls=\"controls\"><source type=\"video\/mp4\" src=\"https:\/\/meca05.fr\/edu\/documentation\/files\/gorge.mp4?_=18\" \/><a href=\"https:\/\/meca05.fr\/edu\/documentation\/files\/gorge.mp4\">https:\/\/meca05.fr\/edu\/documentation\/files\/gorge.mp4<\/a><\/video><\/div>\n<p>&nbsp;<\/p>\n<p><strong>Lamage :<\/strong><\/p>\n<div style=\"width: 640px;\" class=\"wp-video\"><video class=\"wp-video-shortcode\" id=\"video-1014-19\" width=\"640\" height=\"360\" preload=\"metadata\" controls=\"controls\"><source type=\"video\/mp4\" src=\"https:\/\/meca05.fr\/edu\/documentation\/files\/lamage.mp4?_=19\" \/><a href=\"https:\/\/meca05.fr\/edu\/documentation\/files\/lamage.mp4\">https:\/\/meca05.fr\/edu\/documentation\/files\/lamage.mp4<\/a><\/video><\/div>\n<p>&nbsp;<\/p>\n<p><strong>Rainure et languette :<\/strong><\/p>\n<div style=\"width: 640px;\" class=\"wp-video\"><video class=\"wp-video-shortcode\" id=\"video-1014-20\" width=\"640\" height=\"360\" preload=\"metadata\" controls=\"controls\"><source type=\"video\/mp4\" src=\"https:\/\/meca05.fr\/edu\/documentation\/files\/languette-rainure.mp4?_=20\" \/><a href=\"https:\/\/meca05.fr\/edu\/documentation\/files\/languette-rainure.mp4\">https:\/\/meca05.fr\/edu\/documentation\/files\/languette-rainure.mp4<\/a><\/video><\/div>\n<p>&nbsp;<\/p>\n<p><strong>M\u00e9plats :<\/strong><\/p>\n<div style=\"width: 640px;\" class=\"wp-video\"><video class=\"wp-video-shortcode\" id=\"video-1014-21\" width=\"640\" height=\"360\" preload=\"metadata\" controls=\"controls\"><source type=\"video\/mp4\" src=\"https:\/\/meca05.fr\/edu\/documentation\/files\/meplat.mp4?_=21\" \/><a href=\"https:\/\/meca05.fr\/edu\/documentation\/files\/meplat.mp4\">https:\/\/meca05.fr\/edu\/documentation\/files\/meplat.mp4<\/a><\/video><\/div>\n<p>&nbsp;<\/p>\n<p><strong>Nervure :<\/strong><\/p>\n<div style=\"width: 640px;\" class=\"wp-video\"><video class=\"wp-video-shortcode\" id=\"video-1014-22\" width=\"640\" height=\"360\" preload=\"metadata\" controls=\"controls\"><source type=\"video\/mp4\" src=\"https:\/\/meca05.fr\/edu\/documentation\/files\/nervure.mp4?_=22\" \/><a href=\"https:\/\/meca05.fr\/edu\/documentation\/files\/nervure.mp4\">https:\/\/meca05.fr\/edu\/documentation\/files\/nervure.mp4<\/a><\/video><\/div>\n<p>&nbsp;<\/p>\n<p><strong>Pige :<\/strong><\/p>\n<div style=\"width: 640px;\" class=\"wp-video\"><video class=\"wp-video-shortcode\" id=\"video-1014-23\" width=\"640\" height=\"360\" preload=\"metadata\" controls=\"controls\"><source type=\"video\/mp4\" src=\"https:\/\/meca05.fr\/edu\/documentation\/files\/piges.mp4?_=23\" \/><a href=\"https:\/\/meca05.fr\/edu\/documentation\/files\/piges.mp4\">https:\/\/meca05.fr\/edu\/documentation\/files\/piges.mp4<\/a><\/video><\/div>\n<p>&nbsp;<\/p>\n<p><strong>Profil\u00e9 :<br \/>\n<\/strong><\/p>\n<div style=\"width: 640px;\" class=\"wp-video\"><video class=\"wp-video-shortcode\" id=\"video-1014-24\" width=\"640\" height=\"360\" preload=\"metadata\" controls=\"controls\"><source type=\"video\/mp4\" src=\"https:\/\/meca05.fr\/edu\/documentation\/files\/profile.mp4?_=24\" \/><a href=\"https:\/\/meca05.fr\/edu\/documentation\/files\/profile.mp4\">https:\/\/meca05.fr\/edu\/documentation\/files\/profile.mp4<\/a><\/video><\/div>\n<p>&nbsp;<\/p>\n<p><strong>Queue d'aronde :<br \/>\n<\/strong><\/p>\n<div style=\"width: 640px;\" class=\"wp-video\"><video class=\"wp-video-shortcode\" id=\"video-1014-25\" width=\"640\" height=\"360\" preload=\"metadata\" controls=\"controls\"><source type=\"video\/mp4\" src=\"https:\/\/meca05.fr\/edu\/documentation\/files\/queue_arronde.mp4?_=25\" \/><a href=\"https:\/\/meca05.fr\/edu\/documentation\/files\/queue_arronde.mp4\">https:\/\/meca05.fr\/edu\/documentation\/files\/queue_arronde.mp4<\/a><\/video><\/div>\n<p>&nbsp;<\/p>\n<p><strong>Saign\u00e9e :<br \/>\n<\/strong><\/p>\n<div style=\"width: 640px;\" class=\"wp-video\"><video class=\"wp-video-shortcode\" id=\"video-1014-26\" width=\"640\" height=\"360\" preload=\"metadata\" controls=\"controls\"><source type=\"video\/mp4\" src=\"https:\/\/meca05.fr\/edu\/documentation\/files\/saignee.mp4?_=26\" \/><a href=\"https:\/\/meca05.fr\/edu\/documentation\/files\/saignee.mp4\">https:\/\/meca05.fr\/edu\/documentation\/files\/saignee.mp4<\/a><\/video><\/div>\n<p>&nbsp;<\/p>\n<p><strong>Tenon &amp; mortaise :<\/strong><\/p>\n<div style=\"width: 640px;\" class=\"wp-video\"><video class=\"wp-video-shortcode\" id=\"video-1014-27\" width=\"640\" height=\"360\" preload=\"metadata\" controls=\"controls\"><source type=\"video\/mp4\" src=\"https:\/\/meca05.fr\/edu\/documentation\/files\/tenon_mortaise.mp4?_=27\" \/><a href=\"https:\/\/meca05.fr\/edu\/documentation\/files\/tenon_mortaise.mp4\">https:\/\/meca05.fr\/edu\/documentation\/files\/tenon_mortaise.mp4<\/a><\/video><\/div>\n<p>&nbsp;<\/p>\n<p><strong>T\u00e9ton :<\/strong><\/p>\n<div style=\"width: 640px;\" class=\"wp-video\"><video class=\"wp-video-shortcode\" id=\"video-1014-28\" width=\"640\" height=\"360\" preload=\"metadata\" controls=\"controls\"><source type=\"video\/mp4\" src=\"https:\/\/meca05.fr\/edu\/documentation\/files\/teton.mp4?_=28\" \/><a href=\"https:\/\/meca05.fr\/edu\/documentation\/files\/teton.mp4\">https:\/\/meca05.fr\/edu\/documentation\/files\/teton.mp4<\/a><\/video><\/div>\n<p>&nbsp;<\/p>\n<p><strong>Trou oblong :<\/strong><\/p>\n<div style=\"width: 640px;\" class=\"wp-video\"><video class=\"wp-video-shortcode\" id=\"video-1014-29\" width=\"640\" height=\"360\" preload=\"metadata\" controls=\"controls\"><source type=\"video\/mp4\" src=\"https:\/\/meca05.fr\/edu\/documentation\/files\/trou_oblong.mp4?_=29\" \/><a href=\"https:\/\/meca05.fr\/edu\/documentation\/files\/trou_oblong.mp4\">https:\/\/meca05.fr\/edu\/documentation\/files\/trou_oblong.mp4<\/a><\/video><\/div>\n<p>.<\/p>\n<p>&nbsp;<\/p>\n<p>&nbsp;<\/p>\n<p>&nbsp;<\/p>\n<p>&nbsp;<\/p>\n<p>&nbsp;<\/p>\n<p>&nbsp;<\/p>\n<p>&nbsp;<\/p>\n<p>&nbsp;<\/p>\n<p>&nbsp;<\/p>\n<p>&nbsp;<\/p>\n","protected":false},"excerpt":{"rendered":"<p>Embase : https:\/\/meca05.fr\/edu\/documentation\/files\/embase.mp4 &nbsp; Cong\u00e9 : https:\/\/meca05.fr\/edu\/documentation\/files\/conge.mp4 &nbsp; Chanfreins : https:\/\/meca05.fr\/edu\/documentation\/files\/chanfrein.mp4 &nbsp; Arbres : https:\/\/meca05.fr\/edu\/documentation\/files\/arbres.mp4 &nbsp; D\u00e9gagement : https:\/\/meca05.fr\/edu\/documentation\/files\/degagement.mp4 &nbsp; Chambrage : https:\/\/meca05.fr\/edu\/documentation\/files\/chambrage.mp4 &nbsp; \u00c9paulement : https:\/\/meca05.fr\/edu\/documentation\/files\/epaulement.mp4 &nbsp; Collet :<\/p>\n","protected":false},"author":6,"featured_media":0,"parent":530,"menu_order":0,"comment_status":"closed","ping_status":"closed","template":"","meta":{"footnotes":""},"class_list":{"1":"page","2":"type-page","3":"status-publish","4":"hentry"},"yoast_head":"<!-- This site is optimized with the Yoast SEO plugin v27.4 - https:\/\/yoast.com\/product\/yoast-seo-wordpress\/ -->\n<title>Vocabulaire technique - Construction M\u00e9canique<\/title>\n<meta name=\"robots\" content=\"index, follow, max-snippet:-1, max-image-preview:large, max-video-preview:-1\" \/>\n<link rel=\"canonical\" href=\"https:\/\/meca05.fr\/edu\/documentation\/vocabulaire-technique\/\" \/>\n<meta property=\"og:locale\" content=\"fr_FR\" \/>\n<meta property=\"og:type\" content=\"article\" \/>\n<meta property=\"og:title\" content=\"Vocabulaire technique - Construction M\u00e9canique\" \/>\n<meta property=\"og:description\" content=\"Embase : https:\/\/meca05.fr\/edu\/documentation\/files\/embase.mp4 &nbsp; Cong\u00e9 : https:\/\/meca05.fr\/edu\/documentation\/files\/conge.mp4 &nbsp; Chanfreins : https:\/\/meca05.fr\/edu\/documentation\/files\/chanfrein.mp4 &nbsp; Arbres : https:\/\/meca05.fr\/edu\/documentation\/files\/arbres.mp4 &nbsp; D\u00e9gagement : https:\/\/meca05.fr\/edu\/documentation\/files\/degagement.mp4 &nbsp; Chambrage : https:\/\/meca05.fr\/edu\/documentation\/files\/chambrage.mp4 &nbsp; \u00c9paulement : https:\/\/meca05.fr\/edu\/documentation\/files\/epaulement.mp4 &nbsp; Collet :\" \/>\n<meta property=\"og:url\" content=\"https:\/\/meca05.fr\/edu\/documentation\/vocabulaire-technique\/\" \/>\n<meta property=\"og:site_name\" content=\"Construction M\u00e9canique\" \/>\n<meta property=\"article:modified_time\" content=\"2023-02-05T06:12:14+00:00\" \/>\n<meta name=\"twitter:label1\" content=\"Dur\u00e9e de lecture estim\u00e9e\" \/>\n\t<meta name=\"twitter:data1\" content=\"1 minute\" \/>\n<script type=\"application\/ld+json\" class=\"yoast-schema-graph\">{\"@context\":\"https:\\\/\\\/schema.org\",\"@graph\":[{\"@type\":\"WebPage\",\"@id\":\"https:\\\/\\\/meca05.fr\\\/edu\\\/documentation\\\/vocabulaire-technique\\\/\",\"url\":\"https:\\\/\\\/meca05.fr\\\/edu\\\/documentation\\\/vocabulaire-technique\\\/\",\"name\":\"Vocabulaire technique - Construction M\u00e9canique\",\"isPartOf\":{\"@id\":\"https:\\\/\\\/meca05.fr\\\/edu\\\/#website\"},\"datePublished\":\"2020-11-25T09:54:40+00:00\",\"dateModified\":\"2023-02-05T06:12:14+00:00\",\"breadcrumb\":{\"@id\":\"https:\\\/\\\/meca05.fr\\\/edu\\\/documentation\\\/vocabulaire-technique\\\/#breadcrumb\"},\"inLanguage\":\"fr-FR\",\"potentialAction\":[{\"@type\":\"ReadAction\",\"target\":[\"https:\\\/\\\/meca05.fr\\\/edu\\\/documentation\\\/vocabulaire-technique\\\/\"]}]},{\"@type\":\"BreadcrumbList\",\"@id\":\"https:\\\/\\\/meca05.fr\\\/edu\\\/documentation\\\/vocabulaire-technique\\\/#breadcrumb\",\"itemListElement\":[{\"@type\":\"ListItem\",\"position\":1,\"name\":\"documentation\",\"item\":\"https:\\\/\\\/meca05.fr\\\/edu\\\/documentation\\\/\"},{\"@type\":\"ListItem\",\"position\":2,\"name\":\"Vocabulaire technique\"}]},{\"@type\":\"WebSite\",\"@id\":\"https:\\\/\\\/meca05.fr\\\/edu\\\/#website\",\"url\":\"https:\\\/\\\/meca05.fr\\\/edu\\\/\",\"name\":\"Construction M\u00e9canique\",\"description\":\"Cours, exercices, mod\u00e8les 3d et bien plus...\",\"potentialAction\":[{\"@type\":\"SearchAction\",\"target\":{\"@type\":\"EntryPoint\",\"urlTemplate\":\"https:\\\/\\\/meca05.fr\\\/edu\\\/?s={search_term_string}\"},\"query-input\":{\"@type\":\"PropertyValueSpecification\",\"valueRequired\":true,\"valueName\":\"search_term_string\"}}],\"inLanguage\":\"fr-FR\"}]}<\/script>\n<!-- \/ Yoast SEO plugin. -->","yoast_head_json":{"title":"Vocabulaire technique - Construction M\u00e9canique","robots":{"index":"index","follow":"follow","max-snippet":"max-snippet:-1","max-image-preview":"max-image-preview:large","max-video-preview":"max-video-preview:-1"},"canonical":"https:\/\/meca05.fr\/edu\/documentation\/vocabulaire-technique\/","og_locale":"fr_FR","og_type":"article","og_title":"Vocabulaire technique - Construction M\u00e9canique","og_description":"Embase : https:\/\/meca05.fr\/edu\/documentation\/files\/embase.mp4 &nbsp; Cong\u00e9 : https:\/\/meca05.fr\/edu\/documentation\/files\/conge.mp4 &nbsp; Chanfreins : https:\/\/meca05.fr\/edu\/documentation\/files\/chanfrein.mp4 &nbsp; Arbres : https:\/\/meca05.fr\/edu\/documentation\/files\/arbres.mp4 &nbsp; D\u00e9gagement : https:\/\/meca05.fr\/edu\/documentation\/files\/degagement.mp4 &nbsp; Chambrage : https:\/\/meca05.fr\/edu\/documentation\/files\/chambrage.mp4 &nbsp; \u00c9paulement : https:\/\/meca05.fr\/edu\/documentation\/files\/epaulement.mp4 &nbsp; Collet :","og_url":"https:\/\/meca05.fr\/edu\/documentation\/vocabulaire-technique\/","og_site_name":"Construction M\u00e9canique","article_modified_time":"2023-02-05T06:12:14+00:00","twitter_misc":{"Dur\u00e9e de lecture estim\u00e9e":"1 minute"},"schema":{"@context":"https:\/\/schema.org","@graph":[{"@type":"WebPage","@id":"https:\/\/meca05.fr\/edu\/documentation\/vocabulaire-technique\/","url":"https:\/\/meca05.fr\/edu\/documentation\/vocabulaire-technique\/","name":"Vocabulaire technique - Construction M\u00e9canique","isPartOf":{"@id":"https:\/\/meca05.fr\/edu\/#website"},"datePublished":"2020-11-25T09:54:40+00:00","dateModified":"2023-02-05T06:12:14+00:00","breadcrumb":{"@id":"https:\/\/meca05.fr\/edu\/documentation\/vocabulaire-technique\/#breadcrumb"},"inLanguage":"fr-FR","potentialAction":[{"@type":"ReadAction","target":["https:\/\/meca05.fr\/edu\/documentation\/vocabulaire-technique\/"]}]},{"@type":"BreadcrumbList","@id":"https:\/\/meca05.fr\/edu\/documentation\/vocabulaire-technique\/#breadcrumb","itemListElement":[{"@type":"ListItem","position":1,"name":"documentation","item":"https:\/\/meca05.fr\/edu\/documentation\/"},{"@type":"ListItem","position":2,"name":"Vocabulaire technique"}]},{"@type":"WebSite","@id":"https:\/\/meca05.fr\/edu\/#website","url":"https:\/\/meca05.fr\/edu\/","name":"Construction M\u00e9canique","description":"Cours, exercices, mod\u00e8les 3d et bien plus...","potentialAction":[{"@type":"SearchAction","target":{"@type":"EntryPoint","urlTemplate":"https:\/\/meca05.fr\/edu\/?s={search_term_string}"},"query-input":{"@type":"PropertyValueSpecification","valueRequired":true,"valueName":"search_term_string"}}],"inLanguage":"fr-FR"}]}},"_links":{"self":[{"href":"https:\/\/meca05.fr\/edu\/wp-json\/wp\/v2\/pages\/1014","targetHints":{"allow":["GET"]}}],"collection":[{"href":"https:\/\/meca05.fr\/edu\/wp-json\/wp\/v2\/pages"}],"about":[{"href":"https:\/\/meca05.fr\/edu\/wp-json\/wp\/v2\/types\/page"}],"author":[{"embeddable":true,"href":"https:\/\/meca05.fr\/edu\/wp-json\/wp\/v2\/users\/6"}],"replies":[{"embeddable":true,"href":"https:\/\/meca05.fr\/edu\/wp-json\/wp\/v2\/comments?post=1014"}],"version-history":[{"count":3,"href":"https:\/\/meca05.fr\/edu\/wp-json\/wp\/v2\/pages\/1014\/revisions"}],"predecessor-version":[{"id":3235,"href":"https:\/\/meca05.fr\/edu\/wp-json\/wp\/v2\/pages\/1014\/revisions\/3235"}],"up":[{"embeddable":true,"href":"https:\/\/meca05.fr\/edu\/wp-json\/wp\/v2\/pages\/530"}],"wp:attachment":[{"href":"https:\/\/meca05.fr\/edu\/wp-json\/wp\/v2\/media?parent=1014"}],"curies":[{"name":"wp","href":"https:\/\/api.w.org\/{rel}","templated":true}]}}